{"id":849,"date":"2023-01-01T07:11:40","date_gmt":"2023-01-01T07:11:40","guid":{"rendered":"https:\/\/cmykprinted.com\/?post_type=product&#038;p=849"},"modified":"2023-01-01T07:22:48","modified_gmt":"2023-01-01T07:22:48","slug":"custom-small-instant-5x5ft-pop-up-canopy-tents-wholesale","status":"publish","type":"product","link":"https:\/\/cmykprinted.com\/pl\/produkt\/custom-small-instant-5x5ft-pop-up-canopy-tents-wholesale\/","title":{"rendered":"Niestandardowe ma\u0142e namioty z natychmiastowym otwieraniem 5x5 st\u00f3p hurtowo"},"content":{"rendered":"","protected":false},"excerpt":{"rendered":"<p>Je\u015bli szukasz pot\u0119\u017cnego narz\u0119dzia promocyjnego, kt\u00f3re mo\u017cna \u0142atwo skonfigurowa\u0107 i dostosowa\u0107, rozk\u0142adany namiot z baldachimem 5x5 st\u00f3p to doskona\u0142y wyb\u00f3r. Ten namiot zosta\u0142 zaprojektowany, aby robi\u0107 wra\u017cenie, wyposa\u017cony w wysokiej jako\u015bci aluminiow\u0105 ram\u0119 z do\u017cywotni\u0105 gwarancj\u0105, w pe\u0142ni spersonalizowan\u0105 g\u00f3r\u0119 oraz opcj\u0119 dodania ty\u0142u i bok\u00f3w dla jeszcze lepszej widoczno\u015bci.<br \/>\nWysuwana konstrukcja tego namiotu sprawia, \u017ce jest on niezwykle \u0142atwy w konfiguracji, dzi\u0119ki czemu mo\u017cesz b\u0142yskawicznie rozpocz\u0105\u0107 prezentacj\u0119 swojego przes\u0142ania. Niezale\u017cnie od tego, czy u\u017cywasz go na targach, imprezie plenerowej, czy w innym miejscu promocyjnym, ten namiot z pewno\u015bci\u0105 przyci\u0105gnie uwag\u0119 docelowych odbiorc\u00f3w i pomo\u017ce Ci wyr\u00f3\u017cni\u0107 si\u0119 na tle konkurencji.<br \/>\nPo co wi\u0119c czeka\u0107? Zainwestuj w rozk\u0142adany namiot z baldachimem o wymiarach 5x5 st\u00f3p ju\u017c dzi\u015b i zacznij promowa\u0107 swoj\u0105 firm\u0119 lub wydarzenie w dobrym stylu!<\/p>\n<div style=\"width: 1280px;\" class=\"wp-video\"><!--[if lt IE 9]><script>document.createElement('video');<\/script><![endif]--><br \/>\n<video class=\"wp-video-shortcode\" id=\"video-849-1\" width=\"1280\" height=\"720\" loop autoplay preload=\"auto\" controls=\"controls\"><source type=\"video\/mp4\" src=\"http:\/\/cmykprinted.com\/wp-content\/uploads\/2022\/12\/10x20ft-Pop-Up-Canopies.mp4?_=1\" \/><a href=\"http:\/\/cmykprinted.com\/wp-content\/uploads\/2022\/12\/10x20ft-Pop-Up-Canopies.mp4\">http:\/\/cmykprinted.com\/wp-content\/uploads\/2022\/12\/10x20ft-Pop-Up-Canopies.mp4<\/a><\/video><\/div>","protected":false},"featured_media":850,"template":"","meta":{"_kad_post_transparent":"default","_kad_post_title":"hide","_kad_post_layout":"fullwidth","_kad_post_sidebar_id":"","_kad_post_content_style":"unboxed","_kad_post_vertical_padding":"hide","_kad_post_feature":"hide","_kad_post_feature_position":"","_kad_post_header":false,"_kad_post_footer":false},"product_cat":[68,69,73],"product_tag":[238,237,239,240],"class_list":{"0":"post-849","1":"product","2":"type-product","3":"status-publish","4":"has-post-thumbnail","6":"product_cat-custom-canopy-tents","7":"product_cat-40mm-hexagon-aluminum-tents","8":"product_cat-5x5ft-custom-pop-up-canopies","9":"product_tag-5x5ft-canopy-tents","10":"product_tag-5x5ft-pop-up-canopy-tents","11":"product_tag-custom-pop-up-canopy-tents","12":"product_tag-small-pop-up-canopy-tents","14":"first","15":"instock","16":"shipping-taxable","17":"product-type-simple","18":"entry","19":"content-bg","20":"loop-entry"},"_links":{"self":[{"href":"https:\/\/cmykprinted.com\/pl\/wp-json\/wp\/v2\/product\/849","targetHints":{"allow":["GET"]}}],"collection":[{"href":"https:\/\/cmykprinted.com\/pl\/wp-json\/wp\/v2\/product"}],"about":[{"href":"https:\/\/cmykprinted.com\/pl\/wp-json\/wp\/v2\/types\/product"}],"version-history":[{"count":1,"href":"https:\/\/cmykprinted.com\/pl\/wp-json\/wp\/v2\/product\/849\/revisions"}],"predecessor-version":[{"id":857,"href":"https:\/\/cmykprinted.com\/pl\/wp-json\/wp\/v2\/product\/849\/revisions\/857"}],"wp:featuredmedia":[{"embeddable":true,"href":"https:\/\/cmykprinted.com\/pl\/wp-json\/wp\/v2\/media\/850"}],"wp:attachment":[{"href":"https:\/\/cmykprinted.com\/pl\/wp-json\/wp\/v2\/media?parent=849"}],"wp:term":[{"taxonomy":"product_cat","embeddable":true,"href":"https:\/\/cmykprinted.com\/pl\/wp-json\/wp\/v2\/product_cat?post=849"},{"taxonomy":"product_tag","embeddable":true,"href":"https:\/\/cmykprinted.com\/pl\/wp-json\/wp\/v2\/product_tag?post=849"}],"curies":[{"name":"wp","href":"https:\/\/api.w.org\/{rel}","templated":true}]}}