{"id":858,"date":"2023-01-01T07:50:37","date_gmt":"2023-01-01T07:50:37","guid":{"rendered":"https:\/\/cmykprinted.com\/?post_type=product&#038;p=858"},"modified":"2023-01-01T07:57:12","modified_gmt":"2023-01-01T07:57:12","slug":"custom-branded-promotional-hand-held-stick-flags-printing","status":"publish","type":"product","link":"https:\/\/cmykprinted.com\/pl\/produkt\/custom-branded-promotional-hand-held-stick-flags-printing\/","title":{"rendered":"Niestandardowe markowe, r\u0119czne drukowanie flag promocyjnych"},"content":{"rendered":"","protected":false},"excerpt":{"rendered":"<p>R\u0119czne flagi w sztyfcie s\u0105 popularnym wyborem dla firm i organizacji, kt\u00f3re chc\u0105 zwi\u0119kszy\u0107 widoczno\u015b\u0107 marki i nawi\u0105za\u0107 kontakt z docelowymi odbiorcami podczas parad, imprez sportowych i innych spotka\u0144 na \u015bwie\u017cym powietrzu. Flagi te s\u0105 szczeg\u00f3lnie popularne w\u015br\u00f3d dzieci i innych uczestnik\u00f3w, kt\u00f3rzy lubi\u0105 macha\u0107 nimi i okazywa\u0107 wsparcie dla okre\u015blonej sprawy lub zespo\u0142u.<br \/>\nJednym z kluczowych punkt\u00f3w sprzeda\u017cy r\u0119cznych flag sztyftowych jest du\u017ca powierzchnia brandingowa, kt\u00f3ra pozwala firmom wykorzysta\u0107 ka\u017cdy milimetr eksponowanej powierzchni poza bia\u0142ym paskiem wok\u00f3\u0142 zamontowanego sztyftu. Zapewnia to firmom wystarczaj\u0105c\u0105 przestrze\u0144 do zaprezentowania to\u017csamo\u015bci marki, logo i przekazu, zapewniaj\u0105c, \u017ce s\u0105 one postrzegane przez du\u017c\u0105 i otwart\u0105 publiczno\u015b\u0107.<br \/>\nOpr\u00f3cz tego, \u017ce s\u0105 skutecznym narz\u0119dziem marketingowym, r\u0119czne flagi sztyftowe s\u0105 r\u00f3wnie\u017c niedrogim wyborem dla firm i organizacji, kt\u00f3re chc\u0105 promowa\u0107 swoj\u0105 mark\u0119. Wykonane s\u0105 z trwa\u0142ych materia\u0142\u00f3w, takich jak poliester lub nylon, i wyposa\u017cone w drewniany lub plastikowy patyk u\u0142atwiaj\u0105cy machanie. Te flagi s\u0105 lekkie i \u0142atwe do przenoszenia, co czyni je praktycznym wyborem na imprezy plenerowe.<br \/>\nOg\u00f3lnie rzecz bior\u0105c, r\u0119czne flagi w sztyfcie s\u0105 op\u0142acalnym i interaktywnym narz\u0119dziem marketingowym, kt\u00f3re mo\u017cna wykorzysta\u0107 do promowania to\u017csamo\u015bci marki i zwi\u0119kszenia widoczno\u015bci podczas r\u00f3\u017cnych wydarze\u0144.<\/p>\n<div style=\"width: 1290px;\" class=\"wp-video\"><!--[if lt IE 9]><script>document.createElement('video');<\/script><![endif]--><br \/>\n<video class=\"wp-video-shortcode\" id=\"video-858-1\" width=\"1290\" height=\"726\" loop autoplay preload=\"auto\" controls=\"controls\"><source type=\"video\/mp4\" src=\"http:\/\/cmykprinted.com\/wp-content\/uploads\/2022\/12\/Custom-Printed-Hand-Flags.mp4?_=1\" \/><a href=\"http:\/\/cmykprinted.com\/wp-content\/uploads\/2022\/12\/Custom-Printed-Hand-Flags.mp4\">http:\/\/cmykprinted.com\/wp-content\/uploads\/2022\/12\/Custom-Printed-Hand-Flags.mp4<\/a><\/video><\/div>\n<p>&nbsp;<\/p>","protected":false},"featured_media":859,"template":"","meta":{"_kad_post_transparent":"default","_kad_post_title":"hide","_kad_post_layout":"fullwidth","_kad_post_sidebar_id":"","_kad_post_content_style":"unboxed","_kad_post_vertical_padding":"hide","_kad_post_feature":"hide","_kad_post_feature_position":"","_kad_post_header":false,"_kad_post_footer":false},"product_cat":[79],"product_tag":[153,243,241,242],"class_list":{"0":"post-858","1":"product","2":"type-product","3":"status-publish","4":"has-post-thumbnail","6":"product_cat-custom-flags","7":"product_tag-custom-hand-flags","8":"product_tag-hand-flags-printing","9":"product_tag-hand-held-stick-flags","10":"product_tag-promotional-hand-flags","12":"first","13":"instock","14":"shipping-taxable","15":"product-type-simple","16":"entry","17":"content-bg","18":"loop-entry"},"_links":{"self":[{"href":"https:\/\/cmykprinted.com\/pl\/wp-json\/wp\/v2\/product\/858","targetHints":{"allow":["GET"]}}],"collection":[{"href":"https:\/\/cmykprinted.com\/pl\/wp-json\/wp\/v2\/product"}],"about":[{"href":"https:\/\/cmykprinted.com\/pl\/wp-json\/wp\/v2\/types\/product"}],"version-history":[{"count":2,"href":"https:\/\/cmykprinted.com\/pl\/wp-json\/wp\/v2\/product\/858\/revisions"}],"predecessor-version":[{"id":865,"href":"https:\/\/cmykprinted.com\/pl\/wp-json\/wp\/v2\/product\/858\/revisions\/865"}],"wp:featuredmedia":[{"embeddable":true,"href":"https:\/\/cmykprinted.com\/pl\/wp-json\/wp\/v2\/media\/859"}],"wp:attachment":[{"href":"https:\/\/cmykprinted.com\/pl\/wp-json\/wp\/v2\/media?parent=858"}],"wp:term":[{"taxonomy":"product_cat","embeddable":true,"href":"https:\/\/cmykprinted.com\/pl\/wp-json\/wp\/v2\/product_cat?post=858"},{"taxonomy":"product_tag","embeddable":true,"href":"https:\/\/cmykprinted.com\/pl\/wp-json\/wp\/v2\/product_tag?post=858"}],"curies":[{"name":"wp","href":"https:\/\/api.w.org\/{rel}","templated":true}]}}