{"id":866,"date":"2023-01-01T08:19:36","date_gmt":"2023-01-01T08:19:36","guid":{"rendered":"https:\/\/cmykprinted.com\/?post_type=product&#038;p=866"},"modified":"2023-01-01T08:25:52","modified_gmt":"2023-01-01T08:25:52","slug":"promotional-advertising-color-printing-custom-table-runner","status":"publish","type":"product","link":"https:\/\/cmykprinted.com\/pl\/produkt\/promotional-advertising-color-printing-custom-table-runner\/","title":{"rendered":"Reklama promocyjna, druk kolorowy, bie\u017cnik na st\u00f3\u0142 niestandardowy"},"content":{"rendered":"","protected":false},"excerpt":{"rendered":"<p>Czy potrzebujesz wysokiej jako\u015bci, niestandardowych bie\u017cnik\u00f3w na nast\u0119pne wydarzenie lub targi? Nie szukaj dalej! W naszej fabryce oferujemy najwy\u017cszej jako\u015bci obrusy, kt\u00f3re idealnie nadaj\u0105 si\u0119 zar\u00f3wno na imprezy prywatne, jak i zawodowe. Nasze bie\u017cniki wykonane s\u0105 z wysokiej jako\u015bci tkaniny poliestrowej i posiadaj\u0105 nadruk sublimacyjny w rozdzielczo\u015bci 1440 DPI w pe\u0142nym kolorze, dzi\u0119ki czemu s\u0105 trwa\u0142e i skuteczne w reklamowaniu Twojej firmy lub promowaniu Twojego logo.<br \/>\nTe niestandardowe bie\u017cniki to \u015bwietny spos\u00f3b na oznakowanie Twojej firmy lub dodanie odrobiny wystroju i elegancji do ka\u017cdego sto\u0142u. S\u0105 dost\u0119pne w predefiniowanych wymiarach 2&#039;x7,5&#039; lub mo\u017cesz wybra\u0107 opcj\u0119 rozmiaru niestandardowego, aby uzyska\u0107 dok\u0142adnie taki rozmiar, jakiego potrzebujesz. Po prostu po\u0142\u00f3\u017c je na solidnym nakryciu sto\u0142u, aby nada\u0107 wydarzeniu profesjonalny i sp\u00f3jny wygl\u0105d.<br \/>\nNiezale\u017cnie od tego, czy bierzesz udzia\u0142 w targach, organizujesz konferencj\u0119, czy planujesz zbi\u00f3rk\u0119 pieni\u0119dzy, niestandardowy bie\u017cnik na st\u00f3\u0142 to doskona\u0142y wyb\u00f3r, aby skutecznie promowa\u0107 Twoj\u0105 mark\u0119 i wywrze\u0107 niezatarte wra\u017cenie. Nie przegap tej okazji, aby doda\u0107 wysokiej jako\u015bci i profesjonalnego akcentu do swojego wydarzenia.<\/p>","protected":false},"featured_media":867,"template":"","meta":{"_kad_post_transparent":"default","_kad_post_title":"hide","_kad_post_layout":"fullwidth","_kad_post_sidebar_id":"","_kad_post_content_style":"unboxed","_kad_post_vertical_padding":"hide","_kad_post_feature":"hide","_kad_post_feature_position":"","_kad_post_header":false,"_kad_post_footer":false},"product_cat":[80,82],"product_tag":[246,244,245],"class_list":{"0":"post-866","1":"product","2":"type-product","3":"status-publish","4":"has-post-thumbnail","6":"product_cat-custom-tablecloth","7":"product_cat-custom-table-runner","8":"product_tag-advertising-table-runner","9":"product_tag-custom-table-runner","10":"product_tag-promotional-table-runner","12":"first","13":"instock","14":"shipping-taxable","15":"product-type-simple","16":"entry","17":"content-bg","18":"loop-entry"},"_links":{"self":[{"href":"https:\/\/cmykprinted.com\/pl\/wp-json\/wp\/v2\/product\/866","targetHints":{"allow":["GET"]}}],"collection":[{"href":"https:\/\/cmykprinted.com\/pl\/wp-json\/wp\/v2\/product"}],"about":[{"href":"https:\/\/cmykprinted.com\/pl\/wp-json\/wp\/v2\/types\/product"}],"version-history":[{"count":2,"href":"https:\/\/cmykprinted.com\/pl\/wp-json\/wp\/v2\/product\/866\/revisions"}],"predecessor-version":[{"id":874,"href":"https:\/\/cmykprinted.com\/pl\/wp-json\/wp\/v2\/product\/866\/revisions\/874"}],"wp:featuredmedia":[{"embeddable":true,"href":"https:\/\/cmykprinted.com\/pl\/wp-json\/wp\/v2\/media\/867"}],"wp:attachment":[{"href":"https:\/\/cmykprinted.com\/pl\/wp-json\/wp\/v2\/media?parent=866"}],"wp:term":[{"taxonomy":"product_cat","embeddable":true,"href":"https:\/\/cmykprinted.com\/pl\/wp-json\/wp\/v2\/product_cat?post=866"},{"taxonomy":"product_tag","embeddable":true,"href":"https:\/\/cmykprinted.com\/pl\/wp-json\/wp\/v2\/product_tag?post=866"}],"curies":[{"name":"wp","href":"https:\/\/api.w.org\/{rel}","templated":true}]}}