{"id":875,"date":"2023-01-01T08:42:13","date_gmt":"2023-01-01T08:42:13","guid":{"rendered":"https:\/\/cmykprinted.com\/?post_type=product&#038;p=875"},"modified":"2023-01-01T08:53:01","modified_gmt":"2023-01-01T08:53:01","slug":"wholesale-personalized-advertising-matte-pvc-vinyl-banner","status":"publish","type":"product","link":"https:\/\/cmykprinted.com\/pl\/produkt\/wholesale-personalized-advertising-matte-pvc-vinyl-banner\/","title":{"rendered":"Hurtownia spersonalizowanych baner\u00f3w reklamowych z matowego PVC"},"content":{"rendered":"","protected":false},"excerpt":{"rendered":"<p>Je\u015bli potrzebujesz trwa\u0142ego i trwa\u0142ego rozwi\u0105zania reklamowego dla swojej firmy, nasze matowe banery winylowe z PVC mog\u0105 by\u0107 idealnym wyborem. Wykonane z wytrzyma\u0142ego, elastycznego materia\u0142u PVC, banery te zapewniaj\u0105 doskona\u0142\u0105 spr\u0119\u017cysto\u015b\u0107 i wytrzyma\u0142o\u015b\u0107 na trudne warunki zewn\u0119trzne, dzi\u0119ki czemu nadaj\u0105 si\u0119 do u\u017cytku na zewn\u0105trz.<br \/>\nNiezale\u017cnie od tego, czy promujesz wydarzenie, prezentujesz swoje produkty lub us\u0142ugi, czy po prostu dzielisz si\u0119 wa\u017cnymi informacjami z odbiorcami, nasze niestandardowe matowe banery s\u0105 skutecznym i ekonomicznym wyborem. Ich trwa\u0142y charakter pozwala im wytrzyma\u0107 \u017cywio\u0142y i zapewni\u0107 d\u0142ugotrwa\u0142\u0105 obs\u0142ug\u0119, dzi\u0119ki czemu mo\u017cna je ponownie wykorzysta\u0107 w razie potrzeby.<br \/>\nJedn\u0105 z zalet korzystania z matowych baner\u00f3w winylowych z PVC jest to, \u017ce mog\u0105 one pom\u00f3c obni\u017cy\u0107 og\u00f3lne wydatki na reklam\u0119 Twojego obiektu. Poniewa\u017c s\u0105 tak trwa\u0142e i trwa\u0142e, nie b\u0119dziesz musia\u0142 martwi\u0107 si\u0119 cz\u0119stymi zakupami lub wymian\u0105. W d\u0142u\u017cszej perspektywie mo\u017ce to zaoszcz\u0119dzi\u0107 czas i pieni\u0105dze, a jednocze\u015bnie zapewni\u0107, \u017ce Twoje banery pozostan\u0105 w doskona\u0142ym stanie i b\u0119d\u0105 nadal skutecznie promowa\u0107 Twoj\u0105 firm\u0119.<br \/>\nPodsumowuj\u0105c, nasze matowe banery winylowe z PVC to niezawodny i ekonomiczny wyb\u00f3r do reklamy Twojej firmy na zewn\u0105trz. Ich solidny materia\u0142 i trwa\u0142a konstrukcja sprawiaj\u0105, \u017ce nadaj\u0105 si\u0119 do d\u0142ugotrwa\u0142ego u\u017cytkowania, pomagaj\u0105c zaoszcz\u0119dzi\u0107 pieni\u0105dze i osi\u0105gn\u0105\u0107 cele reklamowe.<\/p>\n<div style=\"width: 1280px;\" class=\"wp-video\"><!--[if lt IE 9]><script>document.createElement('video');<\/script><![endif]--><br \/>\n<video class=\"wp-video-shortcode\" id=\"video-875-1\" width=\"1280\" height=\"720\" loop autoplay preload=\"metadata\" controls=\"controls\"><source type=\"video\/mp4\" src=\"http:\/\/cmykprinted.com\/wp-content\/uploads\/2022\/12\/PVC-Mesh-Banner.mp4?_=1\" \/><a href=\"http:\/\/cmykprinted.com\/wp-content\/uploads\/2022\/12\/PVC-Mesh-Banner.mp4\">http:\/\/cmykprinted.com\/wp-content\/uploads\/2022\/12\/PVC-Mesh-Banner.mp4<\/a><\/video><\/div>","protected":false},"featured_media":876,"template":"","meta":{"_kad_post_transparent":"default","_kad_post_title":"hide","_kad_post_layout":"fullwidth","_kad_post_sidebar_id":"","_kad_post_content_style":"unboxed","_kad_post_vertical_padding":"hide","_kad_post_feature":"hide","_kad_post_feature_position":"","_kad_post_header":false,"_kad_post_footer":false},"product_cat":[85,90,91,89,88],"product_tag":[189,191,188,190,187],"class_list":{"0":"post-875","1":"product","2":"type-product","3":"status-publish","4":"has-post-thumbnail","6":"product_cat-outdoor-vinyl-banners","7":"product_cat-glossy-pvc-banners","8":"product_cat-matte-vinyl-banners","9":"product_cat-pvc-banners","10":"product_cat-pvc-mesh-banners","11":"product_tag-advertising-mesh-banner","12":"product_tag-all-weather-mesh-banner","13":"product_tag-mesh-banner-printing","14":"product_tag-outdoor-mesh-banner","15":"product_tag-pvc-mesh-banner","17":"first","18":"instock","19":"shipping-taxable","20":"product-type-simple","21":"entry","22":"content-bg","23":"loop-entry"},"_links":{"self":[{"href":"https:\/\/cmykprinted.com\/pl\/wp-json\/wp\/v2\/product\/875","targetHints":{"allow":["GET"]}}],"collection":[{"href":"https:\/\/cmykprinted.com\/pl\/wp-json\/wp\/v2\/product"}],"about":[{"href":"https:\/\/cmykprinted.com\/pl\/wp-json\/wp\/v2\/types\/product"}],"version-history":[{"count":2,"href":"https:\/\/cmykprinted.com\/pl\/wp-json\/wp\/v2\/product\/875\/revisions"}],"predecessor-version":[{"id":883,"href":"https:\/\/cmykprinted.com\/pl\/wp-json\/wp\/v2\/product\/875\/revisions\/883"}],"wp:featuredmedia":[{"embeddable":true,"href":"https:\/\/cmykprinted.com\/pl\/wp-json\/wp\/v2\/media\/876"}],"wp:attachment":[{"href":"https:\/\/cmykprinted.com\/pl\/wp-json\/wp\/v2\/media?parent=875"}],"wp:term":[{"taxonomy":"product_cat","embeddable":true,"href":"https:\/\/cmykprinted.com\/pl\/wp-json\/wp\/v2\/product_cat?post=875"},{"taxonomy":"product_tag","embeddable":true,"href":"https:\/\/cmykprinted.com\/pl\/wp-json\/wp\/v2\/product_tag?post=875"}],"curies":[{"name":"wp","href":"https:\/\/api.w.org\/{rel}","templated":true}]}}