{"id":884,"date":"2023-01-01T12:57:04","date_gmt":"2023-01-01T12:57:04","guid":{"rendered":"https:\/\/cmykprinted.com\/?post_type=product&#038;p=884"},"modified":"2023-01-01T13:07:05","modified_gmt":"2023-01-01T13:07:05","slug":"portable-advertising-a-frame-round-pop-up-banners-stand","status":"publish","type":"product","link":"https:\/\/cmykprinted.com\/pl\/produkt\/portable-advertising-a-frame-round-pop-up-banners-stand\/","title":{"rendered":"Przeno\u015bny stojak reklamowy w kszta\u0142cie litery A, okr\u0105g\u0142y, pop-up"},"content":{"rendered":"","protected":false},"excerpt":{"rendered":"<p>Okr\u0105g\u0142e wyskakuj\u0105ce banery oferuj\u0105 wyj\u0105tkow\u0105 i oszcz\u0119dzaj\u0105c\u0105 miejsce opcj\u0119 do wy\u015bwietlania na chodnikach. Banery te drukowane s\u0105 metod\u0105 sublimacji, kt\u00f3ra zapewnia d\u0142ugotrwa\u0142y i trwa\u0142y efekt, nawet przy wystawieniu na bezpo\u015brednie dzia\u0142anie promieni s\u0142onecznych. Zastosowanie stalowej ramy sprawia, \u017ce banery te s\u0105 lekkie i wytrzyma\u0142e, a w komplecie znajduj\u0105 si\u0119 ko\u0142ki, za pomoc\u0105 kt\u00f3rych mo\u017cna w razie potrzeby przymocowa\u0107 baner do pod\u0142o\u017ca. Te wyskakuj\u0105ce banery s\u0105 wszechstronne i mog\u0105 by\u0107 u\u017cywane zar\u00f3wno wewn\u0105trz, jak i na zewn\u0105trz, co czyni je doskona\u0142ym wyborem dla r\u00f3\u017cnych wydarze\u0144 i lokalizacji, takich jak imprezy sportowe, turnieje, festiwale, o\u015brodki narciarskie i inne. S\u0105 idealnym wyborem dla ka\u017cdego, kto chce z\u0142o\u017cy\u0107 o\u015bwiadczenie i wyr\u00f3\u017cni\u0107 si\u0119 w zat\u0142oczonym i ruchliwym otoczeniu.<\/p>\n<div style=\"width: 1280px;\" class=\"wp-video\"><!--[if lt IE 9]><script>document.createElement('video');<\/script><![endif]--><br \/>\n<video class=\"wp-video-shortcode\" id=\"video-884-1\" width=\"1280\" height=\"720\" loop autoplay preload=\"metadata\" controls=\"controls\"><source type=\"video\/mp4\" src=\"http:\/\/cmykprinted.com\/wp-content\/uploads\/2022\/12\/Triangle-Pop-Up-Banners.mp4?_=1\" \/><a href=\"http:\/\/cmykprinted.com\/wp-content\/uploads\/2022\/12\/Triangle-Pop-Up-Banners.mp4\">http:\/\/cmykprinted.com\/wp-content\/uploads\/2022\/12\/Triangle-Pop-Up-Banners.mp4<\/a><\/video><\/div>","protected":false},"featured_media":885,"template":"","meta":{"_kad_post_transparent":"default","_kad_post_title":"hide","_kad_post_layout":"fullwidth","_kad_post_sidebar_id":"","_kad_post_content_style":"unboxed","_kad_post_vertical_padding":"hide","_kad_post_feature":"hide","_kad_post_feature_position":"","_kad_post_header":false,"_kad_post_footer":false},"product_cat":[92,93],"product_tag":[248,224,249,247],"class_list":{"0":"post-884","1":"product","2":"type-product","3":"status-publish","4":"has-post-thumbnail","6":"product_cat-pop-up-banners","7":"product_cat-circle-pop-up-banners","8":"product_tag-a-frame-pop-up-banne","9":"product_tag-advertising-pop-up-banners","10":"product_tag-portable-pop-up-banners","11":"product_tag-round-pop-up-banners","13":"first","14":"instock","15":"shipping-taxable","16":"product-type-simple","17":"entry","18":"content-bg","19":"loop-entry"},"_links":{"self":[{"href":"https:\/\/cmykprinted.com\/pl\/wp-json\/wp\/v2\/product\/884","targetHints":{"allow":["GET"]}}],"collection":[{"href":"https:\/\/cmykprinted.com\/pl\/wp-json\/wp\/v2\/product"}],"about":[{"href":"https:\/\/cmykprinted.com\/pl\/wp-json\/wp\/v2\/types\/product"}],"version-history":[{"count":1,"href":"https:\/\/cmykprinted.com\/pl\/wp-json\/wp\/v2\/product\/884\/revisions"}],"predecessor-version":[{"id":892,"href":"https:\/\/cmykprinted.com\/pl\/wp-json\/wp\/v2\/product\/884\/revisions\/892"}],"wp:featuredmedia":[{"embeddable":true,"href":"https:\/\/cmykprinted.com\/pl\/wp-json\/wp\/v2\/media\/885"}],"wp:attachment":[{"href":"https:\/\/cmykprinted.com\/pl\/wp-json\/wp\/v2\/media?parent=884"}],"wp:term":[{"taxonomy":"product_cat","embeddable":true,"href":"https:\/\/cmykprinted.com\/pl\/wp-json\/wp\/v2\/product_cat?post=884"},{"taxonomy":"product_tag","embeddable":true,"href":"https:\/\/cmykprinted.com\/pl\/wp-json\/wp\/v2\/product_tag?post=884"}],"curies":[{"name":"wp","href":"https:\/\/api.w.org\/{rel}","templated":true}]}}