{"id":904,"date":"2023-01-11T13:28:48","date_gmt":"2023-01-11T13:28:48","guid":{"rendered":"https:\/\/cmykprinted.com\/?post_type=product&#038;p=904"},"modified":"2023-01-12T06:44:08","modified_gmt":"2023-01-12T06:44:08","slug":"uv-3d-dtf-vinyl-adhesive-transfer-stickers-labels-printing","status":"publish","type":"product","link":"https:\/\/cmykprinted.com\/pl\/produkt\/uv-3d-dtf-vinyl-adhesive-transfer-stickers-labels-printing\/","title":{"rendered":"Naklejki transferowe winylowe UV 3D DTF Drukowanie etykiet"},"content":{"rendered":"","protected":false},"excerpt":{"rendered":"<p>Przedstawiamy nasz\u0105 now\u0105 niestandardow\u0105 naklejk\u0119 UV z unikalnym efektem stereo 3D. Mo\u017cesz zaprojektowa\u0107 w\u0142asny wz\u00f3r, logo lub tekst dla naklejek. Wykonane z pasty transferowej UV naklejki s\u0105 bardzo przyczepne, wodoodporne i odporne na zarysowania. Nale\u017cy jednak pami\u0119ta\u0107, \u017ce u\u017cycie gor\u0105cej wody lub podgrzewania mo\u017ce wp\u0142yn\u0105\u0107 na lepko\u015b\u0107 pasty. Naklejki te mo\u017cna nak\u0142ada\u0107 na r\u00f3\u017cne g\u0142adkie powierzchnie, w tym metal, plastik, szk\u0142o, powierzchnie malowane, ksi\u0105\u017cki, karton, drewno, a nawet samochody (tylko upewnij si\u0119, \u017ce powierzchnia jest czysta przed na\u0142o\u017ceniem). Rozmiar wydruku naklejek to A3 (11 x 16 cali), a ilo\u015b\u0107 naklejek, kt\u00f3re otrzymasz, b\u0119dzie zale\u017ca\u0142a od wybranego rozmiaru. Je\u015bli potrzebujesz wi\u0119kszej ilo\u015bci, daj nam zna\u0107 z wyprzedzeniem. Dodatkowo, aby uzyska\u0107 najlepsze wyniki, prze\u015blij zdj\u0119cia wysokiej jako\u015bci, w wysokiej rozdzielczo\u015bci, wyra\u017ane, wi\u0119ksze, w trybie makro i ostre. Im wy\u017csza jako\u015b\u0107 zdj\u0119cia, tym lepszy efekt ko\u0144cowy.<\/p>\n<div style=\"width: 1280px;\" class=\"wp-video\"><!--[if lt IE 9]><script>document.createElement('video');<\/script><![endif]--><br \/>\n<video class=\"wp-video-shortcode\" id=\"video-904-1\" width=\"1280\" height=\"720\" loop autoplay preload=\"auto\" controls=\"controls\"><source type=\"video\/mp4\" src=\"http:\/\/cmykprinted.com\/wp-content\/uploads\/2022\/12\/UV-transfer-stickers.mp4?_=1\" \/><a href=\"http:\/\/cmykprinted.com\/wp-content\/uploads\/2022\/12\/UV-transfer-stickers.mp4\">http:\/\/cmykprinted.com\/wp-content\/uploads\/2022\/12\/UV-transfer-stickers.mp4<\/a><\/video><\/div>","protected":false},"featured_media":905,"template":"","meta":{"_kad_post_transparent":"default","_kad_post_title":"hide","_kad_post_layout":"fullwidth","_kad_post_sidebar_id":"","_kad_post_content_style":"unboxed","_kad_post_vertical_padding":"hide","_kad_post_feature":"hide","_kad_post_feature_position":"","_kad_post_header":false,"_kad_post_footer":false},"product_cat":[101,103],"product_tag":[202,252,251,250],"class_list":{"0":"post-904","1":"product","2":"type-product","3":"status-publish","4":"has-post-thumbnail","6":"product_cat-transfer-stickers","7":"product_cat-uv-transfer-stickers","8":"product_tag-adhesive-transfer-stickers","9":"product_tag-dtf-transfer-stickers","10":"product_tag-uv-3d-stickers","11":"product_tag-vinyl-transfer-stickers","13":"first","14":"instock","15":"shipping-taxable","16":"product-type-simple","17":"entry","18":"content-bg","19":"loop-entry"},"_links":{"self":[{"href":"https:\/\/cmykprinted.com\/pl\/wp-json\/wp\/v2\/product\/904","targetHints":{"allow":["GET"]}}],"collection":[{"href":"https:\/\/cmykprinted.com\/pl\/wp-json\/wp\/v2\/product"}],"about":[{"href":"https:\/\/cmykprinted.com\/pl\/wp-json\/wp\/v2\/types\/product"}],"version-history":[{"count":3,"href":"https:\/\/cmykprinted.com\/pl\/wp-json\/wp\/v2\/product\/904\/revisions"}],"predecessor-version":[{"id":912,"href":"https:\/\/cmykprinted.com\/pl\/wp-json\/wp\/v2\/product\/904\/revisions\/912"}],"wp:featuredmedia":[{"embeddable":true,"href":"https:\/\/cmykprinted.com\/pl\/wp-json\/wp\/v2\/media\/905"}],"wp:attachment":[{"href":"https:\/\/cmykprinted.com\/pl\/wp-json\/wp\/v2\/media?parent=904"}],"wp:term":[{"taxonomy":"product_cat","embeddable":true,"href":"https:\/\/cmykprinted.com\/pl\/wp-json\/wp\/v2\/product_cat?post=904"},{"taxonomy":"product_tag","embeddable":true,"href":"https:\/\/cmykprinted.com\/pl\/wp-json\/wp\/v2\/product_tag?post=904"}],"curies":[{"name":"wp","href":"https:\/\/api.w.org\/{rel}","templated":true}]}}