{"id":913,"date":"2023-01-13T12:49:09","date_gmt":"2023-01-13T12:49:09","guid":{"rendered":"https:\/\/cmykprinted.com\/?post_type=product&#038;p=913"},"modified":"2023-01-13T12:59:43","modified_gmt":"2023-01-13T12:59:43","slug":"custom-personalized-teardrop-shaped-advertising-flags","status":"publish","type":"product","link":"https:\/\/cmykprinted.com\/pl\/produkt\/custom-personalized-teardrop-shaped-advertising-flags\/","title":{"rendered":"Niestandardowe spersonalizowane flagi reklamowe w kszta\u0142cie \u0142ezki"},"content":{"rendered":"","protected":false},"excerpt":{"rendered":"<p>Flagi reklamowe w kszta\u0142cie \u0142ezki, zwane r\u00f3wnie\u017c banerami z pi\u00f3r, to doskona\u0142y spos\u00f3b na promocj\u0119 firmy i przyci\u0105gni\u0119cie uwagi potencjalnych klient\u00f3w. Dzi\u0119ki wielu dost\u0119pnym opcjom nasze flagi mog\u0105 by\u0107 u\u017cywane zar\u00f3wno wewn\u0105trz, jak i na zewn\u0105trz, co czyni je wszechstronnym wyborem dla ka\u017cdej firmy.<br \/>\nNasze flagi s\u0105 dost\u0119pne z wieloma opcjami podstaw, w tym z kolcami do ziemi i podstawami krzy\u017cowymi, aby zapewni\u0107, \u017ce mo\u017cna je umie\u015bci\u0107 w dowolnym miejscu. Oferujemy r\u00f3wnie\u017c mo\u017cliwo\u015b\u0107 druku zar\u00f3wno jednostronnego, jak i dwustronnego, dzi\u0119ki czemu Twoja reklama b\u0119dzie widoczna z ka\u017cdej strony.<br \/>\nNasze flagi s\u0105 wykonane z wytrzyma\u0142ego 3,24 uncji. tkanina poliestrowa i s\u0105 drukowane atramentem odpornym na promieniowanie UV, aby zapewni\u0107, \u017ce mog\u0105 wytrzyma\u0107 elementy i trwa\u0107 przez d\u0142ugi czas. Flagi s\u0105 r\u00f3wnie\u017c lekkie i \u0142atwe w transporcie, dzi\u0119ki czemu idealnie nadaj\u0105 si\u0119 na imprezy i targi.<br \/>\nKupuj\u0105c jeden z naszych zestaw\u00f3w maszt\u00f3w, otrzymasz r\u00f3wnie\u017c torb\u0119 podr\u00f3\u017cn\u0105, kt\u00f3ra u\u0142atwi transport flagi w r\u00f3\u017cne miejsca. Dzi\u0119ki naszym wysokiej jako\u015bci flagom i wygodnym opcjom podr\u00f3\u017cy mo\u017cesz mie\u0107 pewno\u015b\u0107, \u017ce Twoja firma b\u0119dzie widoczna, gdziekolwiek si\u0119 udasz.<\/p>\n<div style=\"width: 1280px;\" class=\"wp-video\"><!--[if lt IE 9]><script>document.createElement('video');<\/script><![endif]--><br \/>\n<video class=\"wp-video-shortcode\" id=\"video-913-1\" width=\"1280\" height=\"720\" loop autoplay preload=\"metadata\" controls=\"controls\"><source type=\"video\/mp4\" src=\"http:\/\/cmykprinted.com\/wp-content\/uploads\/2022\/12\/Feather-beach-flags.mp4?_=1\" \/><a href=\"http:\/\/cmykprinted.com\/wp-content\/uploads\/2022\/12\/Feather-beach-flags.mp4\">http:\/\/cmykprinted.com\/wp-content\/uploads\/2022\/12\/Feather-beach-flags.mp4<\/a><\/video><\/div>","protected":false},"featured_media":914,"template":"","meta":{"_kad_post_transparent":"default","_kad_post_title":"hide","_kad_post_layout":"fullwidth","_kad_post_sidebar_id":"","_kad_post_content_style":"unboxed","_kad_post_vertical_padding":"hide","_kad_post_feature":"hide","_kad_post_feature_position":"","_kad_post_header":false,"_kad_post_footer":false},"product_cat":[64,67],"product_tag":[254,255,256,253],"class_list":{"0":"post-913","1":"product","2":"type-product","3":"status-publish","4":"has-post-thumbnail","6":"product_cat-beach-flags","7":"product_cat-teardrop-flags-banners","8":"product_tag-custom-teardrop-flags","9":"product_tag-personalized-teardrop-flags","10":"product_tag-teardrop-advertising-flags","11":"product_tag-teardrop-shaped-advertising-flags","13":"first","14":"instock","15":"shipping-taxable","16":"product-type-simple","17":"entry","18":"content-bg","19":"loop-entry"},"_links":{"self":[{"href":"https:\/\/cmykprinted.com\/pl\/wp-json\/wp\/v2\/product\/913","targetHints":{"allow":["GET"]}}],"collection":[{"href":"https:\/\/cmykprinted.com\/pl\/wp-json\/wp\/v2\/product"}],"about":[{"href":"https:\/\/cmykprinted.com\/pl\/wp-json\/wp\/v2\/types\/product"}],"version-history":[{"count":2,"href":"https:\/\/cmykprinted.com\/pl\/wp-json\/wp\/v2\/product\/913\/revisions"}],"predecessor-version":[{"id":920,"href":"https:\/\/cmykprinted.com\/pl\/wp-json\/wp\/v2\/product\/913\/revisions\/920"}],"wp:featuredmedia":[{"embeddable":true,"href":"https:\/\/cmykprinted.com\/pl\/wp-json\/wp\/v2\/media\/914"}],"wp:attachment":[{"href":"https:\/\/cmykprinted.com\/pl\/wp-json\/wp\/v2\/media?parent=913"}],"wp:term":[{"taxonomy":"product_cat","embeddable":true,"href":"https:\/\/cmykprinted.com\/pl\/wp-json\/wp\/v2\/product_cat?post=913"},{"taxonomy":"product_tag","embeddable":true,"href":"https:\/\/cmykprinted.com\/pl\/wp-json\/wp\/v2\/product_tag?post=913"}],"curies":[{"name":"wp","href":"https:\/\/api.w.org\/{rel}","templated":true}]}}