{"id":921,"date":"2023-01-13T13:12:06","date_gmt":"2023-01-13T13:12:06","guid":{"rendered":"https:\/\/cmykprinted.com\/?post_type=product&#038;p=921"},"modified":"2023-01-13T13:59:27","modified_gmt":"2023-01-13T13:59:27","slug":"promotional-5-x-5-pop-up-tent-outdoor-indoor-canopy-tent","status":"publish","type":"product","link":"https:\/\/cmykprinted.com\/pl\/produkt\/promotional-5-x-5-pop-up-tent-outdoor-indoor-canopy-tent\/","title":{"rendered":"Namiot promocyjny 5\u2032 x 5\u2032 typu pop-up do u\u017cytku na zewn\u0105trz i wewn\u0105trz"},"content":{"rendered":"","protected":false},"excerpt":{"rendered":"<p>Ten rozk\u0142adany namiot 5\u00d75 to idealne rozwi\u0105zanie zapewniaj\u0105ce cie\u0144 i schronienie podczas wyprzeda\u017cy na chodniku, stoiska rolnik\u00f3w lub imprezy plenerowej. Dost\u0119pne w r\u00f3\u017cnych kolorach, w tym bia\u0142ym, zielonym, czerwonym, granatowym i czarnym, mo\u017cesz wybra\u0107 idealny kolor pasuj\u0105cy do wydarzenia lub marki. Namiot jest wykonany z wytrzyma\u0142ego aluminium, dzi\u0119ki czemu mo\u017cna go \u0142atwo z\u0142o\u017cy\u0107 w kilka sekund, a po zako\u0144czeniu u\u017cytkowania mie\u015bci si\u0119 w walizce z k\u00f3\u0142kami, co u\u0142atwia transport i przechowywanie.<br \/>\nTen komercyjny rozk\u0142adany namiot 5\u00d75 jest mocno utrzymywany na miejscu za pomoc\u0105 ko\u0142k\u00f3w kotwi\u0105cych i tworzy \u0142\u0105cznie 25 st\u00f3p kwadratowych cienia. Jest idealny na imprezy plenerowe, ma\u0142e stanowiska odpraw, mecze sportowe lub wycieczki na pla\u017c\u0119, poniewa\u017c wygodnie mie\u015bci oko\u0142o dw\u00f3ch le\u017cak\u00f3w lub ma\u0142ego stolika i mo\u017ce wytrzyma\u0107 wiatr o pr\u0119dko\u015bci 30 mil na godzin\u0119. Kolorowa markiza poliestrowa jest ognioodporna i certyfikowana do test\u00f3w ci\u015bnienia hydrostatycznego jako bezpieczne rozwi\u0105zanie komercyjne. Teleskopowe nogi zwalniaj\u0105ce zawleczk\u0119 mo\u017cna regulowa\u0107 w pi\u0119ciu ustawieniach wysoko\u015bci za pomoc\u0105 d\u017awigni popychaj\u0105cych, kt\u00f3re blokuj\u0105 si\u0119 na swoim miejscu.<br \/>\nNasz rozk\u0142adany namiot klasy komercyjnej 5\u00d75 to wygodny spos\u00f3b na szybkie ustawienie zacienionej przestrzeni do pracy lub zabawy w ci\u0105gu kilku sekund. Niezale\u017cnie od tego, czy prowadzisz firm\u0119, czy po prostu szukasz wygodnego sposobu na sp\u0119dzanie czasu na \u015bwie\u017cym powietrzu, ten namiot jest idealnym wyborem. Dzi\u0119ki wytrzyma\u0142ej aluminiowej ramie i \u0142atwej w monta\u017cu konstrukcji jest idealnym dodatkiem do ka\u017cdego wydarzenia lub spotkania na \u015bwie\u017cym powietrzu.<\/p>\n<div style=\"width: 1280px;\" class=\"wp-video\"><!--[if lt IE 9]><script>document.createElement('video');<\/script><![endif]--><br \/>\n<video class=\"wp-video-shortcode\" id=\"video-921-1\" width=\"1280\" height=\"720\" loop autoplay preload=\"auto\" controls=\"controls\"><source type=\"video\/mp4\" src=\"http:\/\/cmykprinted.com\/wp-content\/uploads\/2022\/12\/10x20ft-Pop-Up-Canopies.mp4?_=1\" \/><a href=\"http:\/\/cmykprinted.com\/wp-content\/uploads\/2022\/12\/10x20ft-Pop-Up-Canopies.mp4\">http:\/\/cmykprinted.com\/wp-content\/uploads\/2022\/12\/10x20ft-Pop-Up-Canopies.mp4<\/a><\/video><\/div>","protected":false},"featured_media":922,"template":"","meta":{"_kad_post_transparent":"default","_kad_post_title":"hide","_kad_post_layout":"fullwidth","_kad_post_sidebar_id":"","_kad_post_content_style":"unboxed","_kad_post_vertical_padding":"hide","_kad_post_feature":"hide","_kad_post_feature_position":"","_kad_post_header":false,"_kad_post_footer":false},"product_cat":[68,74,78],"product_tag":[257,259,258,260],"class_list":{"0":"post-921","1":"product","2":"type-product","3":"status-publish","4":"has-post-thumbnail","6":"product_cat-custom-canopy-tents","7":"product_cat-50mm-heavy-duty-hexagon-aluminum-tents","8":"product_cat-5x5ft-custom-pop-up-canopies-50mm-heavy-duty-hexagon-aluminum-tents-custom-canopy-tents","9":"product_tag-5-x-5-pop-up-tent","10":"product_tag-indoor-canopy-tent","11":"product_tag-outdoor-canopy-tent","12":"product_tag-promotional-pop-up-tent","14":"first","15":"instock","16":"shipping-taxable","17":"product-type-simple","18":"entry","19":"content-bg","20":"loop-entry"},"_links":{"self":[{"href":"https:\/\/cmykprinted.com\/pl\/wp-json\/wp\/v2\/product\/921","targetHints":{"allow":["GET"]}}],"collection":[{"href":"https:\/\/cmykprinted.com\/pl\/wp-json\/wp\/v2\/product"}],"about":[{"href":"https:\/\/cmykprinted.com\/pl\/wp-json\/wp\/v2\/types\/product"}],"version-history":[{"count":2,"href":"https:\/\/cmykprinted.com\/pl\/wp-json\/wp\/v2\/product\/921\/revisions"}],"predecessor-version":[{"id":929,"href":"https:\/\/cmykprinted.com\/pl\/wp-json\/wp\/v2\/product\/921\/revisions\/929"}],"wp:featuredmedia":[{"embeddable":true,"href":"https:\/\/cmykprinted.com\/pl\/wp-json\/wp\/v2\/media\/922"}],"wp:attachment":[{"href":"https:\/\/cmykprinted.com\/pl\/wp-json\/wp\/v2\/media?parent=921"}],"wp:term":[{"taxonomy":"product_cat","embeddable":true,"href":"https:\/\/cmykprinted.com\/pl\/wp-json\/wp\/v2\/product_cat?post=921"},{"taxonomy":"product_tag","embeddable":true,"href":"https:\/\/cmykprinted.com\/pl\/wp-json\/wp\/v2\/product_tag?post=921"}],"curies":[{"name":"wp","href":"https:\/\/api.w.org\/{rel}","templated":true}]}}