{"id":930,"date":"2023-01-15T04:21:00","date_gmt":"2023-01-15T04:21:00","guid":{"rendered":"https:\/\/cmykprinted.com\/?post_type=product&#038;p=930"},"modified":"2023-01-15T05:50:05","modified_gmt":"2023-01-15T05:50:05","slug":"cheapest-personalized-custom-printed-handheld-stick-flag","status":"publish","type":"product","link":"https:\/\/cmykprinted.com\/pl\/produkt\/cheapest-personalized-custom-printed-handheld-stick-flag\/","title":{"rendered":"Najta\u0144sza spersonalizowana flaga r\u0119czna z nadrukiem na zam\u00f3wienie"},"content":{"rendered":"","protected":false},"excerpt":{"rendered":"<p>Podr\u0119czna flaga w sztyfcie to op\u0142acalny i atrakcyjny wizualnie spos\u00f3b na zaprezentowanie wydarze\u0144 lub promocji. Dostosowuj\u0105c je tak, jak nasze zwyk\u0142e niestandardowe flagi, ale dzi\u0119ki mniejszemu rozmiarowi, kt\u00f3ry jest \u0142atwy do trzymania, s\u0105 idealnym dodatkiem do ka\u017cdego targu, meczu sportowego, parady, konferencji lub wydarzenia. Flagi te s\u0105 wykonane z wytrzyma\u0142ej tkaniny poliestrowej i drukowane metod\u0105 sublimacji, co zapewnia \u017cywe i mocne kolory. Flagi s\u0105 wyko\u0144czone plastikowym lub drewnianym ko\u0142kiem, a ka\u017cda flaga jest przymocowana do kija za pomoc\u0105 tulei flagowej, co zapewnia, \u017ce flaga pozostaje bezpiecznie na swoim miejscu. Niezale\u017cnie od tego, czy promujesz firm\u0119, cel, czy specjalne wydarzenie, te flagi to \u015bwietny spos\u00f3b na przekazanie wiadomo\u015bci.<\/p>","protected":false},"featured_media":931,"template":"","meta":{"_kad_post_transparent":"default","_kad_post_title":"hide","_kad_post_layout":"fullwidth","_kad_post_sidebar_id":"","_kad_post_content_style":"unboxed","_kad_post_vertical_padding":"hide","_kad_post_feature":"hide","_kad_post_feature_position":"","_kad_post_header":false,"_kad_post_footer":false},"product_cat":[79],"product_tag":[263,262,154,261],"class_list":{"0":"post-930","1":"product","2":"type-product","3":"status-publish","4":"has-post-thumbnail","6":"product_cat-custom-flags","7":"product_tag-cheapest-stick-flag","8":"product_tag-custom-stick-flag","9":"product_tag-handheld-stick-flag","10":"product_tag-personalized-stick-flag","12":"first","13":"instock","14":"shipping-taxable","15":"product-type-simple","16":"entry","17":"content-bg","18":"loop-entry"},"_links":{"self":[{"href":"https:\/\/cmykprinted.com\/pl\/wp-json\/wp\/v2\/product\/930","targetHints":{"allow":["GET"]}}],"collection":[{"href":"https:\/\/cmykprinted.com\/pl\/wp-json\/wp\/v2\/product"}],"about":[{"href":"https:\/\/cmykprinted.com\/pl\/wp-json\/wp\/v2\/types\/product"}],"version-history":[{"count":2,"href":"https:\/\/cmykprinted.com\/pl\/wp-json\/wp\/v2\/product\/930\/revisions"}],"predecessor-version":[{"id":937,"href":"https:\/\/cmykprinted.com\/pl\/wp-json\/wp\/v2\/product\/930\/revisions\/937"}],"wp:featuredmedia":[{"embeddable":true,"href":"https:\/\/cmykprinted.com\/pl\/wp-json\/wp\/v2\/media\/931"}],"wp:attachment":[{"href":"https:\/\/cmykprinted.com\/pl\/wp-json\/wp\/v2\/media?parent=930"}],"wp:term":[{"taxonomy":"product_cat","embeddable":true,"href":"https:\/\/cmykprinted.com\/pl\/wp-json\/wp\/v2\/product_cat?post=930"},{"taxonomy":"product_tag","embeddable":true,"href":"https:\/\/cmykprinted.com\/pl\/wp-json\/wp\/v2\/product_tag?post=930"}],"curies":[{"name":"wp","href":"https:\/\/api.w.org\/{rel}","templated":true}]}}