{"id":938,"date":"2023-01-15T14:03:34","date_gmt":"2023-01-15T14:03:34","guid":{"rendered":"https:\/\/cmykprinted.com\/?post_type=product&#038;p=938"},"modified":"2023-01-15T14:14:31","modified_gmt":"2023-01-15T14:14:31","slug":"trade-show-fitted-custom-stretch-table-cover-tablecloth","status":"publish","type":"product","link":"https:\/\/cmykprinted.com\/pl\/produkt\/trade-show-fitted-custom-stretch-table-cover-tablecloth\/","title":{"rendered":"Obrus \u200b\u200bna st\u00f3\u0142 na targi dopasowany do indywidualnych potrzeb"},"content":{"rendered":"","protected":false},"excerpt":{"rendered":"<p>Organizacja wydarzenia biznesowego mo\u017ce by\u0107 wyzwaniem, poniewa\u017c chcesz zrobi\u0107 dobre wra\u017cenie zar\u00f3wno na nowych, jak i dotychczasowych klientach. Nasze pokrowce na st\u00f3\u0142 stretch to doskona\u0142e rozwi\u0105zanie do dekoracji stoiska i promocji Twojej firmy. Nasz wyb\u00f3r stylowych pokrowc\u00f3w ze spandexu jest niedrogich i mo\u017cna je wykorzysta\u0107 do ulepszenia wygl\u0105du sto\u0142\u00f3w. Wykonane z trwa\u0142ej, elastycznej tkaniny 180GSM, nasze pokrowce s\u0105 odporne na rozdarcia i mog\u0105 by\u0107 ponownie wykorzystane podczas wielu imprez. Dzi\u0119ki naszej technologii drukowania w pe\u0142nym kolorze o rozdzielczo\u015bci 1440 DPI grafika na ok\u0142adkach jest \u017cywa i ostra, co z pewno\u015bci\u0105 przyci\u0105gnie uwag\u0119 uczestnik\u00f3w. Nasze pokrowce s\u0105 dost\u0119pne w dw\u00f3ch stylach: zapinane na zamek b\u0142yskawiczny i tr\u00f3jstronne, z kt\u00f3rych oba s\u0105 \u0142atwe w monta\u017cu i bezpiecznie pozostaj\u0105 na swoim miejscu. Rozci\u0105gliwe obrusy ze spandeksu s\u0105 wszechstronne i niedrogie, dzi\u0119ki czemu idealnie nadaj\u0105 si\u0119 na wszelkiego rodzaju imprezy, takie jak przyj\u0119cia \u015bwi\u0105teczne, targi i inne.<\/p>","protected":false},"featured_media":939,"template":"","meta":{"_kad_post_transparent":"default","_kad_post_title":"hide","_kad_post_layout":"fullwidth","_kad_post_sidebar_id":"","_kad_post_content_style":"unboxed","_kad_post_vertical_padding":"hide","_kad_post_feature":"hide","_kad_post_feature_position":"","_kad_post_header":false,"_kad_post_footer":false},"product_cat":[80,81],"product_tag":[117,265,264,266],"class_list":{"0":"post-938","1":"product","2":"type-product","3":"status-publish","4":"has-post-thumbnail","6":"product_cat-custom-tablecloth","7":"product_cat-custom-stretch-tablecloth","8":"product_tag-custom-stretch-tablecloth","9":"product_tag-fitted-tablecloth","10":"product_tag-stretch-table-cover","11":"product_tag-trade-show-table-cover","13":"first","14":"instock","15":"shipping-taxable","16":"product-type-simple","17":"entry","18":"content-bg","19":"loop-entry"},"_links":{"self":[{"href":"https:\/\/cmykprinted.com\/pl\/wp-json\/wp\/v2\/product\/938","targetHints":{"allow":["GET"]}}],"collection":[{"href":"https:\/\/cmykprinted.com\/pl\/wp-json\/wp\/v2\/product"}],"about":[{"href":"https:\/\/cmykprinted.com\/pl\/wp-json\/wp\/v2\/types\/product"}],"version-history":[{"count":3,"href":"https:\/\/cmykprinted.com\/pl\/wp-json\/wp\/v2\/product\/938\/revisions"}],"predecessor-version":[{"id":947,"href":"https:\/\/cmykprinted.com\/pl\/wp-json\/wp\/v2\/product\/938\/revisions\/947"}],"wp:featuredmedia":[{"embeddable":true,"href":"https:\/\/cmykprinted.com\/pl\/wp-json\/wp\/v2\/media\/939"}],"wp:attachment":[{"href":"https:\/\/cmykprinted.com\/pl\/wp-json\/wp\/v2\/media?parent=938"}],"wp:term":[{"taxonomy":"product_cat","embeddable":true,"href":"https:\/\/cmykprinted.com\/pl\/wp-json\/wp\/v2\/product_cat?post=938"},{"taxonomy":"product_tag","embeddable":true,"href":"https:\/\/cmykprinted.com\/pl\/wp-json\/wp\/v2\/product_tag?post=938"}],"curies":[{"name":"wp","href":"https:\/\/api.w.org\/{rel}","templated":true}]}}