{"id":956,"date":"2023-02-08T03:23:59","date_gmt":"2023-02-08T03:23:59","guid":{"rendered":"https:\/\/cmykprinted.com\/?post_type=product&#038;p=956"},"modified":"2023-02-08T03:36:40","modified_gmt":"2023-02-08T03:36:40","slug":"double-side-printed-folding-horizontal-pop-up-banner-stand","status":"publish","type":"product","link":"https:\/\/cmykprinted.com\/pl\/produkt\/double-side-printed-folding-horizontal-pop-up-banner-stand\/","title":{"rendered":"Dwustronnie drukowany sk\u0142adany poziomy baner typu pop-up"},"content":{"rendered":"","protected":false},"excerpt":{"rendered":"<p>Poziomy stojak banerowy Pop Up to wszechstronne i wygodne rozwi\u0105zanie zar\u00f3wno na imprezy w pomieszczeniach, jak i na zewn\u0105trz. Lekkie i przeno\u015bne banery w kszta\u0142cie litery A zapewniaj\u0105 natychmiastow\u0105 widoczno\u015b\u0107 i s\u0105 \u0142atwe do ustawienia w ci\u0105gu kilku sekund. Idealnie nadaj\u0105 si\u0119 na imprezy sportowe, targi, promocje i oznakowanie kierunkowe. Dzi\u0119ki sk\u0142adanej metalowej ramie, kt\u00f3ra sk\u0142ada si\u0119 do torby do przechowywania, s\u0105 bezpieczne w u\u017cyciu na boiskach sportowych i \u0142atwe w transporcie. Banery s\u0105 dost\u0119pne w r\u00f3\u017cnych kszta\u0142tach i rozmiarach, w tym poziome, pionowe, okr\u0105g\u0142e i tr\u00f3jk\u0105tne, i s\u0105 dwustronne dla maksymalnej ekspozycji. R\u00f3\u017cne obrazy mog\u0105 by\u0107 wy\u015bwietlane z ka\u017cdej strony lub mo\u017cna u\u017cy\u0107 tego samego obrazu. Banery s\u0105 dostarczane z ko\u0142kami gruntowymi do mi\u0119kkich powierzchni lub mog\u0105 by\u0107 obci\u0105\u017cone na twardych powierzchniach.<\/p>\n<div style=\"width: 1290px;\" class=\"wp-video\"><!--[if lt IE 9]><script>document.createElement('video');<\/script><![endif]--><br \/>\n<video class=\"wp-video-shortcode\" id=\"video-956-1\" width=\"1290\" height=\"726\" loop autoplay preload=\"auto\" controls=\"controls\"><source type=\"video\/mp4\" src=\"http:\/\/cmykprinted.com\/wp-content\/uploads\/2022\/12\/horizontal-pop-up-banners.mp4?_=1\" \/><a href=\"http:\/\/cmykprinted.com\/wp-content\/uploads\/2022\/12\/horizontal-pop-up-banners.mp4\">http:\/\/cmykprinted.com\/wp-content\/uploads\/2022\/12\/horizontal-pop-up-banners.mp4<\/a><\/video><\/div>\n<p>&nbsp;<\/p>","protected":false},"featured_media":957,"template":"","meta":{"_kad_post_transparent":"default","_kad_post_title":"hide","_kad_post_layout":"fullwidth","_kad_post_sidebar_id":"","_kad_post_content_style":"unboxed","_kad_post_vertical_padding":"hide","_kad_post_feature":"hide","_kad_post_feature_position":"","_kad_post_header":false,"_kad_post_footer":false},"product_cat":[92,94],"product_tag":[272,271,270,273],"class_list":{"0":"post-956","1":"product","2":"type-product","3":"status-publish","4":"has-post-thumbnail","6":"product_cat-pop-up-banners","7":"product_cat-horizontal-pop-up-banners","8":"product_tag-folding-horizontal-pop-up-banner","9":"product_tag-horizontal-pop-up-banner","10":"product_tag-horizontal-pop-up-banner-stand","11":"product_tag-printed-horizontal-pop-up-banner","13":"first","14":"instock","15":"shipping-taxable","16":"product-type-simple","17":"entry","18":"content-bg","19":"loop-entry"},"_links":{"self":[{"href":"https:\/\/cmykprinted.com\/pl\/wp-json\/wp\/v2\/product\/956","targetHints":{"allow":["GET"]}}],"collection":[{"href":"https:\/\/cmykprinted.com\/pl\/wp-json\/wp\/v2\/product"}],"about":[{"href":"https:\/\/cmykprinted.com\/pl\/wp-json\/wp\/v2\/types\/product"}],"version-history":[{"count":2,"href":"https:\/\/cmykprinted.com\/pl\/wp-json\/wp\/v2\/product\/956\/revisions"}],"predecessor-version":[{"id":964,"href":"https:\/\/cmykprinted.com\/pl\/wp-json\/wp\/v2\/product\/956\/revisions\/964"}],"wp:featuredmedia":[{"embeddable":true,"href":"https:\/\/cmykprinted.com\/pl\/wp-json\/wp\/v2\/media\/957"}],"wp:attachment":[{"href":"https:\/\/cmykprinted.com\/pl\/wp-json\/wp\/v2\/media?parent=956"}],"wp:term":[{"taxonomy":"product_cat","embeddable":true,"href":"https:\/\/cmykprinted.com\/pl\/wp-json\/wp\/v2\/product_cat?post=956"},{"taxonomy":"product_tag","embeddable":true,"href":"https:\/\/cmykprinted.com\/pl\/wp-json\/wp\/v2\/product_tag?post=956"}],"curies":[{"name":"wp","href":"https:\/\/api.w.org\/{rel}","templated":true}]}}