{"id":965,"date":"2023-02-08T04:50:30","date_gmt":"2023-02-08T04:50:30","guid":{"rendered":"https:\/\/cmykprinted.com\/?post_type=product&#038;p=965"},"modified":"2023-02-08T05:02:02","modified_gmt":"2023-02-08T05:02:02","slug":"straight-tension-fabric-backdrop-media-wall-for-events","status":"publish","type":"product","link":"https:\/\/cmykprinted.com\/pl\/produkt\/straight-tension-fabric-backdrop-media-wall-for-events\/","title":{"rendered":"T\u0142o z tkaniny o prostym naci\u0105gu na \u015bcian\u0119 multimedialn\u0105 na imprezy"},"content":{"rendered":"","protected":false},"excerpt":{"rendered":"<p>Nasze najlepiej sprzedaj\u0105ce si\u0119 t\u0142o z tkaniny o prostym napi\u0119ciu jest wszechstronne i idealne do r\u00f3\u017cnych zastosowa\u0144, takich jak t\u0142o studyjne, t\u0142o sceniczne, fotobudka, konferencja prasowa, ceremonia wr\u0119czenia nagr\u00f3d i czerwony dywan. Dzi\u0119ki opcji wyboru dw\u00f3ch projekt\u00f3w zyskujesz maksymaln\u0105 warto\u015b\u0107 i \u0142atwy transport. Wykonany z trwa\u0142ego, elastycznego poliestru 100%, kt\u00f3ry mo\u017cna pra\u0107 w pralce, nasz niestandardowy proces drukowania tkanin zapewnia, \u017ce projekt pozostanie \u017cywy nawet po wielu praniach i przy ka\u017cdej pogodzie. Nasze drukowanie wykorzystuje ekorozpuszczalniki, ca\u0142kowicie naturalne biodegradowalne rozpuszczalniki dla bezpieczniejszego i mniej surowego procesu. Lekka, ale solidna aluminiowa rama podtrzymuje tkanin\u0119 i jest wyposa\u017cona w rurki zatrzaskowe, kt\u00f3re u\u0142atwiaj\u0105 monta\u017c bez u\u017cycia narz\u0119dzi. Stojak mo\u017cna dostosowa\u0107 do po\u017c\u0105danego rozmiaru i jest dostarczany z przeno\u015bnym twardym futera\u0142em. Wysy\u0142ka jest bezp\u0142atna i trwa 4-5 dni roboczych.<\/p>\n<div style=\"width: 1290px;\" class=\"wp-video\"><!--[if lt IE 9]><script>document.createElement('video');<\/script><![endif]--><br \/>\n<video class=\"wp-video-shortcode\" id=\"video-965-1\" width=\"1290\" height=\"726\" loop autoplay preload=\"metadata\" controls=\"controls\"><source type=\"video\/mp4\" src=\"http:\/\/cmykprinted.com\/wp-content\/uploads\/2023\/02\/Straight-Tension-Fabric-Backdrop.mp4?_=1\" \/><a href=\"http:\/\/cmykprinted.com\/wp-content\/uploads\/2023\/02\/Straight-Tension-Fabric-Backdrop.mp4\">http:\/\/cmykprinted.com\/wp-content\/uploads\/2023\/02\/Straight-Tension-Fabric-Backdrop.mp4<\/a><\/video><\/div>","protected":false},"featured_media":966,"template":"","meta":{"_kad_post_transparent":"default","_kad_post_title":"hide","_kad_post_layout":"fullwidth","_kad_post_sidebar_id":"","_kad_post_content_style":"unboxed","_kad_post_vertical_padding":"hide","_kad_post_feature":"hide","_kad_post_feature_position":"","_kad_post_header":false,"_kad_post_footer":false},"product_cat":[97,100],"product_tag":[274,196,197,198],"class_list":{"0":"post-965","1":"product","2":"type-product","3":"status-publish","4":"has-post-thumbnail","6":"product_cat-tension-fabric-displays","7":"product_cat-straight-tension-fabric-backdrop","8":"product_tag-events-media-wall","9":"product_tag-straight-tension-fabric-backdrop","10":"product_tag-tension-fabric-backdrop","11":"product_tag-tension-fabric-media-wall","13":"first","14":"instock","15":"shipping-taxable","16":"product-type-simple","17":"entry","18":"content-bg","19":"loop-entry"},"_links":{"self":[{"href":"https:\/\/cmykprinted.com\/pl\/wp-json\/wp\/v2\/product\/965","targetHints":{"allow":["GET"]}}],"collection":[{"href":"https:\/\/cmykprinted.com\/pl\/wp-json\/wp\/v2\/product"}],"about":[{"href":"https:\/\/cmykprinted.com\/pl\/wp-json\/wp\/v2\/types\/product"}],"version-history":[{"count":2,"href":"https:\/\/cmykprinted.com\/pl\/wp-json\/wp\/v2\/product\/965\/revisions"}],"predecessor-version":[{"id":975,"href":"https:\/\/cmykprinted.com\/pl\/wp-json\/wp\/v2\/product\/965\/revisions\/975"}],"wp:featuredmedia":[{"embeddable":true,"href":"https:\/\/cmykprinted.com\/pl\/wp-json\/wp\/v2\/media\/966"}],"wp:attachment":[{"href":"https:\/\/cmykprinted.com\/pl\/wp-json\/wp\/v2\/media?parent=965"}],"wp:term":[{"taxonomy":"product_cat","embeddable":true,"href":"https:\/\/cmykprinted.com\/pl\/wp-json\/wp\/v2\/product_cat?post=965"},{"taxonomy":"product_tag","embeddable":true,"href":"https:\/\/cmykprinted.com\/pl\/wp-json\/wp\/v2\/product_tag?post=965"}],"curies":[{"name":"wp","href":"https:\/\/api.w.org\/{rel}","templated":true}]}}