{"id":976,"date":"2023-02-11T03:41:11","date_gmt":"2023-02-11T03:41:11","guid":{"rendered":"https:\/\/cmykprinted.com\/?post_type=product&#038;p=976"},"modified":"2023-02-11T03:46:13","modified_gmt":"2023-02-11T03:46:13","slug":"double-sided-feather-flags-with-free-design-at-cheap-price","status":"publish","type":"product","link":"https:\/\/cmykprinted.com\/pl\/produkt\/double-sided-feather-flags-with-free-design-at-cheap-price\/","title":{"rendered":"Dwustronne flagi pi\u00f3rowe z darmowym wzorem w niskiej cenie"},"content":{"rendered":"","protected":false},"excerpt":{"rendered":"<p>Dwustronne flagi z pi\u00f3r s\u0105 szeroko stosowan\u0105 opcj\u0105 dla firm i organizacji poszukuj\u0105cych wygodnej metody reklamowania swojej marki lub przekazu. Dzi\u0119ki prostej konfiguracji i mo\u017cliwo\u015bci umieszczenia w dowolnym miejscu stanowi\u0105 praktyczne rozwi\u0105zanie. Maszt flagi pla\u017cowej z pi\u00f3r jest zbudowany z mocnych materia\u0142\u00f3w, takich jak aluminium i w\u0142\u00f3kno szklane, dzi\u0119ki czemu zachowuje sw\u00f3j kszta\u0142t nawet przy wietrznej pogodzie. Flaga jest drukowana na wysokiej jako\u015bci tkaninie poliestrowej o gramaturze 115 g\/m2, kt\u00f3ra na odwrotnej stronie posiada wsp\u00f3\u0142czynnik odbicia prawie 100%, co gwarantuje, \u017ce flaga jest dobrze widoczna i czytelna z du\u017cej odleg\u0142o\u015bci.<br \/>\nOpr\u00f3cz niezawodno\u015bci i widoczno\u015bci flagi pla\u017cowe z pi\u00f3r s\u0105 r\u00f3wnie\u017c \u0142atwe w transporcie i zajmuj\u0105 niewiele miejsca. Mo\u017cna je bez wysi\u0142ku przenosi\u0107 z miejsca na miejsce i ustawia\u0107 na dowolnej powierzchni za pomoc\u0105 r\u00f3\u017cnych opcji podstawy.<br \/>\nPodsumowuj\u0105c, flagi pla\u017cowe z pi\u00f3r to elastyczny i skuteczny spos\u00f3b na zaprezentowanie swojej marki lub przes\u0142ania. Dzi\u0119ki prostemu monta\u017cowi, wytrzyma\u0142o\u015bci i doskona\u0142ej widoczno\u015bci s\u0105 doskona\u0142ym wyborem dla ka\u017cdej firmy lub organizacji, kt\u00f3ra chce przyci\u0105gn\u0105\u0107 uwag\u0119.<\/p>\n<div style=\"width: 1280px;\" class=\"wp-video\"><!--[if lt IE 9]><script>document.createElement('video');<\/script><![endif]--><br \/>\n<video class=\"wp-video-shortcode\" id=\"video-976-1\" width=\"1280\" height=\"720\" loop autoplay preload=\"metadata\" controls=\"controls\"><source type=\"video\/mp4\" src=\"http:\/\/cmykprinted.com\/wp-content\/uploads\/2022\/12\/Feather-beach-flags.mp4?_=1\" \/><a href=\"http:\/\/cmykprinted.com\/wp-content\/uploads\/2022\/12\/Feather-beach-flags.mp4\">http:\/\/cmykprinted.com\/wp-content\/uploads\/2022\/12\/Feather-beach-flags.mp4<\/a><\/video><\/div>","protected":false},"featured_media":977,"template":"","meta":{"_kad_post_transparent":"default","_kad_post_title":"hide","_kad_post_layout":"fullwidth","_kad_post_sidebar_id":"","_kad_post_content_style":"unboxed","_kad_post_vertical_padding":"hide","_kad_post_feature":"hide","_kad_post_feature_position":"","_kad_post_header":false,"_kad_post_footer":false},"product_cat":[64,65],"product_tag":[278,275,276,277],"class_list":{"0":"post-976","1":"product","2":"type-product","3":"status-publish","4":"has-post-thumbnail","6":"product_cat-beach-flags","7":"product_cat-feather-flags-banners","8":"product_tag-cheap-feather-flags","9":"product_tag-double-sided-feather-flags","10":"product_tag-feather-flags","11":"product_tag-free-design-feather-flags","13":"first","14":"instock","15":"shipping-taxable","16":"product-type-simple","17":"entry","18":"content-bg","19":"loop-entry"},"_links":{"self":[{"href":"https:\/\/cmykprinted.com\/pl\/wp-json\/wp\/v2\/product\/976","targetHints":{"allow":["GET"]}}],"collection":[{"href":"https:\/\/cmykprinted.com\/pl\/wp-json\/wp\/v2\/product"}],"about":[{"href":"https:\/\/cmykprinted.com\/pl\/wp-json\/wp\/v2\/types\/product"}],"version-history":[{"count":2,"href":"https:\/\/cmykprinted.com\/pl\/wp-json\/wp\/v2\/product\/976\/revisions"}],"predecessor-version":[{"id":983,"href":"https:\/\/cmykprinted.com\/pl\/wp-json\/wp\/v2\/product\/976\/revisions\/983"}],"wp:featuredmedia":[{"embeddable":true,"href":"https:\/\/cmykprinted.com\/pl\/wp-json\/wp\/v2\/media\/977"}],"wp:attachment":[{"href":"https:\/\/cmykprinted.com\/pl\/wp-json\/wp\/v2\/media?parent=976"}],"wp:term":[{"taxonomy":"product_cat","embeddable":true,"href":"https:\/\/cmykprinted.com\/pl\/wp-json\/wp\/v2\/product_cat?post=976"},{"taxonomy":"product_tag","embeddable":true,"href":"https:\/\/cmykprinted.com\/pl\/wp-json\/wp\/v2\/product_tag?post=976"}],"curies":[{"name":"wp","href":"https:\/\/api.w.org\/{rel}","templated":true}]}}