{"id":984,"date":"2023-02-11T03:57:42","date_gmt":"2023-02-11T03:57:42","guid":{"rendered":"https:\/\/cmykprinted.com\/?post_type=product&#038;p=984"},"modified":"2023-02-11T04:04:18","modified_gmt":"2023-02-11T04:04:18","slug":"10x15ft-50mm-hexagonal-pop-up-canopy-tent-aluminum-frame","status":"publish","type":"product","link":"https:\/\/cmykprinted.com\/pl\/produkt\/10x15ft-50mm-hexagonal-pop-up-canopy-tent-aluminum-frame\/","title":{"rendered":"10X15FT 50mm sze\u015bciok\u0105tny namiot typu pop-up z aluminiow\u0105 ram\u0105"},"content":{"rendered":"","protected":false},"excerpt":{"rendered":"<p>Sze\u015bciok\u0105tny baldachim o \u015brednicy 50 mm z aluminiow\u0105 ram\u0105 jest idealny do wyr\u00f3\u017cnienia baldachimu na straganie lub targach. Rama ma imponuj\u0105ce parametry, w tym sze\u015bciok\u0105tn\u0105 aluminiow\u0105 nog\u0119 zewn\u0119trzn\u0105 o wymiarach 50 x 50 mm i grubo\u015bci 1,8 mm. Ma r\u00f3wnie\u017c pi\u0119\u0107 pozycji wysoko\u015bci w odst\u0119pach co 7,5 cm i jest mocna i stabilna do d\u0142ugotrwa\u0142ego u\u017cytkowania.<br \/>\nRozk\u0142adanie i zdejmowanie baldachimu jest szybkie i \u0142atwe dzi\u0119ki sk\u0142adanej aluminiowej ramie i braku lu\u017anych cz\u0119\u015bci. Regulacja n\u00f3g za pomoc\u0105 przycisku i du\u017ce, \u0142atwe do z\u0142apania ko\u0142ki poci\u0105gowe w g\u00f3rnych rogach sprawiaj\u0105, \u017ce konfiguracja i rozk\u0142adanie jest dziecinnie proste bez u\u017cycia jakichkolwiek narz\u0119dzi.<br \/>\nPakiet zawiera komercyjn\u0105 aluminiow\u0105 ram\u0119 baldachimu, kt\u00f3r\u0105 mo\u017ce ustawi\u0107 i zdj\u0105\u0107 jedna lub dwie osoby w ci\u0105gu kilku minut bez u\u017cycia narz\u0119dzi. Jest obj\u0119ty roczn\u0105 gwarancj\u0105 i do\u017cywotni\u0105 dostaw\u0105 akcesori\u00f3w i cz\u0119\u015bci. Je\u015bli potrzebujesz niestandardowej pracy, skontaktuj si\u0119 z nami. Gwarantujemy satysfakcj\u0119 100% i b\u0119dziemy pracowa\u0107 nad rozwi\u0105zaniem wszelkich problem\u00f3w.<br \/>\nTen baldachim nadaje si\u0119 na r\u00f3\u017cne imprezy plenerowe, w tym imprezy, targi, imprezy sportowe, pikniki, grille i inne. Mo\u017ce by\u0107 stosowany w obszarach komercyjnych, pla\u017cach, placach zabaw, podw\u00f3rkach, ogrodach, farmach i innych miejscach na zewn\u0105trz, a tak\u017ce w pomieszczeniach, takich jak du\u017ce sale gimnastyczne. Dzi\u0119ki wysokiej jako\u015bci mo\u017cesz by\u0107 pewien jego d\u0142ugowieczno\u015bci i trwa\u0142o\u015bci. Je\u015bli masz jakiekolwiek w\u0105tpliwo\u015bci dotycz\u0105ce jako\u015bci w ci\u0105gu pierwszego roku, nie wahaj si\u0119 z nami skontaktowa\u0107. Nasza gwarancja satysfakcji 100% gwarantuje, \u017ce b\u0119dziemy pracowa\u0107 nad rozwi\u0105zaniem wszelkich problem\u00f3w.<\/p>\n<div style=\"width: 1280px;\" class=\"wp-video\"><!--[if lt IE 9]><script>document.createElement('video');<\/script><![endif]--><br \/>\n<video class=\"wp-video-shortcode\" id=\"video-984-1\" width=\"1280\" height=\"720\" loop autoplay preload=\"auto\" controls=\"controls\"><source type=\"video\/mp4\" src=\"http:\/\/cmykprinted.com\/wp-content\/uploads\/2022\/12\/10x15ft-Pop-up-Tent.mp4?_=1\" \/><a href=\"http:\/\/cmykprinted.com\/wp-content\/uploads\/2022\/12\/10x15ft-Pop-up-Tent.mp4\">http:\/\/cmykprinted.com\/wp-content\/uploads\/2022\/12\/10x15ft-Pop-up-Tent.mp4<\/a><\/video><\/div>","protected":false},"featured_media":985,"template":"","meta":{"_kad_post_transparent":"default","_kad_post_title":"hide","_kad_post_layout":"fullwidth","_kad_post_sidebar_id":"","_kad_post_content_style":"unboxed","_kad_post_vertical_padding":"hide","_kad_post_feature":"hide","_kad_post_feature_position":"","_kad_post_header":false,"_kad_post_footer":false},"product_cat":[68,76,74],"product_tag":[279,282,281,280],"class_list":{"0":"post-984","1":"product","2":"type-product","3":"status-publish","4":"has-post-thumbnail","6":"product_cat-custom-canopy-tents","7":"product_cat-10x15ft-pop-up-tents-50mm-heavy-duty-hexagon-aluminum-tents-custom-canopy-tents","8":"product_cat-50mm-heavy-duty-hexagon-aluminum-tents","9":"product_tag-10x15ft-hexagonal-pop-up-canopy-tent","10":"product_tag-50mm-hexagonal-pop-up-canopy","11":"product_tag-aluminum-frame-pop-up-canopy-tent","12":"product_tag-hexagonal-pop-up-canopy-tent","14":"first","15":"instock","16":"shipping-taxable","17":"product-type-simple","18":"entry","19":"content-bg","20":"loop-entry"},"_links":{"self":[{"href":"https:\/\/cmykprinted.com\/pl\/wp-json\/wp\/v2\/product\/984","targetHints":{"allow":["GET"]}}],"collection":[{"href":"https:\/\/cmykprinted.com\/pl\/wp-json\/wp\/v2\/product"}],"about":[{"href":"https:\/\/cmykprinted.com\/pl\/wp-json\/wp\/v2\/types\/product"}],"version-history":[{"count":2,"href":"https:\/\/cmykprinted.com\/pl\/wp-json\/wp\/v2\/product\/984\/revisions"}],"predecessor-version":[{"id":992,"href":"https:\/\/cmykprinted.com\/pl\/wp-json\/wp\/v2\/product\/984\/revisions\/992"}],"wp:featuredmedia":[{"embeddable":true,"href":"https:\/\/cmykprinted.com\/pl\/wp-json\/wp\/v2\/media\/985"}],"wp:attachment":[{"href":"https:\/\/cmykprinted.com\/pl\/wp-json\/wp\/v2\/media?parent=984"}],"wp:term":[{"taxonomy":"product_cat","embeddable":true,"href":"https:\/\/cmykprinted.com\/pl\/wp-json\/wp\/v2\/product_cat?post=984"},{"taxonomy":"product_tag","embeddable":true,"href":"https:\/\/cmykprinted.com\/pl\/wp-json\/wp\/v2\/product_tag?post=984"}],"curies":[{"name":"wp","href":"https:\/\/api.w.org\/{rel}","templated":true}]}}