{"id":993,"date":"2023-02-11T08:06:52","date_gmt":"2023-02-11T08:06:52","guid":{"rendered":"https:\/\/cmykprinted.com\/?post_type=product&#038;p=993"},"modified":"2023-02-11T08:14:57","modified_gmt":"2023-02-11T08:14:57","slug":"wall-mounted-shop-front-flagpole-end-sign-shop-front-flags","status":"publish","type":"product","link":"https:\/\/cmykprinted.com\/pl\/produkt\/wall-mounted-shop-front-flagpole-end-sign-shop-front-flags\/","title":{"rendered":"Na\u015bcienny znak ko\u0144cowy masztu flagowego Sklep z flagami przednimi"},"content":{"rendered":"","protected":false},"excerpt":{"rendered":"<p>Maszt frontowy sklepu jest przeznaczony do umieszczania flag o r\u00f3\u017cnych rozmiarach i kszta\u0142tach. Jego solidna konstrukcja i prosta konfiguracja sprawiaj\u0105, \u017ce jest to popularny wyb\u00f3r dla tych, kt\u00f3rzy chc\u0105 z dum\u0105 eksponowa\u0107 swoje flagi. Maszt jest wst\u0119pnie skonfigurowany do wywieszenia flagi USA o wymiarach 3 \u2032 x 5 \u2032, kt\u00f3ra jest standardowym rozmiarem dla wi\u0119kszo\u015bci nieruchomo\u015bci mieszkalnych i komercyjnych. Je\u015bli jednak chcesz zmieni\u0107 flag\u0119 na inny rozmiar, jest to prosty i bezpo\u015bredni proces, kt\u00f3ry mo\u017cna wykona\u0107 w ci\u0105gu zaledwie kilku minut.<\/p>","protected":false},"featured_media":994,"template":"","meta":{"_kad_post_transparent":"default","_kad_post_title":"hide","_kad_post_layout":"fullwidth","_kad_post_sidebar_id":"","_kad_post_content_style":"unboxed","_kad_post_vertical_padding":"hide","_kad_post_feature":"hide","_kad_post_feature_position":"","_kad_post_header":false,"_kad_post_footer":false},"product_cat":[79],"product_tag":[213,283,285,284,286],"class_list":{"0":"post-993","1":"product","2":"type-product","3":"status-publish","4":"has-post-thumbnail","6":"product_cat-custom-flags","7":"product_tag-end-sign-flags","8":"product_tag-shop-front-flagpole","9":"product_tag-small-wall-flags","10":"product_tag-wall-mounted-flags","11":"product_tag-window-mounted-flags-signs","13":"first","14":"instock","15":"shipping-taxable","16":"product-type-simple","17":"entry","18":"content-bg","19":"loop-entry"},"_links":{"self":[{"href":"https:\/\/cmykprinted.com\/pl\/wp-json\/wp\/v2\/product\/993","targetHints":{"allow":["GET"]}}],"collection":[{"href":"https:\/\/cmykprinted.com\/pl\/wp-json\/wp\/v2\/product"}],"about":[{"href":"https:\/\/cmykprinted.com\/pl\/wp-json\/wp\/v2\/types\/product"}],"version-history":[{"count":1,"href":"https:\/\/cmykprinted.com\/pl\/wp-json\/wp\/v2\/product\/993\/revisions"}],"predecessor-version":[{"id":999,"href":"https:\/\/cmykprinted.com\/pl\/wp-json\/wp\/v2\/product\/993\/revisions\/999"}],"wp:featuredmedia":[{"embeddable":true,"href":"https:\/\/cmykprinted.com\/pl\/wp-json\/wp\/v2\/media\/994"}],"wp:attachment":[{"href":"https:\/\/cmykprinted.com\/pl\/wp-json\/wp\/v2\/media?parent=993"}],"wp:term":[{"taxonomy":"product_cat","embeddable":true,"href":"https:\/\/cmykprinted.com\/pl\/wp-json\/wp\/v2\/product_cat?post=993"},{"taxonomy":"product_tag","embeddable":true,"href":"https:\/\/cmykprinted.com\/pl\/wp-json\/wp\/v2\/product_tag?post=993"}],"curies":[{"name":"wp","href":"https:\/\/api.w.org\/{rel}","templated":true}]}}