{"id":1000,"date":"2023-02-12T10:41:09","date_gmt":"2023-02-12T10:41:09","guid":{"rendered":"https:\/\/cmykprinted.com\/?post_type=product&#038;p=1000"},"modified":"2023-02-12T10:46:25","modified_gmt":"2023-02-12T10:46:25","slug":"logo-printed-premium-full-color-trade-show-table-throw","status":"publish","type":"product","link":"https:\/\/cmykprinted.com\/pt\/produto\/logo-printed-premium-full-color-trade-show-table-throw\/","title":{"rendered":"Logotipo impresso Premium Full Color Trade Show Table Throw"},"content":{"rendered":"","protected":false},"excerpt":{"rendered":"<p>Em nossa empresa, nos dedicamos a fornecer lan\u00e7amentos de mesa de feiras comerciais de alta qualidade e acess\u00edveis para empresas e organiza\u00e7\u00f5es de todos os tamanhos. Entendemos a import\u00e2ncia de causar uma forte impress\u00e3o em feiras e exposi\u00e7\u00f5es e estamos comprometidos em ajudar nossos clientes a fazer exatamente isso. Nossa equipe de impressores profissionais usa um processo completo de sublima\u00e7\u00e3o de tinta para garantir que nossas mesas sejam vibrantes, atraentes e totalmente personaliz\u00e1veis. Se voc\u00ea precisa de uma toalha de mesa para uma feira, uma toalha de mesa para uma exposi\u00e7\u00e3o especial ou qualquer outro tipo de jogo de mesa, temos os produtos que voc\u00ea precisa na velocidade que voc\u00ea precisa.<br \/>\nNossa f\u00e1brica oferece uma ampla gama de mantas de mesa para feiras, incluindo capas el\u00e1sticas, capas de 3 e 4 lados, corredores e muito mais. Oferecemos at\u00e9 lances de mesa projetados para complementar o esquema de cores da sua empresa ou organiza\u00e7\u00e3o. E se voc\u00ea n\u00e3o tem um logo, n\u00e3o tem problema! Podemos criar um design personalizado para voc\u00ea que ajudar\u00e1 a promover sua marca e atrair novos clientes.<br \/>\nOferecemos um tempo de resposta de 24 horas em todas as nossas mesas de feiras, garantindo que voc\u00ea possa obter os produtos de que precisa quando precisar deles. E para maior comodidade, enviamos todos os nossos produtos no pr\u00f3ximo dia \u00fatil ap\u00f3s a compra. Portanto, se voc\u00ea precisa de um \u00fanico arremesso de mesa ou um grande pedido para um pr\u00f3ximo evento, temos os produtos e servi\u00e7os de que voc\u00ea precisa para ter sucesso.<\/p>","protected":false},"featured_media":1001,"template":"","meta":{"_kad_post_transparent":"default","_kad_post_title":"hide","_kad_post_layout":"fullwidth","_kad_post_sidebar_id":"","_kad_post_content_style":"unboxed","_kad_post_vertical_padding":"hide","_kad_post_feature":"hide","_kad_post_feature_position":"","_kad_post_header":false,"_kad_post_footer":false},"product_cat":[80,84],"product_tag":[218,216,217],"class_list":{"0":"post-1000","1":"product","2":"type-product","3":"status-publish","4":"has-post-thumbnail","6":"product_cat-custom-tablecloth","7":"product_cat-trade-show-table-throw","8":"product_tag-custom-table-throw","9":"product_tag-trade-show-table-throw","10":"product_tag-tradeshow-table-throw","12":"first","13":"instock","14":"shipping-taxable","15":"product-type-simple","16":"entry","17":"content-bg","18":"loop-entry"},"_links":{"self":[{"href":"https:\/\/cmykprinted.com\/pt\/wp-json\/wp\/v2\/product\/1000","targetHints":{"allow":["GET"]}}],"collection":[{"href":"https:\/\/cmykprinted.com\/pt\/wp-json\/wp\/v2\/product"}],"about":[{"href":"https:\/\/cmykprinted.com\/pt\/wp-json\/wp\/v2\/types\/product"}],"version-history":[{"count":1,"href":"https:\/\/cmykprinted.com\/pt\/wp-json\/wp\/v2\/product\/1000\/revisions"}],"predecessor-version":[{"id":1007,"href":"https:\/\/cmykprinted.com\/pt\/wp-json\/wp\/v2\/product\/1000\/revisions\/1007"}],"wp:featuredmedia":[{"embeddable":true,"href":"https:\/\/cmykprinted.com\/pt\/wp-json\/wp\/v2\/media\/1001"}],"wp:attachment":[{"href":"https:\/\/cmykprinted.com\/pt\/wp-json\/wp\/v2\/media?parent=1000"}],"wp:term":[{"taxonomy":"product_cat","embeddable":true,"href":"https:\/\/cmykprinted.com\/pt\/wp-json\/wp\/v2\/product_cat?post=1000"},{"taxonomy":"product_tag","embeddable":true,"href":"https:\/\/cmykprinted.com\/pt\/wp-json\/wp\/v2\/product_tag?post=1000"}],"curies":[{"name":"wp","href":"https:\/\/api.w.org\/{rel}","templated":true}]}}