{"id":1016,"date":"2023-02-12T14:30:04","date_gmt":"2023-02-12T14:30:04","guid":{"rendered":"https:\/\/cmykprinted.com\/?post_type=product&#038;p=1016"},"modified":"2023-02-12T14:40:07","modified_gmt":"2023-02-12T14:40:07","slug":"personalized-triangle-pop-up-banners-a-frame-stand-display","status":"publish","type":"product","link":"https:\/\/cmykprinted.com\/pt\/produto\/personalized-triangle-pop-up-banners-a-frame-stand-display\/","title":{"rendered":"Exibi\u00e7\u00e3o de suporte de banners pop-up triangulares personalizados"},"content":{"rendered":"","protected":false},"excerpt":{"rendered":"<p>Os banners pop-up triangulares s\u00e3o a solu\u00e7\u00e3o definitiva para promover sua marca ou empresa de maneira elegante e eficaz. Com design que permite f\u00e1cil montagem e desmontagem, esses banners s\u00e3o ideais para feiras, eventos e congressos. Feito de tecido de pele de p\u00eassego leve e dur\u00e1vel, eles v\u00eam com uma bolsa de transporte pr\u00e1tica para armazenamento e transporte.<br \/>\nEles n\u00e3o s\u00e3o apenas convenientes de usar, mas tamb\u00e9m garantem a aten\u00e7\u00e3o do seu p\u00fablico-alvo. Seja o lan\u00e7amento de um novo produto, uma venda ou um pr\u00f3ximo evento, esses banners atrair\u00e3o o interesse e criar\u00e3o um impacto duradouro. Eles podem ser usados em ambientes internos ou externos e s\u00e3o f\u00e1ceis de montar com seu a\u00e7o de mola de metal e ferragens de pinos.<br \/>\nEleve a publicidade da sua empresa com um banner pop-up triangular. O abrangente manual de instala\u00e7\u00e3o fornece todas as ferramentas necess\u00e1rias para configurar e remover seu banner sem esfor\u00e7o. Invista em um banner pop-up hoje e fa\u00e7a uma declara\u00e7\u00e3o ousada em seu pr\u00f3ximo evento ou confer\u00eancia.<\/p>\n<div style=\"width: 1280px;\" class=\"wp-video\"><!--[if lt IE 9]><script>document.createElement('video');<\/script><![endif]--><br \/>\n<video class=\"wp-video-shortcode\" id=\"video-1016-1\" width=\"1280\" height=\"720\" loop autoplay preload=\"metadata\" controls=\"controls\"><source type=\"video\/mp4\" src=\"http:\/\/cmykprinted.com\/wp-content\/uploads\/2022\/12\/Triangle-Pop-Up-Banners.mp4?_=1\" \/><a href=\"http:\/\/cmykprinted.com\/wp-content\/uploads\/2022\/12\/Triangle-Pop-Up-Banners.mp4\">http:\/\/cmykprinted.com\/wp-content\/uploads\/2022\/12\/Triangle-Pop-Up-Banners.mp4<\/a><\/video><\/div>","protected":false},"featured_media":1017,"template":"","meta":{"_kad_post_transparent":"default","_kad_post_title":"hide","_kad_post_layout":"fullwidth","_kad_post_sidebar_id":"","_kad_post_content_style":"unboxed","_kad_post_vertical_padding":"hide","_kad_post_feature":"hide","_kad_post_feature_position":"","_kad_post_header":false,"_kad_post_footer":false},"product_cat":[92,95],"product_tag":[292,293,166,291],"class_list":{"0":"post-1016","1":"product","2":"type-product","3":"status-publish","4":"has-post-thumbnail","6":"product_cat-pop-up-banners","7":"product_cat-triangle-pop-up-banners","8":"product_tag-a-frame-stand-display","9":"product_tag-personalized-pop-up-banners","10":"product_tag-pop-up-banners","11":"product_tag-triangle-pop-up-banners","13":"first","14":"instock","15":"shipping-taxable","16":"product-type-simple","17":"entry","18":"content-bg","19":"loop-entry"},"_links":{"self":[{"href":"https:\/\/cmykprinted.com\/pt\/wp-json\/wp\/v2\/product\/1016","targetHints":{"allow":["GET"]}}],"collection":[{"href":"https:\/\/cmykprinted.com\/pt\/wp-json\/wp\/v2\/product"}],"about":[{"href":"https:\/\/cmykprinted.com\/pt\/wp-json\/wp\/v2\/types\/product"}],"version-history":[{"count":2,"href":"https:\/\/cmykprinted.com\/pt\/wp-json\/wp\/v2\/product\/1016\/revisions"}],"predecessor-version":[{"id":1024,"href":"https:\/\/cmykprinted.com\/pt\/wp-json\/wp\/v2\/product\/1016\/revisions\/1024"}],"wp:featuredmedia":[{"embeddable":true,"href":"https:\/\/cmykprinted.com\/pt\/wp-json\/wp\/v2\/media\/1017"}],"wp:attachment":[{"href":"https:\/\/cmykprinted.com\/pt\/wp-json\/wp\/v2\/media?parent=1016"}],"wp:term":[{"taxonomy":"product_cat","embeddable":true,"href":"https:\/\/cmykprinted.com\/pt\/wp-json\/wp\/v2\/product_cat?post=1016"},{"taxonomy":"product_tag","embeddable":true,"href":"https:\/\/cmykprinted.com\/pt\/wp-json\/wp\/v2\/product_tag?post=1016"}],"curies":[{"name":"wp","href":"https:\/\/api.w.org\/{rel}","templated":true}]}}