{"id":1043,"date":"2023-02-13T04:54:51","date_gmt":"2023-02-13T04:54:51","guid":{"rendered":"https:\/\/cmykprinted.com\/?post_type=product&#038;p=1043"},"modified":"2023-02-13T05:02:42","modified_gmt":"2023-02-13T05:02:42","slug":"personalized-teardrop-banner-flags-with-full-color-printing","status":"publish","type":"product","link":"https:\/\/cmykprinted.com\/pt\/produto\/personalized-teardrop-banner-flags-with-full-color-printing\/","title":{"rendered":"Bandeiras personalizadas em formato de l\u00e1grima com impress\u00e3o colorida"},"content":{"rendered":"","protected":false},"excerpt":{"rendered":"<p>Bandeiras de banner em forma de l\u00e1grima, comumente chamadas de bandeiras de l\u00e1grima ou bandeiras de penas, s\u00e3o bandeiras grandes em forma de l\u00e1grima utilizadas para fins de publicidade e marketing. Eles apresentam designs personalizados produzidos por meio de um processo de sublima\u00e7\u00e3o de tinta que resulta em gr\u00e1ficos brilhantes e de alta qualidade. As bandeiras s\u00e3o montadas em um mastro leve e flex\u00edvel feito de alum\u00ednio e fibra de vidro, que mant\u00e9m a bandeira esticada mesmo em condi\u00e7\u00f5es de vento. O poste pode ser colocado no ch\u00e3o ou em um suporte, de acordo com as necessidades e prefer\u00eancias do usu\u00e1rio.<br \/>\nExibir uma bandeira em forma de l\u00e1grima na frente de sua empresa pode ser uma maneira eficaz de atrair a aten\u00e7\u00e3o de clientes em potencial e transeuntes. Essas bandeiras s\u00e3o atraentes e podem efetivamente promover seu neg\u00f3cio e suas ofertas. Eles tamb\u00e9m s\u00e3o vers\u00e1teis e podem ser usados em uma variedade de configura\u00e7\u00f5es, como feiras, eventos ao ar livre e vitrines. Ao selecionar um design personalizado que represente com precis\u00e3o a marca e as mensagens de sua empresa, voc\u00ea pode transmitir sua mensagem com efici\u00eancia e causar uma impress\u00e3o duradoura em seu p\u00fablico-alvo.<\/p>\n<div style=\"width: 1280px;\" class=\"wp-video\"><!--[if lt IE 9]><script>document.createElement('video');<\/script><![endif]--><br \/>\n<video class=\"wp-video-shortcode\" id=\"video-1043-1\" width=\"1280\" height=\"720\" loop autoplay preload=\"metadata\" controls=\"controls\"><source type=\"video\/mp4\" src=\"http:\/\/cmykprinted.com\/wp-content\/uploads\/2022\/12\/Beach-Teardrop-Flags-Banner.mp4?_=1\" \/><a href=\"http:\/\/cmykprinted.com\/wp-content\/uploads\/2022\/12\/Beach-Teardrop-Flags-Banner.mp4\">http:\/\/cmykprinted.com\/wp-content\/uploads\/2022\/12\/Beach-Teardrop-Flags-Banner.mp4<\/a><\/video><\/div>","protected":false},"featured_media":1044,"template":"","meta":{"_kad_post_transparent":"default","_kad_post_title":"hide","_kad_post_layout":"fullwidth","_kad_post_sidebar_id":"","_kad_post_content_style":"unboxed","_kad_post_vertical_padding":"hide","_kad_post_feature":"hide","_kad_post_feature_position":"","_kad_post_header":false,"_kad_post_footer":false},"product_cat":[64,67],"product_tag":[255,301,302,303,178],"class_list":{"0":"post-1043","1":"product","2":"type-product","3":"status-publish","4":"has-post-thumbnail","6":"product_cat-beach-flags","7":"product_cat-teardrop-flags-banners","8":"product_tag-personalized-teardrop-flags","9":"product_tag-teardrop-banner-flags","10":"product_tag-teardrop-banners","11":"product_tag-teardrop-flag-banners","12":"product_tag-teardrop-flags","14":"first","15":"instock","16":"shipping-taxable","17":"product-type-simple","18":"entry","19":"content-bg","20":"loop-entry"},"_links":{"self":[{"href":"https:\/\/cmykprinted.com\/pt\/wp-json\/wp\/v2\/product\/1043","targetHints":{"allow":["GET"]}}],"collection":[{"href":"https:\/\/cmykprinted.com\/pt\/wp-json\/wp\/v2\/product"}],"about":[{"href":"https:\/\/cmykprinted.com\/pt\/wp-json\/wp\/v2\/types\/product"}],"version-history":[{"count":2,"href":"https:\/\/cmykprinted.com\/pt\/wp-json\/wp\/v2\/product\/1043\/revisions"}],"predecessor-version":[{"id":1051,"href":"https:\/\/cmykprinted.com\/pt\/wp-json\/wp\/v2\/product\/1043\/revisions\/1051"}],"wp:featuredmedia":[{"embeddable":true,"href":"https:\/\/cmykprinted.com\/pt\/wp-json\/wp\/v2\/media\/1044"}],"wp:attachment":[{"href":"https:\/\/cmykprinted.com\/pt\/wp-json\/wp\/v2\/media?parent=1043"}],"wp:term":[{"taxonomy":"product_cat","embeddable":true,"href":"https:\/\/cmykprinted.com\/pt\/wp-json\/wp\/v2\/product_cat?post=1043"},{"taxonomy":"product_tag","embeddable":true,"href":"https:\/\/cmykprinted.com\/pt\/wp-json\/wp\/v2\/product_tag?post=1043"}],"curies":[{"name":"wp","href":"https:\/\/api.w.org\/{rel}","templated":true}]}}