{"id":1052,"date":"2023-02-13T07:20:10","date_gmt":"2023-02-13T07:20:10","guid":{"rendered":"https:\/\/cmykprinted.com\/?post_type=product&#038;p=1052"},"modified":"2023-02-13T07:26:04","modified_gmt":"2023-02-13T07:26:04","slug":"50mm-hexagonal-aluminum-10x20ft-pop-up-canopies-tents","status":"publish","type":"product","link":"https:\/\/cmykprinted.com\/pt\/produto\/50mm-hexagonal-aluminum-10x20ft-pop-up-canopies-tents\/","title":{"rendered":"Tendas pop-up de alum\u00ednio hexagonal 50 mm 10 x 20 p\u00e9s"},"content":{"rendered":"","protected":false},"excerpt":{"rendered":"<p>A capota pop-up de 10 x 20 p\u00e9s com estrutura de alum\u00ednio \u00e9 a escolha perfeita para se destacar em uma banca de mercado ou feira comercial. A estrutura foi projetada para impressionar com sua perna externa de alum\u00ednio hexagonal medindo 50x50mm e uma espessura de 1,8mm. Com cinco posi\u00e7\u00f5es de altura em intervalos de 7,5 cm, oferece estabilidade para uso prolongado.<br \/>\nMontar e desmontar o dossel \u00e9 f\u00e1cil, gra\u00e7as \u00e0 sua estrutura de alum\u00ednio dobr\u00e1vel e \u00e0 aus\u00eancia de pe\u00e7as soltas. Os ajustes de perna de altern\u00e2ncia de bot\u00e3o e os pinos de puxar grandes nos cantos superiores facilitam a configura\u00e7\u00e3o, sem a necessidade de ferramentas. O pacote inclui a estrutura de alum\u00ednio do dossel pop-up comercial e pode ser facilmente montado por uma ou duas pessoas em quest\u00e3o de minutos, sem ferramentas.<br \/>\nEste dossel vem com garantia de 1 ano e fornecimento vital\u00edcio de acess\u00f3rios e pe\u00e7as. Se voc\u00ea precisar de um trabalho personalizado, estamos aqui para ajudar. Garantimos a satisfa\u00e7\u00e3o do 100% e trabalharemos para resolver quaisquer problemas que voc\u00ea possa ter.<br \/>\nEste dossel vers\u00e1til \u00e9 adequado para uma ampla variedade de eventos ao ar livre, como festas, feiras, esportes, piqueniques, churrascos e muito mais. Tamb\u00e9m pode ser usado em \u00e1reas comerciais, praias, playgrounds, quintais, jardins, fazendas e outros ambientes externos, bem como ambientes internos como grandes gin\u00e1sios. Com sua qualidade de ponta, voc\u00ea pode confiar em sua longevidade e durabilidade. Se voc\u00ea tiver alguma preocupa\u00e7\u00e3o com a qualidade no primeiro ano, basta entrar em contato conosco. Nossa garantia de satisfa\u00e7\u00e3o 100% garante que trabalharemos para resolver quaisquer problemas que voc\u00ea possa ter.<\/p>\n<div style=\"width: 1280px;\" class=\"wp-video\"><!--[if lt IE 9]><script>document.createElement('video');<\/script><![endif]--><br \/>\n<video class=\"wp-video-shortcode\" id=\"video-1052-1\" width=\"1280\" height=\"720\" loop autoplay preload=\"auto\" controls=\"controls\"><source type=\"video\/mp4\" src=\"http:\/\/cmykprinted.com\/wp-content\/uploads\/2022\/12\/10x15ft-Pop-up-Tent.mp4?_=1\" \/><a href=\"http:\/\/cmykprinted.com\/wp-content\/uploads\/2022\/12\/10x15ft-Pop-up-Tent.mp4\">http:\/\/cmykprinted.com\/wp-content\/uploads\/2022\/12\/10x15ft-Pop-up-Tent.mp4<\/a><\/video><\/div>","protected":false},"featured_media":1053,"template":"","meta":{"_kad_post_transparent":"default","_kad_post_title":"hide","_kad_post_layout":"fullwidth","_kad_post_sidebar_id":"","_kad_post_content_style":"unboxed","_kad_post_vertical_padding":"hide","_kad_post_feature":"hide","_kad_post_feature_position":"","_kad_post_header":false,"_kad_post_footer":false},"product_cat":[68,77,74],"product_tag":[279,208,282,306,305,281,304,280],"class_list":{"0":"post-1052","1":"product","2":"type-product","3":"status-publish","4":"has-post-thumbnail","6":"product_cat-custom-canopy-tents","7":"product_cat-10x20ft-pop-up-canopies-50mm-heavy-duty-hexagon-aluminum-tents-custom-canopy-tents","8":"product_cat-50mm-heavy-duty-hexagon-aluminum-tents","9":"product_tag-10x15ft-hexagonal-pop-up-canopy-tent","10":"product_tag-10x20ft-pop-up-canopies","11":"product_tag-50mm-hexagonal-pop-up-canopy","12":"product_tag-50mm-hexagonal-pop-up-canopies","13":"product_tag-aluminum-canopies-pop-up-canopies","14":"product_tag-aluminum-frame-pop-up-canopy-tent","15":"product_tag-hexagonal-aluminum-canopies","16":"product_tag-hexagonal-pop-up-canopy-tent","18":"first","19":"instock","20":"shipping-taxable","21":"product-type-simple","22":"entry","23":"content-bg","24":"loop-entry"},"_links":{"self":[{"href":"https:\/\/cmykprinted.com\/pt\/wp-json\/wp\/v2\/product\/1052","targetHints":{"allow":["GET"]}}],"collection":[{"href":"https:\/\/cmykprinted.com\/pt\/wp-json\/wp\/v2\/product"}],"about":[{"href":"https:\/\/cmykprinted.com\/pt\/wp-json\/wp\/v2\/types\/product"}],"version-history":[{"count":2,"href":"https:\/\/cmykprinted.com\/pt\/wp-json\/wp\/v2\/product\/1052\/revisions"}],"predecessor-version":[{"id":1059,"href":"https:\/\/cmykprinted.com\/pt\/wp-json\/wp\/v2\/product\/1052\/revisions\/1059"}],"wp:featuredmedia":[{"embeddable":true,"href":"https:\/\/cmykprinted.com\/pt\/wp-json\/wp\/v2\/media\/1053"}],"wp:attachment":[{"href":"https:\/\/cmykprinted.com\/pt\/wp-json\/wp\/v2\/media?parent=1052"}],"wp:term":[{"taxonomy":"product_cat","embeddable":true,"href":"https:\/\/cmykprinted.com\/pt\/wp-json\/wp\/v2\/product_cat?post=1052"},{"taxonomy":"product_tag","embeddable":true,"href":"https:\/\/cmykprinted.com\/pt\/wp-json\/wp\/v2\/product_tag?post=1052"}],"curies":[{"name":"wp","href":"https:\/\/api.w.org\/{rel}","templated":true}]}}