{"id":1095,"date":"2023-02-13T15:30:16","date_gmt":"2023-02-13T15:30:16","guid":{"rendered":"https:\/\/cmykprinted.com\/?post_type=product&#038;p=1095"},"modified":"2023-02-13T15:34:49","modified_gmt":"2023-02-13T15:34:49","slug":"waterproof-custom-uv-3d-metal-transfer-stickers-labels","status":"publish","type":"product","link":"https:\/\/cmykprinted.com\/pt\/produto\/waterproof-custom-uv-3d-metal-transfer-stickers-labels\/","title":{"rendered":"Etiquetas adesivas de transfer\u00eancia de metal 3D UV personalizadas \u00e0 prova d&#039;\u00e1gua"},"content":{"rendered":"","protected":false},"excerpt":{"rendered":"<p>Os adesivos de transfer\u00eancia de metal 3D oferecem uma solu\u00e7\u00e3o de rotulagem exclusiva e elegante, utilizando folha de n\u00edquel forte para criar um efeito 3D. O excesso de material \u00e9 cortado do design, resultando em uma apar\u00eancia elegante e sofisticada com um visual \u201csem r\u00f3tulo\u201d. Perfeitos para produtos premium ou e-commerce, os adesivos s\u00e3o produzidos imprimindo o design em folha de n\u00edquel por meio de um processo de impress\u00e3o especializado. Ap\u00f3s a remo\u00e7\u00e3o do excesso de material, os elementos elevados s\u00e3o cobertos com uma camada adesiva, tornando-os adequados para aplica\u00e7\u00e3o em diversas superf\u00edcies, como pl\u00e1stico, metal e papel.<br \/>\nUm dos principais benef\u00edcios desses adesivos de transfer\u00eancia de metal 3D \u00e9 sua durabilidade. Feitos de n\u00edquel resistente \u00e0 corros\u00e3o, eles podem resistir ao desgaste, mantendo sua qualidade ao longo do tempo. Al\u00e9m disso, s\u00e3o resistentes ao desbotamento e \u00e0 descolora\u00e7\u00e3o, garantindo uma solu\u00e7\u00e3o de rotulagem duradoura. O efeito 3D desses adesivos tamb\u00e9m adiciona um toque atraente e diferenciado \u00e0 embalagem ou marca do seu produto.<\/p>\n<div style=\"width: 1280px;\" class=\"wp-video\"><!--[if lt IE 9]><script>document.createElement('video');<\/script><![endif]--><br \/>\n<video class=\"wp-video-shortcode\" id=\"video-1095-1\" width=\"1280\" height=\"720\" loop autoplay preload=\"metadata\" controls=\"controls\"><source type=\"video\/mp4\" src=\"http:\/\/cmykprinted.com\/wp-content\/uploads\/2022\/12\/Metal-Transfer-Sticker.mp4?_=1\" \/><a href=\"http:\/\/cmykprinted.com\/wp-content\/uploads\/2022\/12\/Metal-Transfer-Sticker.mp4\">http:\/\/cmykprinted.com\/wp-content\/uploads\/2022\/12\/Metal-Transfer-Sticker.mp4<\/a><\/video><\/div>\n<p>&nbsp;<\/p>","protected":false},"featured_media":1096,"template":"","meta":{"_kad_post_transparent":"default","_kad_post_title":"hide","_kad_post_layout":"fullwidth","_kad_post_sidebar_id":"","_kad_post_content_style":"unboxed","_kad_post_vertical_padding":"hide","_kad_post_feature":"hide","_kad_post_feature_position":"","_kad_post_header":false,"_kad_post_footer":false},"product_cat":[101,102],"product_tag":[299],"class_list":{"0":"post-1095","1":"product","2":"type-product","3":"status-publish","4":"has-post-thumbnail","6":"product_cat-transfer-stickers","7":"product_cat-metal-transfer-stickers","8":"product_tag-3d-metal-transfer-stickers","10":"first","11":"instock","12":"shipping-taxable","13":"product-type-simple","14":"entry","15":"content-bg","16":"loop-entry"},"_links":{"self":[{"href":"https:\/\/cmykprinted.com\/pt\/wp-json\/wp\/v2\/product\/1095","targetHints":{"allow":["GET"]}}],"collection":[{"href":"https:\/\/cmykprinted.com\/pt\/wp-json\/wp\/v2\/product"}],"about":[{"href":"https:\/\/cmykprinted.com\/pt\/wp-json\/wp\/v2\/types\/product"}],"version-history":[{"count":2,"href":"https:\/\/cmykprinted.com\/pt\/wp-json\/wp\/v2\/product\/1095\/revisions"}],"predecessor-version":[{"id":1103,"href":"https:\/\/cmykprinted.com\/pt\/wp-json\/wp\/v2\/product\/1095\/revisions\/1103"}],"wp:featuredmedia":[{"embeddable":true,"href":"https:\/\/cmykprinted.com\/pt\/wp-json\/wp\/v2\/media\/1096"}],"wp:attachment":[{"href":"https:\/\/cmykprinted.com\/pt\/wp-json\/wp\/v2\/media?parent=1095"}],"wp:term":[{"taxonomy":"product_cat","embeddable":true,"href":"https:\/\/cmykprinted.com\/pt\/wp-json\/wp\/v2\/product_cat?post=1095"},{"taxonomy":"product_tag","embeddable":true,"href":"https:\/\/cmykprinted.com\/pt\/wp-json\/wp\/v2\/product_tag?post=1095"}],"curies":[{"name":"wp","href":"https:\/\/api.w.org\/{rel}","templated":true}]}}