{"id":1104,"date":"2023-02-13T15:48:44","date_gmt":"2023-02-13T15:48:44","guid":{"rendered":"https:\/\/cmykprinted.com\/?post_type=product&#038;p=1104"},"modified":"2023-02-13T15:54:13","modified_gmt":"2023-02-13T15:54:13","slug":"low-price-custom-feather-flags-for-indoor-and-outdoor-use","status":"publish","type":"product","link":"https:\/\/cmykprinted.com\/pt\/produto\/low-price-custom-feather-flags-for-indoor-and-outdoor-use\/","title":{"rendered":"Bandeiras de penas personalizadas de baixo pre\u00e7o para uso interno e externo"},"content":{"rendered":"","protected":false},"excerpt":{"rendered":"<p>Bandeiras de penas personalizadas s\u00e3o uma ferramenta de publicidade eficaz para empresas e organiza\u00e7\u00f5es que exigem uma maneira f\u00e1cil de promover sua marca ou mensagem. Essas bandeiras s\u00e3o f\u00e1ceis de configurar e podem ser colocadas em qualquer local, tornando-as uma solu\u00e7\u00e3o pr\u00e1tica. O mastro da bandeira de penas \u00e9 feito de materiais dur\u00e1veis, como alum\u00ednio e fibra de vidro, garantindo que permane\u00e7a na posi\u00e7\u00e3o vertical mesmo em condi\u00e7\u00f5es de vento e clima adverso. A pr\u00f3pria bandeira \u00e9 impressa em tecido de poli\u00e9ster de 115 g\/m2 de alta qualidade que oferece refletividade pr\u00f3xima a 100% no verso, garantindo que a bandeira seja facilmente vis\u00edvel e leg\u00edvel \u00e0 dist\u00e2ncia.<br \/>\nAl\u00e9m de sua durabilidade e visibilidade, as bandeiras de penas personalizadas tamb\u00e9m s\u00e3o convenientes para transportar e ocupam espa\u00e7o m\u00ednimo. Eles podem ser facilmente movidos de um local para outro e podem ser montados em qualquer superf\u00edcie com o uso de v\u00e1rias op\u00e7\u00f5es de base.<br \/>\nEm conclus\u00e3o, bandeiras de penas personalizadas s\u00e3o um m\u00e9todo flex\u00edvel e eficiente para promover sua marca ou mensagem. Com sua f\u00e1cil montagem, robustez e alta visibilidade, s\u00e3o a escolha ideal para qualquer empresa ou organiza\u00e7\u00e3o que busca chamar a aten\u00e7\u00e3o.<\/p>\n<div style=\"width: 1280px;\" class=\"wp-video\"><!--[if lt IE 9]><script>document.createElement('video');<\/script><![endif]--><br \/>\n<video class=\"wp-video-shortcode\" id=\"video-1104-1\" width=\"1280\" height=\"720\" loop autoplay preload=\"metadata\" controls=\"controls\"><source type=\"video\/mp4\" src=\"http:\/\/cmykprinted.com\/wp-content\/uploads\/2022\/12\/Feather-beach-flags.mp4?_=1\" \/><a href=\"http:\/\/cmykprinted.com\/wp-content\/uploads\/2022\/12\/Feather-beach-flags.mp4\">http:\/\/cmykprinted.com\/wp-content\/uploads\/2022\/12\/Feather-beach-flags.mp4<\/a><\/video><\/div>","protected":false},"featured_media":1105,"template":"","meta":{"_kad_post_transparent":"default","_kad_post_title":"hide","_kad_post_layout":"fullwidth","_kad_post_sidebar_id":"","_kad_post_content_style":"unboxed","_kad_post_vertical_padding":"hide","_kad_post_feature":"hide","_kad_post_feature_position":"","_kad_post_header":false,"_kad_post_footer":false},"product_cat":[64,65],"product_tag":[321,322,323,204],"class_list":{"0":"post-1104","1":"product","2":"type-product","3":"status-publish","4":"has-post-thumbnail","6":"product_cat-beach-flags","7":"product_cat-feather-flags-banners","8":"product_tag-custom-feather-flags","9":"product_tag-indoor-feather-flags","10":"product_tag-low-price-feather-flags","11":"product_tag-outdoor-feather-flags","13":"first","14":"instock","15":"shipping-taxable","16":"product-type-simple","17":"entry","18":"content-bg","19":"loop-entry"},"_links":{"self":[{"href":"https:\/\/cmykprinted.com\/pt\/wp-json\/wp\/v2\/product\/1104","targetHints":{"allow":["GET"]}}],"collection":[{"href":"https:\/\/cmykprinted.com\/pt\/wp-json\/wp\/v2\/product"}],"about":[{"href":"https:\/\/cmykprinted.com\/pt\/wp-json\/wp\/v2\/types\/product"}],"version-history":[{"count":2,"href":"https:\/\/cmykprinted.com\/pt\/wp-json\/wp\/v2\/product\/1104\/revisions"}],"predecessor-version":[{"id":1112,"href":"https:\/\/cmykprinted.com\/pt\/wp-json\/wp\/v2\/product\/1104\/revisions\/1112"}],"wp:featuredmedia":[{"embeddable":true,"href":"https:\/\/cmykprinted.com\/pt\/wp-json\/wp\/v2\/media\/1105"}],"wp:attachment":[{"href":"https:\/\/cmykprinted.com\/pt\/wp-json\/wp\/v2\/media?parent=1104"}],"wp:term":[{"taxonomy":"product_cat","embeddable":true,"href":"https:\/\/cmykprinted.com\/pt\/wp-json\/wp\/v2\/product_cat?post=1104"},{"taxonomy":"product_tag","embeddable":true,"href":"https:\/\/cmykprinted.com\/pt\/wp-json\/wp\/v2\/product_tag?post=1104"}],"curies":[{"name":"wp","href":"https:\/\/api.w.org\/{rel}","templated":true}]}}