{"id":1975,"date":"2024-03-28T09:29:25","date_gmt":"2024-03-28T09:29:25","guid":{"rendered":"https:\/\/cmykprinted.com\/?post_type=product&#038;p=1975"},"modified":"2024-03-28T10:00:58","modified_gmt":"2024-03-28T10:00:58","slug":"best-custom-polyester-nylon-flags-for-indoor-and-outdoor","status":"publish","type":"product","link":"https:\/\/cmykprinted.com\/pt\/produto\/melhores-bandeiras-de-poliester-nylon-personalizadas-para-interiores-e-exteriores\/","title":{"rendered":"As melhores bandeiras de poli\u00e9ster e nylon personalizadas para ambientes internos e externos"},"content":{"rendered":"","protected":false},"excerpt":{"rendered":"<p>Bandeiras personalizadas servem como um recurso promocional potente, aproveitando tons vibrantes e movimentos din\u00e2micos para cativar a aten\u00e7\u00e3o e aumentar a visibilidade. V\u00e1rias t\u00e9cnicas de impress\u00e3o est\u00e3o dispon\u00edveis para personaliza\u00e7\u00e3o, como impress\u00e3o digital (impress\u00e3o com \u00e1gua em n\u00e1ilon), serigrafia e impress\u00e3o por sublima\u00e7\u00e3o de tinta. Na Golden Mouth Advertising Factory, optamos pela serigrafia ou impress\u00e3o digital em n\u00e1ilon 200\/210D ou poli\u00e9ster tricotado, selecionando o material e m\u00e9todo de impress\u00e3o com base no or\u00e7amento do cliente, especifica\u00e7\u00f5es da arte e requisitos de quantidade de bandeiras. Embora empreguemos o m\u00e9todo de impress\u00e3o por sublima\u00e7\u00e3o, sua penetra\u00e7\u00e3o limitada de tinta o torna mais adequado para empreendimentos alternativos de impress\u00e3o em tecido, como cen\u00e1rios personalizados e coberturas de mesa. Para Bandeira Impressa Personalizada, costumamos usar impress\u00e3o digital, dessa forma o pre\u00e7o \u00e9 o mais barato.<\/p>\n<p>&nbsp;<\/p>\n<p>&nbsp;<\/p>\n<p>&nbsp;<\/p>\n<p>&nbsp;<\/p>\n<p>&nbsp;<\/p>\n<p>&nbsp;<\/p>","protected":false},"featured_media":1976,"template":"","meta":{"_kad_post_transparent":"default","_kad_post_title":"hide","_kad_post_layout":"fullwidth","_kad_post_sidebar_id":"","_kad_post_content_style":"unboxed","_kad_post_vertical_padding":"hide","_kad_post_feature":"hide","_kad_post_feature_position":"","_kad_post_header":false,"_kad_post_footer":false},"product_cat":[79],"product_tag":[394,389,397,396,399,395,398],"class_list":{"0":"post-1975","1":"product","2":"type-product","3":"status-publish","4":"has-post-thumbnail","6":"product_cat-custom-flags","7":"product_tag-custom-polyester-nylon-flags","8":"product_tag-custom-printed-flags","9":"product_tag-dye-sublimation-printing-flags","10":"product_tag-flags-printing","11":"product_tag-knitted-fabric-flags","12":"product_tag-nylon-flags","13":"product_tag-polyester-flags","15":"first","16":"instock","17":"shipping-taxable","18":"product-type-simple","19":"entry","20":"content-bg","21":"loop-entry"},"_links":{"self":[{"href":"https:\/\/cmykprinted.com\/pt\/wp-json\/wp\/v2\/product\/1975","targetHints":{"allow":["GET"]}}],"collection":[{"href":"https:\/\/cmykprinted.com\/pt\/wp-json\/wp\/v2\/product"}],"about":[{"href":"https:\/\/cmykprinted.com\/pt\/wp-json\/wp\/v2\/types\/product"}],"version-history":[{"count":1,"href":"https:\/\/cmykprinted.com\/pt\/wp-json\/wp\/v2\/product\/1975\/revisions"}],"predecessor-version":[{"id":1983,"href":"https:\/\/cmykprinted.com\/pt\/wp-json\/wp\/v2\/product\/1975\/revisions\/1983"}],"wp:featuredmedia":[{"embeddable":true,"href":"https:\/\/cmykprinted.com\/pt\/wp-json\/wp\/v2\/media\/1976"}],"wp:attachment":[{"href":"https:\/\/cmykprinted.com\/pt\/wp-json\/wp\/v2\/media?parent=1975"}],"wp:term":[{"taxonomy":"product_cat","embeddable":true,"href":"https:\/\/cmykprinted.com\/pt\/wp-json\/wp\/v2\/product_cat?post=1975"},{"taxonomy":"product_tag","embeddable":true,"href":"https:\/\/cmykprinted.com\/pt\/wp-json\/wp\/v2\/product_tag?post=1975"}],"curies":[{"name":"wp","href":"https:\/\/api.w.org\/{rel}","templated":true}]}}