{"id":1994,"date":"2024-04-07T09:49:47","date_gmt":"2024-04-07T09:49:47","guid":{"rendered":"https:\/\/cmykprinted.com\/?post_type=product&#038;p=1994"},"modified":"2024-04-07T10:12:36","modified_gmt":"2024-04-07T10:12:36","slug":"12oz-double-sided-printed-fabric-banners","status":"publish","type":"product","link":"https:\/\/cmykprinted.com\/pt\/produto\/12oz-dupla-face-impresso-bandeiras-de-tela\/","title":{"rendered":"Banners de tecido impresso frente e verso de 12 on\u00e7as"},"content":{"rendered":"","protected":false},"excerpt":{"rendered":"<p>Nossa f\u00e1brica pode imprimir em tecido de uma camada dupla face sem tecido de sombra prateada m\u00e9dia. Portanto, a dupla face do tecido estar\u00e1 nas mesmas cores impressas.<\/p>\n<p>Os materiais que podemos escolher \u00e9 tecido de malha de poli\u00e9ster de 3,9 on\u00e7as ou 12 on\u00e7as de espessura.<\/p>\n<p>O m\u00e9todo de impress\u00e3o que podemos fazer \u00e9 a impress\u00e3o digital em ambos os lados do tecido. Os banners de tecido estampado frente e verso ser\u00e3o \u00e0 prova d&#039;\u00e1gua e lav\u00e1veis.<\/p>\n<p>Sem limita\u00e7\u00e3o de tamanho, banners maiores ser\u00e3o costurados juntos.<\/p>\n<p>Para a op\u00e7\u00e3o finalizada, podemos fazer bainhas e ilh\u00f3s, ou ilh\u00f3s ou manga para poste, podemos fazer qualquer requisito personalizado.<\/p>\n<p>Por que sugerimos que voc\u00ea use o banner \/ bandeira de tecido de uma camada, o peso ser\u00e1 leve a f\u00e1cil de voar no ar. E seu custo tamb\u00e9m \u00e9 mais barato do que banners de tecido dupla face de 3 camadas.<\/p>\n<p>Podemos fornecer um retorno r\u00e1pido.<\/p>\n<p>&nbsp;<\/p>\n<p>&nbsp;<\/p>\n<p>&nbsp;<\/p>\n<p>&nbsp;<\/p>\n<p>&nbsp;<\/p>","protected":false},"featured_media":1995,"template":"","meta":{"_kad_post_transparent":"default","_kad_post_title":"hide","_kad_post_layout":"fullwidth","_kad_post_sidebar_id":"","_kad_post_content_style":"unboxed","_kad_post_vertical_padding":"hide","_kad_post_feature":"hide","_kad_post_feature_position":"","_kad_post_header":false,"_kad_post_footer":false},"product_cat":[79],"product_tag":[409,405,407,408,406],"class_list":{"0":"post-1994","1":"product","2":"type-product","3":"status-publish","4":"has-post-thumbnail","6":"product_cat-custom-flags","7":"product_tag-12-oz-fabric-banners","8":"product_tag-double-sided-fabric-banners","9":"product_tag-double-sided-printed-fabric-banners","10":"product_tag-fabric-banners","11":"product_tag-printed-fabric-banners","13":"first","14":"instock","15":"shipping-taxable","16":"product-type-simple","17":"entry","18":"content-bg","19":"loop-entry"},"_links":{"self":[{"href":"https:\/\/cmykprinted.com\/pt\/wp-json\/wp\/v2\/product\/1994","targetHints":{"allow":["GET"]}}],"collection":[{"href":"https:\/\/cmykprinted.com\/pt\/wp-json\/wp\/v2\/product"}],"about":[{"href":"https:\/\/cmykprinted.com\/pt\/wp-json\/wp\/v2\/types\/product"}],"version-history":[{"count":1,"href":"https:\/\/cmykprinted.com\/pt\/wp-json\/wp\/v2\/product\/1994\/revisions"}],"predecessor-version":[{"id":2001,"href":"https:\/\/cmykprinted.com\/pt\/wp-json\/wp\/v2\/product\/1994\/revisions\/2001"}],"wp:featuredmedia":[{"embeddable":true,"href":"https:\/\/cmykprinted.com\/pt\/wp-json\/wp\/v2\/media\/1995"}],"wp:attachment":[{"href":"https:\/\/cmykprinted.com\/pt\/wp-json\/wp\/v2\/media?parent=1994"}],"wp:term":[{"taxonomy":"product_cat","embeddable":true,"href":"https:\/\/cmykprinted.com\/pt\/wp-json\/wp\/v2\/product_cat?post=1994"},{"taxonomy":"product_tag","embeddable":true,"href":"https:\/\/cmykprinted.com\/pt\/wp-json\/wp\/v2\/product_tag?post=1994"}],"curies":[{"name":"wp","href":"https:\/\/api.w.org\/{rel}","templated":true}]}}