{"id":2002,"date":"2024-04-08T03:40:15","date_gmt":"2024-04-08T03:40:15","guid":{"rendered":"https:\/\/cmykprinted.com\/?post_type=product&#038;p=2002"},"modified":"2024-04-08T04:07:18","modified_gmt":"2024-04-08T04:07:18","slug":"3d-embossed-nickel-metallic-decal-label-stickers","status":"publish","type":"product","link":"https:\/\/cmykprinted.com\/pt\/produto\/3d-em-baixo-relevo-niquel-metalico-adesivo-etiqueta\/","title":{"rendered":"Adesivos de etiqueta com decalque met\u00e1lico de n\u00edquel em relevo 3D"},"content":{"rendered":"","protected":false},"excerpt":{"rendered":"<p>O MOQ: 1 folha (17 * 30 cm), voc\u00ea pode criar muitos logotipos de tamanho pequeno diferentes na folha. O pre\u00e7o \u00e9 de USD15 por folha como custo de amostra. Este custo n\u00e3o inclui o custo de envio. Podemos envi\u00e1-los para todo o mundo dentro de 10 dias. Se as amostras n\u00e3o forem urgentes, podemos usar o EMS para enviar, levar\u00e1 cerca de 12 dias. Se for urgente, usaremos DHL ou UPS ou Fedex para enviar.<\/p>\n<p>Cor do adesivo decalque de transfer\u00eancia met\u00e1lica para escolher: prata, preto, branco, vermelho, verde, roxo, champanhe, ouro brilhante, azul.<\/p>\n<p>Retorno r\u00e1pido: 2-3 dias<\/p>\n<p>Aplica\u00e7\u00e3o \/ Uso: contanto que a superf\u00edcie do seu produto esteja limpa e lisa, nossa etiqueta de transfer\u00eancia met\u00e1lica 3D pode funcionar nele. Usamos autoadesivo forte 3M na parte traseira, para que a etiqueta fique firme.<\/p>\n<p>Amostras de estoque gr\u00e1tis est\u00e3o dispon\u00edveis, entre em contato conosco!<\/p>\n<p>&nbsp;<\/p>\n<div style=\"width: 640px;\" class=\"wp-video\"><!--[if lt IE 9]><script>document.createElement('video');<\/script><![endif]--><br \/>\n<video class=\"wp-video-shortcode\" id=\"video-2002-1\" width=\"640\" height=\"360\" preload=\"metadata\" controls=\"controls\"><source type=\"video\/mp4\" src=\"https:\/\/cmykprinted.com\/wp-content\/uploads\/2024\/04\/Embossed-Nickel-Decal-Label-Stickers.mp4?_=1\" \/><a href=\"https:\/\/cmykprinted.com\/wp-content\/uploads\/2024\/04\/Embossed-Nickel-Decal-Label-Stickers.mp4\">https:\/\/cmykprinted.com\/wp-content\/uploads\/2024\/04\/Embossed-Nickel-Decal-Label-Stickers.mp4<\/a><\/video><\/div>\n<p>&nbsp;<\/p>","protected":false},"featured_media":2003,"template":"","meta":{"_kad_post_transparent":"default","_kad_post_title":"hide","_kad_post_layout":"fullwidth","_kad_post_sidebar_id":"","_kad_post_content_style":"unboxed","_kad_post_vertical_padding":"hide","_kad_post_feature":"hide","_kad_post_feature_position":"","_kad_post_header":false,"_kad_post_footer":false},"product_cat":[101,102],"product_tag":[413,412,411,410,414],"class_list":{"0":"post-2002","1":"product","2":"type-product","3":"status-publish","4":"has-post-thumbnail","6":"product_cat-transfer-stickers","7":"product_cat-metal-transfer-stickers","8":"product_tag-3d-embossed-nickel-metallic-decal","9":"product_tag-embossed-decals","10":"product_tag-embossed-labels","11":"product_tag-embossed-stickers","12":"product_tag-nickel-metallic-decal-label-stickers","14":"first","15":"instock","16":"shipping-taxable","17":"product-type-simple","18":"entry","19":"content-bg","20":"loop-entry"},"_links":{"self":[{"href":"https:\/\/cmykprinted.com\/pt\/wp-json\/wp\/v2\/product\/2002","targetHints":{"allow":["GET"]}}],"collection":[{"href":"https:\/\/cmykprinted.com\/pt\/wp-json\/wp\/v2\/product"}],"about":[{"href":"https:\/\/cmykprinted.com\/pt\/wp-json\/wp\/v2\/types\/product"}],"version-history":[{"count":1,"href":"https:\/\/cmykprinted.com\/pt\/wp-json\/wp\/v2\/product\/2002\/revisions"}],"predecessor-version":[{"id":2009,"href":"https:\/\/cmykprinted.com\/pt\/wp-json\/wp\/v2\/product\/2002\/revisions\/2009"}],"wp:featuredmedia":[{"embeddable":true,"href":"https:\/\/cmykprinted.com\/pt\/wp-json\/wp\/v2\/media\/2003"}],"wp:attachment":[{"href":"https:\/\/cmykprinted.com\/pt\/wp-json\/wp\/v2\/media?parent=2002"}],"wp:term":[{"taxonomy":"product_cat","embeddable":true,"href":"https:\/\/cmykprinted.com\/pt\/wp-json\/wp\/v2\/product_cat?post=2002"},{"taxonomy":"product_tag","embeddable":true,"href":"https:\/\/cmykprinted.com\/pt\/wp-json\/wp\/v2\/product_tag?post=2002"}],"curies":[{"name":"wp","href":"https:\/\/api.w.org\/{rel}","templated":true}]}}