{"id":2094,"date":"2024-05-06T12:36:30","date_gmt":"2024-05-06T12:36:30","guid":{"rendered":"https:\/\/cmykprinted.com\/?post_type=product&#038;p=2094"},"modified":"2024-05-06T12:44:46","modified_gmt":"2024-05-06T12:44:46","slug":"custom-champagne-metallic-logo-transfer-stickers-for-jar","status":"publish","type":"product","link":"https:\/\/cmykprinted.com\/pt\/produto\/autocolantes-de-transferencia-de-logotipo-metalico-champanhe-personalizados-para-frasco\/","title":{"rendered":"Adesivos de transfer\u00eancia de logotipo met\u00e1lico champanhe personalizados para jarra"},"content":{"rendered":"","protected":false},"excerpt":{"rendered":"<p><strong>Adesivos de transfer\u00eancia de logotipo met\u00e1lico champanhe personalizados para jarra:<\/strong><br \/>\nO maior tamanho que podemos fazer \u00e9 17 * 30 cm, se o seu logotipo for menor, podemos colocar muitas pe\u00e7as em uma folha.<br \/>\nOs adesivos de transfer\u00eancia met\u00e1licos na cor champanhe n\u00e3o se parecem com o adesivo de metal dourado t\u00e3o brilhante, muitos clientes n\u00e3o gostam do efeito brilhante, ent\u00e3o eles escolher\u00e3o a cor ouro champanhe para imprimir o logotipo da empresa.<br \/>\nPodemos fornecer um retorno r\u00e1pido (2-3 dias de produ\u00e7\u00e3o em massa) e 7 dias de entrega para todo o mundo.<br \/>\nPara obter o melhor pre\u00e7o final, entre em contato conosco por whats app ou e-mail, para que possamos acertar o pre\u00e7o. Precisamos ver sua arte com informa\u00e7\u00f5es de tamanho e quantidade e qual cor voc\u00ea deseja. Se voc\u00ea n\u00e3o tiver essas informa\u00e7\u00f5es, n\u00e3o podemos fornecer o pre\u00e7o.<br \/>\nNossos adesivos de transfer\u00eancia met\u00e1licos personalizados com adesivo permanente e forte da marca 3 M. Voc\u00ea pode tentar com um pedido de amostra para ver nosso servi\u00e7o e qualidade.<\/p>\n<p>&nbsp;<\/p>\n<p>&nbsp;<\/p>\n<div style=\"width: 1280px;\" class=\"wp-video\"><!--[if lt IE 9]><script>document.createElement('video');<\/script><![endif]--><br \/>\n<video class=\"wp-video-shortcode\" id=\"video-2094-1\" width=\"1280\" height=\"720\" preload=\"metadata\" controls=\"controls\"><source type=\"video\/mp4\" src=\"https:\/\/cmykprinted.com\/wp-content\/uploads\/2024\/05\/champagne-metal-transfer-label-1-1.mp4?_=1\" \/><a href=\"https:\/\/cmykprinted.com\/wp-content\/uploads\/2024\/05\/champagne-metal-transfer-label-1-1.mp4\">https:\/\/cmykprinted.com\/wp-content\/uploads\/2024\/05\/champagne-metal-transfer-label-1-1.mp4<\/a><\/video><\/div>\n<p>&nbsp;<\/p>\n<p>&nbsp;<\/p>","protected":false},"featured_media":2090,"template":"","meta":{"_kad_post_transparent":"default","_kad_post_title":"hide","_kad_post_layout":"fullwidth","_kad_post_sidebar_id":"","_kad_post_content_style":"unboxed","_kad_post_vertical_padding":"hide","_kad_post_feature":"hide","_kad_post_feature_position":"","_kad_post_header":false,"_kad_post_footer":false},"product_cat":[101,102],"product_tag":[451,454,450,449,452,453,448],"class_list":{"0":"post-2094","1":"product","2":"type-product","3":"status-publish","4":"has-post-thumbnail","6":"product_cat-transfer-stickers","7":"product_cat-metal-transfer-stickers","8":"product_tag-custom-champagne-metallic-transfer-stickers","9":"product_tag-custom-transfer-stickers","10":"product_tag-metallic-logo-transfer-stickers","11":"product_tag-transfer-stickers-for-jar","12":"product_tag-transfer-stickers-printing","13":"product_tag-uv-dtf-transfer-stickers","14":"product_tag-uv-transfer-label","16":"first","17":"instock","18":"shipping-taxable","19":"product-type-simple","20":"entry","21":"content-bg","22":"loop-entry"},"_links":{"self":[{"href":"https:\/\/cmykprinted.com\/pt\/wp-json\/wp\/v2\/product\/2094","targetHints":{"allow":["GET"]}}],"collection":[{"href":"https:\/\/cmykprinted.com\/pt\/wp-json\/wp\/v2\/product"}],"about":[{"href":"https:\/\/cmykprinted.com\/pt\/wp-json\/wp\/v2\/types\/product"}],"version-history":[{"count":1,"href":"https:\/\/cmykprinted.com\/pt\/wp-json\/wp\/v2\/product\/2094\/revisions"}],"predecessor-version":[{"id":2096,"href":"https:\/\/cmykprinted.com\/pt\/wp-json\/wp\/v2\/product\/2094\/revisions\/2096"}],"wp:featuredmedia":[{"embeddable":true,"href":"https:\/\/cmykprinted.com\/pt\/wp-json\/wp\/v2\/media\/2090"}],"wp:attachment":[{"href":"https:\/\/cmykprinted.com\/pt\/wp-json\/wp\/v2\/media?parent=2094"}],"wp:term":[{"taxonomy":"product_cat","embeddable":true,"href":"https:\/\/cmykprinted.com\/pt\/wp-json\/wp\/v2\/product_cat?post=2094"},{"taxonomy":"product_tag","embeddable":true,"href":"https:\/\/cmykprinted.com\/pt\/wp-json\/wp\/v2\/product_tag?post=2094"}],"curies":[{"name":"wp","href":"https:\/\/api.w.org\/{rel}","templated":true}]}}