{"id":2098,"date":"2024-05-09T08:52:07","date_gmt":"2024-05-09T08:52:07","guid":{"rendered":"https:\/\/cmykprinted.com\/?post_type=product&#038;p=2098"},"modified":"2024-05-09T09:36:29","modified_gmt":"2024-05-09T09:36:29","slug":"custom-metallic-3d-transfer-label-decal-stickers","status":"publish","type":"product","link":"https:\/\/cmykprinted.com\/pt\/produto\/custom-metallic-3d-transfer-label-decal-stickers\/","title":{"rendered":"Adesivos decalques de etiqueta de transfer\u00eancia 3D met\u00e1licos personalizados"},"content":{"rendered":"","protected":false},"excerpt":{"rendered":"<h1><strong>Adesivos decalques de etiqueta de transfer\u00eancia 3D met\u00e1licos personalizados <\/strong><\/h1>\n<ul>\n<li>Pedido de amostra: 1 folha (17*30 cm), se o seu logotipo ou tamanho gr\u00e1fico for pequeno, podemos colocar muitas pe\u00e7as em uma folha<\/li>\n<li>Aplica\u00e7\u00f5es: Nossas etiquetas met\u00e1licas personalizadas encontram aplica\u00e7\u00e3o em diversos setores, incluindo perfumaria, vinifica\u00e7\u00e3o, recipientes para velas, garrafas de vidro e v\u00e1rios outros tipos de garrafas. Eles tamb\u00e9m s\u00e3o utilizados em capas de telefones celulares, eletrodom\u00e9sticos, dispositivos eletr\u00f4nicos, embalagens de caixas de presente, autom\u00f3veis, m\u00e1quinas e in\u00fameras outras ind\u00fastrias.<\/li>\n<li>Retorno r\u00e1pido: prazo de entrega da amostra: 3-4 dias e uma semana para todo o mundo com servi\u00e7o porta a porta DHL ou Fedex ou UPS<\/li>\n<li>Pre\u00e7o de f\u00e1brica mais barato para etiqueta de transfer\u00eancia met\u00e1lica personalizada<\/li>\n<li>Temos adesivos diferentes para fazer o adesivo de transfer\u00eancia colar em superf\u00edcies de materiais diferentes. Portanto, voc\u00ea deve nos informar ou mostrar seu produto, para que possamos saber que tipo de adesivo devemos usar. Nem todas as superf\u00edcies podem funcionar com nosso adesivo forte. Por exemplo, no teste abaixo, falhou com nosso forte adesivo 3 M.<strong> Portanto, \u00e9 essencial selecionar uma f\u00e1brica suficientemente profissional para cooperar; caso contr\u00e1rio, seria uma perda de tempo e dinheiro valiosos.<\/strong><br \/>\n<figure id=\"attachment_2099\" aria-describedby=\"caption-attachment-2099\" style=\"width: 1280px\" class=\"wp-caption alignnone\"><img fetchpriority=\"high\" decoding=\"async\" class=\"size-full wp-image-2099\" src=\"https:\/\/cmykprinted.com\/wp-content\/uploads\/2024\/05\/custom-metallic-transfer-sticker.jpg\" alt=\"Adesivos de transfer\u00eancia met\u00e1licos personalizados\" width=\"1280\" height=\"1707\" srcset=\"https:\/\/cmykprinted.com\/wp-content\/uploads\/2024\/05\/custom-metallic-transfer-sticker.jpg 1280w, https:\/\/cmykprinted.com\/wp-content\/uploads\/2024\/05\/custom-metallic-transfer-sticker-225x300.jpg 225w, https:\/\/cmykprinted.com\/wp-content\/uploads\/2024\/05\/custom-metallic-transfer-sticker-768x1024.jpg 768w, https:\/\/cmykprinted.com\/wp-content\/uploads\/2024\/05\/custom-metallic-transfer-sticker-1152x1536.jpg 1152w, https:\/\/cmykprinted.com\/wp-content\/uploads\/2024\/05\/custom-metallic-transfer-sticker-9x12.jpg 9w, https:\/\/cmykprinted.com\/wp-content\/uploads\/2024\/05\/custom-metallic-transfer-sticker-600x800.jpg 600w\" sizes=\"(max-width: 1280px) 100vw, 1280px\" \/><figcaption id=\"caption-attachment-2099\" class=\"wp-caption-text\">Adesivos de transfer\u00eancia met\u00e1licos personalizados<\/figcaption><\/figure>\n<\/li>\n<\/ul>\n<h2><strong>Para mostrar como transferir o adesivo do seu logotipo para o seu produto, certifique-se de assistir pacientemente ao v\u00eddeo instrutivo abaixo:<\/strong><\/h2>\n<div style=\"width: 720px;\" class=\"wp-video\"><!--[if lt IE 9]><script>document.createElement('video');<\/script><![endif]--><br \/>\n<video class=\"wp-video-shortcode\" id=\"video-2098-1\" width=\"720\" height=\"720\" preload=\"metadata\" controls=\"controls\"><source type=\"video\/mp4\" src=\"https:\/\/cmykprinted.com\/wp-content\/uploads\/2024\/05\/how-to-peel-of-the-transfer-label.mp4?_=1\" \/><a href=\"https:\/\/cmykprinted.com\/wp-content\/uploads\/2024\/05\/how-to-peel-of-the-transfer-label.mp4\">https:\/\/cmykprinted.com\/wp-content\/uploads\/2024\/05\/how-to-peel-of-the-transfer-label.mp4<\/a><\/video><\/div>\n<p>&nbsp;<\/p>\n<p>&nbsp;<\/p>","protected":false},"featured_media":2101,"template":"","meta":{"_kad_post_transparent":"default","_kad_post_title":"hide","_kad_post_layout":"fullwidth","_kad_post_sidebar_id":"","_kad_post_content_style":"unboxed","_kad_post_vertical_padding":"hide","_kad_post_feature":"hide","_kad_post_feature_position":"","_kad_post_header":false,"_kad_post_footer":false},"product_cat":[101,102],"product_tag":[460,455,457,459,458,456],"class_list":{"0":"post-2098","1":"product","2":"type-product","3":"status-publish","4":"has-post-thumbnail","6":"product_cat-transfer-stickers","7":"product_cat-metal-transfer-stickers","8":"product_tag-custom-gold-transfer-label-for-bottle","9":"product_tag-custom-metallic-3d-transfer-labels","10":"product_tag-custom-metallic-transfer-decal","11":"product_tag-custom-transfer-sticker-for-wine","12":"product_tag-custom-transfer-stickers-for-perfumes","13":"product_tag-metallic-3d-transfer-label","15":"first","16":"instock","17":"shipping-taxable","18":"product-type-simple","19":"entry","20":"content-bg","21":"loop-entry"},"_links":{"self":[{"href":"https:\/\/cmykprinted.com\/pt\/wp-json\/wp\/v2\/product\/2098","targetHints":{"allow":["GET"]}}],"collection":[{"href":"https:\/\/cmykprinted.com\/pt\/wp-json\/wp\/v2\/product"}],"about":[{"href":"https:\/\/cmykprinted.com\/pt\/wp-json\/wp\/v2\/types\/product"}],"version-history":[{"count":1,"href":"https:\/\/cmykprinted.com\/pt\/wp-json\/wp\/v2\/product\/2098\/revisions"}],"predecessor-version":[{"id":2107,"href":"https:\/\/cmykprinted.com\/pt\/wp-json\/wp\/v2\/product\/2098\/revisions\/2107"}],"wp:featuredmedia":[{"embeddable":true,"href":"https:\/\/cmykprinted.com\/pt\/wp-json\/wp\/v2\/media\/2101"}],"wp:attachment":[{"href":"https:\/\/cmykprinted.com\/pt\/wp-json\/wp\/v2\/media?parent=2098"}],"wp:term":[{"taxonomy":"product_cat","embeddable":true,"href":"https:\/\/cmykprinted.com\/pt\/wp-json\/wp\/v2\/product_cat?post=2098"},{"taxonomy":"product_tag","embeddable":true,"href":"https:\/\/cmykprinted.com\/pt\/wp-json\/wp\/v2\/product_tag?post=2098"}],"curies":[{"name":"wp","href":"https:\/\/api.w.org\/{rel}","templated":true}]}}