{"id":2178,"date":"2024-08-28T02:23:28","date_gmt":"2024-08-28T02:23:28","guid":{"rendered":"https:\/\/cmykprinted.com\/?post_type=product&#038;p=2178"},"modified":"2024-08-28T02:59:18","modified_gmt":"2024-08-28T02:59:18","slug":"customized-handheld-mini-flags","status":"publish","type":"product","link":"https:\/\/cmykprinted.com\/pt\/produto\/bandeirinhas-mini-portateis-personalizadas\/","title":{"rendered":"Mini bandeiras port\u00e1teis personalizadas"},"content":{"rendered":"","protected":false},"excerpt":{"rendered":"<p>Nossas Mini Bandeiras Port\u00e1teis Personalizadas s\u00e3o impressas frente e verso, o que significa que o logotipo pode ser lido corretamente de ambos os lados. Usamos tecido blockout de 280g com impress\u00e3o digital direta frente e verso. O tamanho da bandeira \u00e9 20\u00d720 cm, e o mastro \u00e9 uma haste de madeira de 30 cm (o comprimento do mastro pode ser personalizado). N\u00e3o h\u00e1 quantidade m\u00ednima de pedido para esta bandeira personalizada; voc\u00ea pode pedir apenas 1 pe\u00e7a, mas quanto mais voc\u00ea pedir, mais econ\u00f4mica ela se torna.<br \/>\nNossas Small Flags on Sticks podem ser usadas para eventos esportivos, exibi\u00e7\u00f5es de mesa, decora\u00e7\u00f5es de quintal, reuni\u00f5es, festivais, brindes promocionais, desfiles, protestos e outras atividades. Embora sejam concebidas como produtos descart\u00e1veis, elas oferecem uma maneira acess\u00edvel de exibir sua marca.<\/p>\n<div style=\"width: 720px;\" class=\"wp-video\"><!--[if lt IE 9]><script>document.createElement('video');<\/script><![endif]--><br \/>\n<video class=\"wp-video-shortcode\" id=\"video-2178-1\" width=\"720\" height=\"1280\" preload=\"metadata\" controls=\"controls\"><source type=\"video\/mp4\" src=\"https:\/\/cmykprinted.com\/wp-content\/uploads\/2024\/08\/Small-Flags-on-Sticks.mp4?_=1\" \/><a href=\"https:\/\/cmykprinted.com\/wp-content\/uploads\/2024\/08\/Small-Flags-on-Sticks.mp4\">https:\/\/cmykprinted.com\/wp-content\/uploads\/2024\/08\/Small-Flags-on-Sticks.mp4<\/a><\/video><\/div>\n<p>&nbsp;<\/p>","protected":false},"featured_media":2179,"template":"","meta":{"_kad_post_transparent":"default","_kad_post_title":"hide","_kad_post_layout":"fullwidth","_kad_post_sidebar_id":"","_kad_post_content_style":"unboxed","_kad_post_vertical_padding":"hide","_kad_post_feature":"hide","_kad_post_feature_position":"","_kad_post_header":false,"_kad_post_footer":false},"product_cat":[79],"product_tag":[490,485,489,486,488,487,484],"class_list":{"0":"post-2178","1":"product","2":"type-product","3":"status-publish","4":"has-post-thumbnail","6":"product_cat-custom-flags","7":"product_tag-hand-held-flags","8":"product_tag-hand-held-flags-of-the-world","9":"product_tag-handheld-banne","10":"product_tag-mini-flags-on-sticks","11":"product_tag-mini-flags-with-stick","12":"product_tag-small-country-flags-on-sticks","13":"product_tag-small-flags-on-sticks","15":"first","16":"instock","17":"shipping-taxable","18":"product-type-simple","19":"entry","20":"content-bg","21":"loop-entry"},"_links":{"self":[{"href":"https:\/\/cmykprinted.com\/pt\/wp-json\/wp\/v2\/product\/2178","targetHints":{"allow":["GET"]}}],"collection":[{"href":"https:\/\/cmykprinted.com\/pt\/wp-json\/wp\/v2\/product"}],"about":[{"href":"https:\/\/cmykprinted.com\/pt\/wp-json\/wp\/v2\/types\/product"}],"version-history":[{"count":1,"href":"https:\/\/cmykprinted.com\/pt\/wp-json\/wp\/v2\/product\/2178\/revisions"}],"predecessor-version":[{"id":2183,"href":"https:\/\/cmykprinted.com\/pt\/wp-json\/wp\/v2\/product\/2178\/revisions\/2183"}],"wp:featuredmedia":[{"embeddable":true,"href":"https:\/\/cmykprinted.com\/pt\/wp-json\/wp\/v2\/media\/2179"}],"wp:attachment":[{"href":"https:\/\/cmykprinted.com\/pt\/wp-json\/wp\/v2\/media?parent=2178"}],"wp:term":[{"taxonomy":"product_cat","embeddable":true,"href":"https:\/\/cmykprinted.com\/pt\/wp-json\/wp\/v2\/product_cat?post=2178"},{"taxonomy":"product_tag","embeddable":true,"href":"https:\/\/cmykprinted.com\/pt\/wp-json\/wp\/v2\/product_tag?post=2178"}],"curies":[{"name":"wp","href":"https:\/\/api.w.org\/{rel}","templated":true}]}}