{"id":2189,"date":"2024-09-18T13:06:31","date_gmt":"2024-09-18T13:06:31","guid":{"rendered":"https:\/\/cmykprinted.com\/?post_type=product&#038;p=2189"},"modified":"2024-09-19T01:45:11","modified_gmt":"2024-09-19T01:45:11","slug":"full-colors-custom-8-feet-printed-spandex-table-covers","status":"publish","type":"product","link":"https:\/\/cmykprinted.com\/pt\/produto\/cores-completas-personalizadas-8-pes-impressas-spandex-capas-de-mesa\/","title":{"rendered":"Capas de mesa de elastano impressas personalizadas de 8 p\u00e9s em cores completas"},"content":{"rendered":"","protected":false},"excerpt":{"rendered":"<p><strong>Capas de mesa de elastano impressas personalizadas: uma exibi\u00e7\u00e3o perfeita para sua marca<\/strong><\/p>\n<p>As capas de mesa de spandex impressas se tornaram um item b\u00e1sico no mundo das feiras comerciais, eventos promocionais e displays de varejo. Oferecendo forma e fun\u00e7\u00e3o, essas capas de mesa de spandex com contorno elegante e estiloso s\u00e3o projetadas para fornecer um ajuste confort\u00e1vel, apelo visual vibrante e durabilidade incompar\u00e1vel.<\/p>\n<p><strong>Um ajuste personalizado para atender \u00e0s suas necessidades<\/strong><\/p>\n<p>Nossas capas de mesa de elastano est\u00e3o dispon\u00edveis em v\u00e1rias configura\u00e7\u00f5es para acomodar suas necessidades espec\u00edficas. Se voc\u00ea precisa de uma capa de 4 lados, uma capa de 4 lados com z\u00edper para f\u00e1cil acesso ao armazenamento sob a mesa ou um design de costas abertas de 3 lados para permitir que um membro da equipe fique sentado no display, n\u00f3s temos o que voc\u00ea precisa. A mistura de tecido de elastano\/poli\u00e9ster garante um acabamento justo e quase sem rugas que fica \u00f3timo em qualquer ambiente.<\/p>\n<p>Projetadas para eventos internos e externos, essas capas s\u00e3o populares em feiras, lojas de varejo, eventos promocionais e sagu\u00f5es corporativos. Os bolsos refor\u00e7ados para as pernas e os z\u00edperes resistentes s\u00e3o costurados duas vezes para maior durabilidade, garantindo que a capa permane\u00e7a firmemente no lugar, mesmo em condi\u00e7\u00f5es de vento. N\u00e3o se preocupe mais com a capa da sua mesa sendo levada pelo vento ao ar livre.<\/p>\n<p>Tecido e impress\u00e3o de alta qualidade para m\u00e1ximo impacto<\/p>\n<p>O que diferencia nossas capas de mesa \u00e9 a qualidade do material e o processo de impress\u00e3o. Feitas de um tecido de 280 GSM, nossas capas s\u00e3o mais grossas e dur\u00e1veis \u200b\u200bdo que a maioria dos concorrentes, e isso fica evidente no produto final. N\u00f3s nos concentramos em cada detalhe para entregar um produto que exceda as expectativas.<\/p>\n<p>Os bolsos refor\u00e7ados de polipropileno para as pernas s\u00e3o extra largos, garantindo que se ajustem a qualquer configura\u00e7\u00e3o de pernas de mesa. Essa aten\u00e7\u00e3o meticulosa ao design torna as capas n\u00e3o apenas dur\u00e1veis, mas vers\u00e1teis, adequadas para qualquer ambiente de evento.<\/p>\n<p>Uma das principais caracter\u00edsticas das nossas capas de mesa de spandex \u00e9 a impress\u00e3o vibrante e de alta qualidade do logotipo que far\u00e1 sua marca se destacar. Usando a tecnologia de sublima\u00e7\u00e3o de tinta, transferimos seu design usando calor intenso, incorporando totalmente as cores no tecido. Essa t\u00e9cnica avan\u00e7ada de impress\u00e3o resulta em cores permanentes e brilhantes que n\u00e3o desbotam. Quer voc\u00ea queira imprimir milhares de cores, imagens fotogr\u00e1ficas de alta qualidade ou elementos de cores especiais, podemos dar vida \u00e0 sua vis\u00e3o.<\/p>\n<p>Nosso processo de impress\u00e3o garante que at\u00e9 os detalhes mais intrincados do seu logotipo ou design \u201cse destaquem\u201d, dando \u00e0 sua exibi\u00e7\u00e3o uma apar\u00eancia profissional e polida. Voc\u00ea pode at\u00e9 criar um efeito 3D com seu design, se desejar.<\/p>\n<p>Op\u00e7\u00f5es de design personalizado: sua marca, seu jeito<\/p>\n<p>Oferecemos op\u00e7\u00f5es de personaliza\u00e7\u00e3o completas para atender \u00e0s suas necessidades de branding. Escolha entre um fundo branco, uma das nossas 20 cores de estoque ou nos forne\u00e7a uma cor ou padr\u00e3o Pantone espec\u00edfico para o fundo. Quer voc\u00ea precise imprimir toda a capa da mesa ou apenas o painel frontal, oferecemos o mesmo pre\u00e7o para ambas as op\u00e7\u00f5es.<\/p>\n<p>Se voc\u00ea n\u00e3o tiver um arquivo de arte de alta resolu\u00e7\u00e3o, nossos designers gr\u00e1ficos podem ajudar a converter seu arquivo existente ou auxiliar na cria\u00e7\u00e3o de um novo design de impress\u00e3o.<\/p>\n<p>Dur\u00e1vel e f\u00e1cil de manter<\/p>\n<p>Nossas capas de mesa de spandex s\u00e3o projetadas para durar. Elas n\u00e3o s\u00e3o apenas resistentes a rugas, mas tamb\u00e9m podem ser lavadas na m\u00e1quina para facilitar o cuidado. Basta usar \u00e1gua para lavar sem alvejante em p\u00f3. Essas capas v\u00e3o se esticar de volta ao formato original, dando a voc\u00ea uma apar\u00eancia profissional sempre.<\/p>\n<p>Tempos de produ\u00e7\u00e3o r\u00e1pidos e confi\u00e1veis<\/p>\n<p>Entendemos a import\u00e2ncia dos prazos, por isso oferecemos cronogramas de produ\u00e7\u00e3o flex\u00edveis:<\/p>\n<p>Produ\u00e7\u00e3o de economia de 4 dias<br \/>\nProdu\u00e7\u00e3o padr\u00e3o de 3 dias<br \/>\nProdu\u00e7\u00e3o r\u00e1pida de 2 dias<br \/>\nProdu\u00e7\u00e3o Expressa no Dia Seguinte<br \/>\nProdu\u00e7\u00e3o cr\u00edtica urgente no mesmo dia<br \/>\nTamb\u00e9m garantimos nossos tempos de produ\u00e7\u00e3o. Se n\u00e3o cumprirmos o prazo garantido, voc\u00ea receber\u00e1 um reembolso total, e sua capa de mesa ainda ser\u00e1 impressa e enviada sem custo.<\/p>\n<p>Sem taxas ocultas: o que voc\u00ea v\u00ea \u00e9 o que voc\u00ea obt\u00e9m.<\/p>\n<div style=\"width: 854px;\" class=\"wp-video\"><!--[if lt IE 9]><script>document.createElement('video');<\/script><![endif]--><br \/>\n<video class=\"wp-video-shortcode\" id=\"video-2189-1\" width=\"854\" height=\"480\" preload=\"metadata\" controls=\"controls\"><source type=\"video\/mp4\" src=\"https:\/\/cmykprinted.com\/wp-content\/uploads\/2024\/09\/printed-spandex-table-covers.mp4?_=1\" \/><a href=\"https:\/\/cmykprinted.com\/wp-content\/uploads\/2024\/09\/printed-spandex-table-covers.mp4\">https:\/\/cmykprinted.com\/wp-content\/uploads\/2024\/09\/printed-spandex-table-covers.mp4<\/a><\/video><\/div>","protected":false},"featured_media":2193,"template":"","meta":{"_kad_post_transparent":"default","_kad_post_title":"hide","_kad_post_layout":"fullwidth","_kad_post_sidebar_id":"","_kad_post_content_style":"unboxed","_kad_post_vertical_padding":"hide","_kad_post_feature":"hide","_kad_post_feature_position":"","_kad_post_header":false,"_kad_post_footer":false},"product_cat":[80,81,83],"product_tag":[496,497,498,494,495],"class_list":{"0":"post-2189","1":"product","2":"type-product","3":"status-publish","4":"has-post-thumbnail","6":"product_cat-custom-tablecloth","7":"product_cat-custom-stretch-tablecloth","8":"product_cat-fitted-table-cover","9":"product_tag-8-feet-printed-spandex-table-covers","10":"product_tag-custom-8-feet-table-cover","11":"product_tag-full-colors-printed-table-covers","12":"product_tag-printed-spandex-table-covers","13":"product_tag-spandex-table-covers","15":"first","16":"instock","17":"shipping-taxable","18":"product-type-simple","19":"entry","20":"content-bg","21":"loop-entry"},"_links":{"self":[{"href":"https:\/\/cmykprinted.com\/pt\/wp-json\/wp\/v2\/product\/2189","targetHints":{"allow":["GET"]}}],"collection":[{"href":"https:\/\/cmykprinted.com\/pt\/wp-json\/wp\/v2\/product"}],"about":[{"href":"https:\/\/cmykprinted.com\/pt\/wp-json\/wp\/v2\/types\/product"}],"version-history":[{"count":2,"href":"https:\/\/cmykprinted.com\/pt\/wp-json\/wp\/v2\/product\/2189\/revisions"}],"predecessor-version":[{"id":2200,"href":"https:\/\/cmykprinted.com\/pt\/wp-json\/wp\/v2\/product\/2189\/revisions\/2200"}],"wp:featuredmedia":[{"embeddable":true,"href":"https:\/\/cmykprinted.com\/pt\/wp-json\/wp\/v2\/media\/2193"}],"wp:attachment":[{"href":"https:\/\/cmykprinted.com\/pt\/wp-json\/wp\/v2\/media?parent=2189"}],"wp:term":[{"taxonomy":"product_cat","embeddable":true,"href":"https:\/\/cmykprinted.com\/pt\/wp-json\/wp\/v2\/product_cat?post=2189"},{"taxonomy":"product_tag","embeddable":true,"href":"https:\/\/cmykprinted.com\/pt\/wp-json\/wp\/v2\/product_tag?post=2189"}],"curies":[{"name":"wp","href":"https:\/\/api.w.org\/{rel}","templated":true}]}}