{"id":2213,"date":"2024-09-30T03:03:20","date_gmt":"2024-09-30T03:03:20","guid":{"rendered":"https:\/\/cmykprinted.com\/?post_type=product&#038;p=2213"},"modified":"2024-10-02T12:51:57","modified_gmt":"2024-10-02T12:51:57","slug":"oval-pop-up-a-frame-banner-with-fast-turnaround","status":"publish","type":"product","link":"https:\/\/cmykprinted.com\/pt\/produto\/oval-pop-up-um-quadro-bandeira-com-rapido-retorno\/","title":{"rendered":"Banner Oval Pop Up a Frame com Retorno R\u00e1pido"},"content":{"rendered":"","protected":false},"excerpt":{"rendered":"<p>No mercado competitivo de hoje, fazer sua marca se destacar \u00e9 essencial. Entre no Pop Up A<\/p>\n<p>Frame Banner \u2014 uma solu\u00e7\u00e3o de display leve, port\u00e1til e altamente eficaz, perfeita para eventos internos e externos. Esses banners vers\u00e1teis s\u00e3o projetados para visibilidade instant\u00e2nea e s\u00e3o ideais para eventos esportivos, feiras comerciais, promo\u00e7\u00f5es e sinaliza\u00e7\u00e3o direcional.<\/p>\n<p><strong>Principais caracter\u00edsticas<\/strong><br \/>\n<strong>Portabilidade e conveni\u00eancia:<\/strong><br \/>\nOs banners Oval Pop Up A-Frame s\u00e3o projetados com a mobilidade em mente. Sua estrutura de metal dobr\u00e1vel se dobra sem esfor\u00e7o em uma bolsa de armazenamento compacta, tornando o transporte e a instala\u00e7\u00e3o muito f\u00e1ceis. N\u00e3o importa se voc\u00ea est\u00e1 indo para uma feira comercial ou um evento esportivo, voc\u00ea pode facilmente levar esses banners para onde precisar de exposi\u00e7\u00e3o m\u00e1xima.<\/p>\n<p><strong>Seguran\u00e7a em primeiro lugar:<\/strong><br \/>\nUma das caracter\u00edsticas de destaque do design A-frame \u00e9 sua seguran\u00e7a. Diferentemente de displays r\u00edgidos, esses banners n\u00e3o apresentam risco de ferimentos a jogadores ou participantes em campos esportivos, o que os torna uma escolha pr\u00e1tica para eventos ao ar livre.<\/p>\n<p><strong>Tamanhos e formas personaliz\u00e1veis:<\/strong><br \/>\nDispon\u00edvel em quatro tamanhos \u2014 Pequeno (62 x 126 cm), M\u00e9dio (65 x 160 cm), Grande (100 x 200 cm) e Extra Grande (110 x 270 cm) \u2014 o Pop Up A-Frame pode ser personalizado para se adequar a qualquer ocasi\u00e3o. Cada banner \u00e9 frente e verso com impress\u00e3o de sublima\u00e7\u00e3o de tinta completa, garantindo gr\u00e1ficos vibrantes que atraem a aten\u00e7\u00e3o de todos os \u00e2ngulos.<\/p>\n<p><strong>Estabilidade em todas as condi\u00e7\u00f5es:<\/strong><br \/>\nPara garantir estabilidade, cada banner vem com estacas de solo para uso em superf\u00edcies macias como areia, grama, neve ou solo. Em superf\u00edcies duras, basta pes\u00e1-las para maior seguran\u00e7a. Esse recurso garante que seu banner permane\u00e7a ereto e vis\u00edvel, independentemente do ambiente.<\/p>\n<p><strong>Perfeito para qualquer evento<\/strong><br \/>\nOs banners Pop Up A-Frame s\u00e3o particularmente adequados para eventos ao ar livre, como competi\u00e7\u00f5es de corrida, torneios de golfe e festivais. Suas capacidades f\u00e1ceis de configura\u00e7\u00e3o, desmontagem e armazenamento os tornam uma escolha ideal para organizadores de eventos que buscam maximizar a exibi\u00e7\u00e3o e o engajamento da marca.<\/p>\n<div style=\"width: 800px;\" class=\"wp-video\"><!--[if lt IE 9]><script>document.createElement('video');<\/script><![endif]--><br \/>\n<video class=\"wp-video-shortcode\" id=\"video-2213-1\" width=\"800\" height=\"800\" preload=\"metadata\" controls=\"controls\"><source type=\"video\/mp4\" src=\"https:\/\/cmykprinted.com\/wp-content\/uploads\/2024\/09\/pop-up-a-frame-banner-01.mp4?_=1\" \/><a href=\"https:\/\/cmykprinted.com\/wp-content\/uploads\/2024\/09\/pop-up-a-frame-banner-01.mp4\">https:\/\/cmykprinted.com\/wp-content\/uploads\/2024\/09\/pop-up-a-frame-banner-01.mp4<\/a><\/video><\/div>","protected":false},"featured_media":2217,"template":"","meta":{"_kad_post_transparent":"default","_kad_post_title":"hide","_kad_post_layout":"fullwidth","_kad_post_sidebar_id":"","_kad_post_content_style":"unboxed","_kad_post_vertical_padding":"hide","_kad_post_feature":"hide","_kad_post_feature_position":"","_kad_post_header":false,"_kad_post_footer":false},"product_cat":[92,94],"product_tag":[506,505,504,128],"class_list":{"0":"post-2213","1":"product","2":"type-product","3":"status-publish","4":"has-post-thumbnail","6":"product_cat-pop-up-banners","7":"product_cat-horizontal-pop-up-banners","8":"product_tag-a-frame-banner","9":"product_tag-oval-pop-up-a-frame-banner","10":"product_tag-pop-up-a-frame-banner","11":"product_tag-pop-up-banner","13":"first","14":"instock","15":"shipping-taxable","16":"product-type-simple","17":"entry","18":"content-bg","19":"loop-entry"},"_links":{"self":[{"href":"https:\/\/cmykprinted.com\/pt\/wp-json\/wp\/v2\/product\/2213","targetHints":{"allow":["GET"]}}],"collection":[{"href":"https:\/\/cmykprinted.com\/pt\/wp-json\/wp\/v2\/product"}],"about":[{"href":"https:\/\/cmykprinted.com\/pt\/wp-json\/wp\/v2\/types\/product"}],"version-history":[{"count":1,"href":"https:\/\/cmykprinted.com\/pt\/wp-json\/wp\/v2\/product\/2213\/revisions"}],"predecessor-version":[{"id":2222,"href":"https:\/\/cmykprinted.com\/pt\/wp-json\/wp\/v2\/product\/2213\/revisions\/2222"}],"wp:featuredmedia":[{"embeddable":true,"href":"https:\/\/cmykprinted.com\/pt\/wp-json\/wp\/v2\/media\/2217"}],"wp:attachment":[{"href":"https:\/\/cmykprinted.com\/pt\/wp-json\/wp\/v2\/media?parent=2213"}],"wp:term":[{"taxonomy":"product_cat","embeddable":true,"href":"https:\/\/cmykprinted.com\/pt\/wp-json\/wp\/v2\/product_cat?post=2213"},{"taxonomy":"product_tag","embeddable":true,"href":"https:\/\/cmykprinted.com\/pt\/wp-json\/wp\/v2\/product_tag?post=2213"}],"curies":[{"name":"wp","href":"https:\/\/api.w.org\/{rel}","templated":true}]}}