{"id":2423,"date":"2025-04-21T06:14:51","date_gmt":"2025-04-21T06:14:51","guid":{"rendered":"https:\/\/cmykprinted.com\/?post_type=product&#038;p=2423"},"modified":"2025-04-21T06:14:51","modified_gmt":"2025-04-21T06:14:51","slug":"dtf-heat-transfer-stickers-for-t-shirts","status":"publish","type":"product","link":"https:\/\/cmykprinted.com\/pt\/produto\/dtf-transferencia-de-calor-adesivos-para-camisetas\/","title":{"rendered":"Adesivos de transfer\u00eancia t\u00e9rmica DTF para camisetas"},"content":{"rendered":"","protected":false},"excerpt":{"rendered":"<p>Somos um fabricante de diversos adesivos de transfer\u00eancia, localizado em Foshan, China. Nossos adesivos s\u00e3o feitos com tinta UV, que \u00e9 ecologicamente correta. Nossos adesivos de transfer\u00eancia s\u00e3o feitos com 100% PVC e tinta livre de ftalatos. Utilizamos m\u00e1quinas mais automatizadas para garantir que a concentra\u00e7\u00e3o de tinta e o produto final de todo o couro sejam moderados. A qualidade permanece consistente.<br \/>\nN\u00e3o temos restri\u00e7\u00f5es quanto \u00e0s cores de impress\u00e3o, e todas as cores podem ser produzidas de acordo com seu design\/arte.<br \/>\nEnviamos muito rapidamente e podemos enviar seu pedido em at\u00e9 48 horas. Nossos clientes v\u00eam do mundo todo, e voc\u00ea pode receber seus adesivos de transfer\u00eancia t\u00e9rmica personalizados em at\u00e9 uma semana.<\/p>\n<div style=\"width: 960px;\" class=\"wp-video\"><!--[if lt IE 9]><script>document.createElement('video');<\/script><![endif]--><br \/>\n<video class=\"wp-video-shortcode\" id=\"video-2423-1\" width=\"960\" height=\"540\" preload=\"metadata\" controls=\"controls\"><source type=\"video\/mp4\" src=\"https:\/\/cmykprinted.com\/wp-content\/uploads\/2025\/04\/DTF-Heat-Transfer-Stickers-for-T-Shirts.mp4?_=1\" \/><a href=\"https:\/\/cmykprinted.com\/wp-content\/uploads\/2025\/04\/DTF-Heat-Transfer-Stickers-for-T-Shirts.mp4\">https:\/\/cmykprinted.com\/wp-content\/uploads\/2025\/04\/DTF-Heat-Transfer-Stickers-for-T-Shirts.mp4<\/a><\/video><\/div>","protected":false},"featured_media":2425,"template":"","meta":{"_kad_post_transparent":"default","_kad_post_title":"hide","_kad_post_layout":"fullwidth","_kad_post_sidebar_id":"","_kad_post_content_style":"unboxed","_kad_post_vertical_padding":"hide","_kad_post_feature":"hide","_kad_post_feature_position":"","_kad_post_header":false,"_kad_post_footer":false},"product_cat":[101,103],"product_tag":[542,538,541],"class_list":{"0":"post-2423","1":"product","2":"type-product","3":"status-publish","4":"has-post-thumbnail","6":"product_cat-transfer-stickers","7":"product_cat-uv-transfer-stickers","8":"product_tag-dtf-heat-transfer-stickers","9":"product_tag-heat-transfer-stickers","10":"product_tag-heat-transfer-stickers-for-t-shirts","12":"first","13":"instock","14":"shipping-taxable","15":"product-type-simple","16":"entry","17":"content-bg","18":"loop-entry"},"_links":{"self":[{"href":"https:\/\/cmykprinted.com\/pt\/wp-json\/wp\/v2\/product\/2423","targetHints":{"allow":["GET"]}}],"collection":[{"href":"https:\/\/cmykprinted.com\/pt\/wp-json\/wp\/v2\/product"}],"about":[{"href":"https:\/\/cmykprinted.com\/pt\/wp-json\/wp\/v2\/types\/product"}],"version-history":[{"count":1,"href":"https:\/\/cmykprinted.com\/pt\/wp-json\/wp\/v2\/product\/2423\/revisions"}],"predecessor-version":[{"id":2430,"href":"https:\/\/cmykprinted.com\/pt\/wp-json\/wp\/v2\/product\/2423\/revisions\/2430"}],"wp:featuredmedia":[{"embeddable":true,"href":"https:\/\/cmykprinted.com\/pt\/wp-json\/wp\/v2\/media\/2425"}],"wp:attachment":[{"href":"https:\/\/cmykprinted.com\/pt\/wp-json\/wp\/v2\/media?parent=2423"}],"wp:term":[{"taxonomy":"product_cat","embeddable":true,"href":"https:\/\/cmykprinted.com\/pt\/wp-json\/wp\/v2\/product_cat?post=2423"},{"taxonomy":"product_tag","embeddable":true,"href":"https:\/\/cmykprinted.com\/pt\/wp-json\/wp\/v2\/product_tag?post=2423"}],"curies":[{"name":"wp","href":"https:\/\/api.w.org\/{rel}","templated":true}]}}