{"id":2431,"date":"2025-04-21T07:41:54","date_gmt":"2025-04-21T07:41:54","guid":{"rendered":"https:\/\/cmykprinted.com\/?post_type=product&#038;p=2431"},"modified":"2025-04-21T07:45:42","modified_gmt":"2025-04-21T07:45:42","slug":"event-bean-pop-up-advertising-banners","status":"publish","type":"product","link":"https:\/\/cmykprinted.com\/pt\/produto\/evento-feijao-pop-up-banners-publicitarios\/","title":{"rendered":"Banners publicit\u00e1rios pop-up para eventos Bean"},"content":{"rendered":"","protected":false},"excerpt":{"rendered":"<p>Fa\u00e7a sua mensagem se destacar com banners pop-up ovais!<\/p>\n<p>Chame a aten\u00e7\u00e3o com facilidade usando Banners Pop-Up em Formato de A \u2014 uma op\u00e7\u00e3o marcante e port\u00e1til para sinaliza\u00e7\u00e3o promocional. Os Banners Pop-Up Ovais\/em Formato de Feij\u00e3o, dispon\u00edveis em diversos formatos e dimens\u00f5es, s\u00e3o os favoritos por seu forte apelo visual e design adapt\u00e1vel.<\/p>\n<div style=\"width: 848px;\" class=\"wp-video\"><!--[if lt IE 9]><script>document.createElement('video');<\/script><![endif]--><br \/>\n<video class=\"wp-video-shortcode\" id=\"video-2431-1\" width=\"848\" height=\"480\" preload=\"metadata\" controls=\"controls\"><source type=\"video\/mp4\" src=\"https:\/\/cmykprinted.com\/wp-content\/uploads\/2025\/04\/Bean-Pop-up-Advertising-Banners.mp4?_=1\" \/><a href=\"https:\/\/cmykprinted.com\/wp-content\/uploads\/2025\/04\/Bean-Pop-up-Advertising-Banners.mp4\">https:\/\/cmykprinted.com\/wp-content\/uploads\/2025\/04\/Bean-Pop-up-Advertising-Banners.mp4<\/a><\/video><\/div>","protected":false},"featured_media":2433,"template":"","meta":{"_kad_post_transparent":"default","_kad_post_title":"hide","_kad_post_layout":"fullwidth","_kad_post_sidebar_id":"","_kad_post_content_style":"unboxed","_kad_post_vertical_padding":"hide","_kad_post_feature":"hide","_kad_post_feature_position":"","_kad_post_header":false,"_kad_post_footer":false},"product_cat":[92,94],"product_tag":[545,544,546,543],"class_list":{"0":"post-2431","1":"product","2":"type-product","3":"status-publish","4":"has-post-thumbnail","6":"product_cat-pop-up-banners","7":"product_cat-horizontal-pop-up-banners","8":"product_tag-bean-pop-up-banners","9":"product_tag-bean-pop-up-advertising-banners","10":"product_tag-event-advertising-banners","11":"product_tag-pop-up-advertising-banners","13":"first","14":"instock","15":"shipping-taxable","16":"product-type-simple","17":"entry","18":"content-bg","19":"loop-entry"},"_links":{"self":[{"href":"https:\/\/cmykprinted.com\/pt\/wp-json\/wp\/v2\/product\/2431","targetHints":{"allow":["GET"]}}],"collection":[{"href":"https:\/\/cmykprinted.com\/pt\/wp-json\/wp\/v2\/product"}],"about":[{"href":"https:\/\/cmykprinted.com\/pt\/wp-json\/wp\/v2\/types\/product"}],"version-history":[{"count":1,"href":"https:\/\/cmykprinted.com\/pt\/wp-json\/wp\/v2\/product\/2431\/revisions"}],"predecessor-version":[{"id":2440,"href":"https:\/\/cmykprinted.com\/pt\/wp-json\/wp\/v2\/product\/2431\/revisions\/2440"}],"wp:featuredmedia":[{"embeddable":true,"href":"https:\/\/cmykprinted.com\/pt\/wp-json\/wp\/v2\/media\/2433"}],"wp:attachment":[{"href":"https:\/\/cmykprinted.com\/pt\/wp-json\/wp\/v2\/media?parent=2431"}],"wp:term":[{"taxonomy":"product_cat","embeddable":true,"href":"https:\/\/cmykprinted.com\/pt\/wp-json\/wp\/v2\/product_cat?post=2431"},{"taxonomy":"product_tag","embeddable":true,"href":"https:\/\/cmykprinted.com\/pt\/wp-json\/wp\/v2\/product_tag?post=2431"}],"curies":[{"name":"wp","href":"https:\/\/api.w.org\/{rel}","templated":true}]}}