{"id":2459,"date":"2025-04-24T08:55:30","date_gmt":"2025-04-24T08:55:30","guid":{"rendered":"https:\/\/cmykprinted.com\/?post_type=product&#038;p=2459"},"modified":"2025-04-24T08:55:30","modified_gmt":"2025-04-24T08:55:30","slug":"trade-show-table-covers-canada","status":"publish","type":"product","link":"https:\/\/cmykprinted.com\/pt\/produto\/capas-de-mesa-para-feiras-canada\/","title":{"rendered":"Capas de mesa para feiras comerciais no Canad\u00e1"},"content":{"rendered":"","protected":false},"excerpt":{"rendered":"<p>Capas de mesa personalizadas e sublimadas para feiras de neg\u00f3cios<\/p>\n<p>Nossas toalhas de mesa personalizadas (Capas de Mesa para Feiras) e caminhos de mesa s\u00e3o feitos de 100% poli\u00e9ster de alta qualidade e apresentam impress\u00e3o por sublima\u00e7\u00e3o de tinta em cores vibrantes para designs atraentes e dur\u00e1veis. Essas capas s\u00e3o f\u00e1ceis de manter \u2014 lav\u00e1veis \u200b\u200b\u00e0 m\u00e1quina, resistentes a rugas e retardantes de fogo \u2014 tornando-as perfeitas para uso repetido, mantendo uma apar\u00eancia elegante e profissional.<\/p>\n<p>Op\u00e7\u00f5es dispon\u00edveis:<\/p>\n<p>Os corredores v\u00eam em uma variedade de tamanhos, incluindo 7,3 x 8,9 p\u00e9s, 7,3 x 10,9 p\u00e9s, 7,3 x 12,9 p\u00e9s,<\/p>\n<p>As toalhas de mesa s\u00e3o projetadas para caber em mesas padr\u00e3o medindo 4\u2032, 6\u2032, 8\u2032.<\/p>\n<p>As op\u00e7\u00f5es de estilo incluem costas abertas ou fechadas e op\u00e7\u00f5es como modelos drapeados, el\u00e1sticos ou ajustados para atender a uma variedade de prefer\u00eancias de exibi\u00e7\u00e3o.<\/p>\n<p>Voc\u00ea tamb\u00e9m pode criar designs impressos personalizados para exibir seu logotipo, cores de marca ou mensagem promocional de forma ousada e impactante.<\/p>\n<p>Quer voc\u00ea esteja se preparando para um evento corporativo, participando de uma feira comercial ou organizando uma exposi\u00e7\u00e3o de varejo, capas de mesa personalizadas ajudam a atrair aten\u00e7\u00e3o e causar uma impress\u00e3o duradoura.<\/p>\n<p>Tamb\u00e9m oferecemos tamanhos redondos e feitos sob encomenda para atender \u00e0s suas necessidades espec\u00edficas de configura\u00e7\u00e3o.<\/p>\n<p><strong>Temos um agente no Canad\u00e1, ent\u00e3o, se o seu pedido for urgente, voc\u00ea pode encomendar diretamente com eles. Eles tamb\u00e9m podem fornecer mesas dobr\u00e1veis, se necess\u00e1rio.<\/strong><\/p>\n<div style=\"width: 480px;\" class=\"wp-video\"><!--[if lt IE 9]><script>document.createElement('video');<\/script><![endif]--><br \/>\n<video class=\"wp-video-shortcode\" id=\"video-2459-1\" width=\"480\" height=\"480\" preload=\"metadata\" controls=\"controls\"><source type=\"video\/mp4\" src=\"https:\/\/cmykprinted.com\/wp-content\/uploads\/2025\/04\/trade-show-table-covers-canada.mp4?_=1\" \/><a href=\"https:\/\/cmykprinted.com\/wp-content\/uploads\/2025\/04\/trade-show-table-covers-canada.mp4\">https:\/\/cmykprinted.com\/wp-content\/uploads\/2025\/04\/trade-show-table-covers-canada.mp4<\/a><\/video><\/div>","protected":false},"featured_media":2461,"template":"","meta":{"_kad_post_transparent":"default","_kad_post_title":"hide","_kad_post_layout":"fullwidth","_kad_post_sidebar_id":"","_kad_post_content_style":"unboxed","_kad_post_vertical_padding":"hide","_kad_post_feature":"hide","_kad_post_feature_position":"","_kad_post_header":false,"_kad_post_footer":false},"product_cat":[80,81],"product_tag":[552,551],"class_list":{"0":"post-2459","1":"product","2":"type-product","3":"status-publish","4":"has-post-thumbnail","6":"product_cat-custom-tablecloth","7":"product_cat-custom-stretch-tablecloth","8":"product_tag-custom-trade-show-table-drapes","9":"product_tag-trade-show-table-drapes","11":"first","12":"instock","13":"shipping-taxable","14":"product-type-simple","15":"entry","16":"content-bg","17":"loop-entry"},"_links":{"self":[{"href":"https:\/\/cmykprinted.com\/pt\/wp-json\/wp\/v2\/product\/2459","targetHints":{"allow":["GET"]}}],"collection":[{"href":"https:\/\/cmykprinted.com\/pt\/wp-json\/wp\/v2\/product"}],"about":[{"href":"https:\/\/cmykprinted.com\/pt\/wp-json\/wp\/v2\/types\/product"}],"version-history":[{"count":1,"href":"https:\/\/cmykprinted.com\/pt\/wp-json\/wp\/v2\/product\/2459\/revisions"}],"predecessor-version":[{"id":2466,"href":"https:\/\/cmykprinted.com\/pt\/wp-json\/wp\/v2\/product\/2459\/revisions\/2466"}],"wp:featuredmedia":[{"embeddable":true,"href":"https:\/\/cmykprinted.com\/pt\/wp-json\/wp\/v2\/media\/2461"}],"wp:attachment":[{"href":"https:\/\/cmykprinted.com\/pt\/wp-json\/wp\/v2\/media?parent=2459"}],"wp:term":[{"taxonomy":"product_cat","embeddable":true,"href":"https:\/\/cmykprinted.com\/pt\/wp-json\/wp\/v2\/product_cat?post=2459"},{"taxonomy":"product_tag","embeddable":true,"href":"https:\/\/cmykprinted.com\/pt\/wp-json\/wp\/v2\/product_tag?post=2459"}],"curies":[{"name":"wp","href":"https:\/\/api.w.org\/{rel}","templated":true}]}}