{"id":2471,"date":"2025-05-09T08:04:34","date_gmt":"2025-05-09T08:04:34","guid":{"rendered":"https:\/\/cmykprinted.com\/?post_type=product&#038;p=2471"},"modified":"2025-05-09T08:04:34","modified_gmt":"2025-05-09T08:04:34","slug":"cheap-outdoor-printed-mesh-banners-for-fence","status":"publish","type":"product","link":"https:\/\/cmykprinted.com\/pt\/produto\/banners-de-rede-impressos-baratos-para-cercas\/","title":{"rendered":"Banners de malha impressos para \u00e1reas externas baratos para cercas"},"content":{"rendered":"","protected":false},"excerpt":{"rendered":"<p>Colocar faixas de malha publicit\u00e1ria em cercas \u00e9 uma maneira muito eficaz de promover marcas. Cercas podem ser vistas em todos os lugares, e faixas de malha leves podem ser instaladas em ambos os lados. Este tipo de faixa \u00e9 \u00e0 prova d&#039;\u00e1gua e \u00e0 prova de sol e muito f\u00e1cil de instalar. Normalmente, colocamos ilh\u00f3s ao redor da faixa, para que ela possa ser presa \u00e0 cerca com tiras, que s\u00e3o muito firmes. E envolvemos as bordas da faixa com fita para torn\u00e1-la mais dur\u00e1vel. N\u00e3o \u00e9 f\u00e1cil ser rasgado pelo vento. A superf\u00edcie da faixa de malha tem muitos furos, por isso tem forte resist\u00eancia ao vento, e o vento pode passar diretamente pela superf\u00edcie da faixa. Ao contr\u00e1rio das faixas de PVC, que n\u00e3o t\u00eam furos, \u00e0s vezes, para torn\u00e1-las mais dur\u00e1veis, as pessoas deliberadamente cortam alguns cortes na superf\u00edcie com tesouras, o que destruir\u00e1 a integridade de toda a pintura.<\/p>\n<div style=\"width: 960px;\" class=\"wp-video\"><!--[if lt IE 9]><script>document.createElement('video');<\/script><![endif]--><br \/>\n<video class=\"wp-video-shortcode\" id=\"video-2471-1\" width=\"960\" height=\"540\" preload=\"metadata\" controls=\"controls\"><source type=\"video\/mp4\" src=\"https:\/\/cmykprinted.com\/wp-content\/uploads\/2025\/02\/Barrier-Covers.mp4?_=1\" \/><a href=\"https:\/\/cmykprinted.com\/wp-content\/uploads\/2025\/02\/Barrier-Covers.mp4\">https:\/\/cmykprinted.com\/wp-content\/uploads\/2025\/02\/Barrier-Covers.mp4<\/a><\/video><\/div>\n<p>r<\/p>\n<div style=\"width: 960px;\" class=\"wp-video\"><video class=\"wp-video-shortcode\" id=\"video-2471-2\" width=\"960\" height=\"540\" preload=\"metadata\" controls=\"controls\"><source type=\"video\/mp4\" src=\"https:\/\/cmykprinted.com\/wp-content\/uploads\/2025\/02\/Fence-Mesh-Signage.mp4?_=2\" \/><a href=\"https:\/\/cmykprinted.com\/wp-content\/uploads\/2025\/02\/Fence-Mesh-Signage.mp4\">https:\/\/cmykprinted.com\/wp-content\/uploads\/2025\/02\/Fence-Mesh-Signage.mp4<\/a><\/video><\/div>","protected":false},"featured_media":2477,"template":"","meta":{"_kad_post_transparent":"default","_kad_post_title":"hide","_kad_post_layout":"fullwidth","_kad_post_sidebar_id":"","_kad_post_content_style":"unboxed","_kad_post_vertical_padding":"hide","_kad_post_feature":"hide","_kad_post_feature_position":"","_kad_post_header":false,"_kad_post_footer":false},"product_cat":[85,86],"product_tag":[554,553,555],"class_list":{"0":"post-2471","1":"product","2":"type-product","3":"status-publish","4":"has-post-thumbnail","6":"product_cat-outdoor-vinyl-banners","7":"product_cat-fence-mesh-banners","8":"product_tag-cheap-outdoor-printed-mesh-banners","9":"product_tag-mesh-banners-for-fence","10":"product_tag-printed-mesh-banners","12":"first","13":"instock","14":"shipping-taxable","15":"product-type-simple","16":"entry","17":"content-bg","18":"loop-entry"},"_links":{"self":[{"href":"https:\/\/cmykprinted.com\/pt\/wp-json\/wp\/v2\/product\/2471","targetHints":{"allow":["GET"]}}],"collection":[{"href":"https:\/\/cmykprinted.com\/pt\/wp-json\/wp\/v2\/product"}],"about":[{"href":"https:\/\/cmykprinted.com\/pt\/wp-json\/wp\/v2\/types\/product"}],"version-history":[{"count":1,"href":"https:\/\/cmykprinted.com\/pt\/wp-json\/wp\/v2\/product\/2471\/revisions"}],"predecessor-version":[{"id":2480,"href":"https:\/\/cmykprinted.com\/pt\/wp-json\/wp\/v2\/product\/2471\/revisions\/2480"}],"wp:featuredmedia":[{"embeddable":true,"href":"https:\/\/cmykprinted.com\/pt\/wp-json\/wp\/v2\/media\/2477"}],"wp:attachment":[{"href":"https:\/\/cmykprinted.com\/pt\/wp-json\/wp\/v2\/media?parent=2471"}],"wp:term":[{"taxonomy":"product_cat","embeddable":true,"href":"https:\/\/cmykprinted.com\/pt\/wp-json\/wp\/v2\/product_cat?post=2471"},{"taxonomy":"product_tag","embeddable":true,"href":"https:\/\/cmykprinted.com\/pt\/wp-json\/wp\/v2\/product_tag?post=2471"}],"curies":[{"name":"wp","href":"https:\/\/api.w.org\/{rel}","templated":true}]}}