{"id":2591,"date":"2025-05-21T09:11:06","date_gmt":"2025-05-21T09:11:06","guid":{"rendered":"https:\/\/cmykprinted.com\/?post_type=product&#038;p=2591"},"modified":"2025-05-23T14:07:36","modified_gmt":"2025-05-23T14:07:36","slug":"custom-printed-promotional-tablecloths-australia","status":"publish","type":"product","link":"https:\/\/cmykprinted.com\/pt\/produto\/toalhas-de-mesa-promocionais-personalizadas-impressas-australia\/","title":{"rendered":"Toalhas de mesa promocionais impressas personalizadas na Austr\u00e1lia"},"content":{"rendered":"","protected":false},"excerpt":{"rendered":"<p data-start=\"197\" data-end=\"540\">Toalhas de mesa promocionais personalizadas s\u00e3o uma ferramenta essencial de branding para empresas e organiza\u00e7\u00f5es que buscam criar uma apresenta\u00e7\u00e3o profissional e chamativa em feiras, exposi\u00e7\u00f5es, lan\u00e7amentos de produtos e outros eventos em toda a Austr\u00e1lia. Projetadas para aumentar a visibilidade e a presen\u00e7a da marca, essas toalhas de mesa oferecem funcionalidade e estilo.<\/p>\n<p data-start=\"542\" data-end=\"865\">Nossas toalhas de mesa s\u00e3o feitas de poli\u00e9ster de alta qualidade, conhecido por sua durabilidade, resist\u00eancia a vincos e reprodu\u00e7\u00e3o de cores vibrantes. Utilizando impress\u00e3o avan\u00e7ada por sublima\u00e7\u00e3o de tinta, podemos personalizar completamente sua toalha de mesa com logotipos, slogans, gr\u00e1ficos ou designs em toda a superf\u00edcie, garantindo que sua marca seja notada de todos os \u00e2ngulos.<\/p>\n<p data-start=\"867\" data-end=\"931\">Oferecemos uma variedade de estilos para atender diferentes necessidades, incluindo:<\/p>\n<ul data-start=\"932\" data-end=\"1201\">\n<li data-start=\"932\" data-end=\"1022\">\n<p data-start=\"934\" data-end=\"1022\"><strong data-start=\"934\" data-end=\"961\">Toalhas de mesa soltas\/drapeadas<\/strong> \u2013 Uma op\u00e7\u00e3o vers\u00e1til que se adapta \u00e0 maioria das mesas de cavalete padr\u00e3o.<\/p>\n<\/li>\n<li data-start=\"1023\" data-end=\"1105\">\n<p data-start=\"1025\" data-end=\"1105\"><strong data-start=\"1025\" data-end=\"1048\">Capas de mesa ajust\u00e1veis<\/strong> \u2013 Proporciona uma apar\u00eancia limpa e personalizada com linhas n\u00edtidas.<\/p>\n<\/li>\n<li data-start=\"1106\" data-end=\"1201\">\n<p data-start=\"1108\" data-end=\"1201\"><strong data-start=\"1108\" data-end=\"1132\">Capas de mesa el\u00e1sticas<\/strong> \u2013 Modernos e elegantes, eles oferecem um ajuste confort\u00e1vel e uma apar\u00eancia sem rugas.<\/p>\n<\/li>\n<\/ul>\n<p data-start=\"1203\" data-end=\"1377\">Tamanhos dispon\u00edveis para mesas de 1,2 m, 1,8 m e 2,4 m, com tamanhos personalizados mediante solicita\u00e7\u00e3o. As op\u00e7\u00f5es incluem fundo aberto (para funcion\u00e1rios sentados ou acesso ao dep\u00f3sito) ou fechado.<\/p>\n<p data-start=\"1379\" data-end=\"1529\">Perfeitas para uso interno e externo, essas toalhas de mesa promocionais s\u00e3o lav\u00e1veis \u200b\u200b\u00e0 m\u00e1quina e reutiliz\u00e1veis, o que as torna um investimento de marketing com boa rela\u00e7\u00e3o custo-benef\u00edcio.<\/p>\n<p data-start=\"1531\" data-end=\"1673\">N\u00e3o importa se voc\u00ea est\u00e1 expondo em Sydney, Melbourne, Brisbane ou Perth, nossas toalhas de mesa personalizadas impressas ajudam voc\u00ea a causar uma impress\u00e3o forte e duradoura.<\/p>\n<div style=\"width: 1280px;\" class=\"wp-video\"><!--[if lt IE 9]><script>document.createElement('video');<\/script><![endif]--><br \/>\n<video class=\"wp-video-shortcode\" id=\"video-2591-1\" width=\"1280\" height=\"720\" preload=\"metadata\" controls=\"controls\"><source type=\"video\/mp4\" src=\"https:\/\/cmykprinted.com\/wp-content\/uploads\/2025\/05\/Promotional-Tablecloths-Australia.mp4?_=1\" \/><a href=\"https:\/\/cmykprinted.com\/wp-content\/uploads\/2025\/05\/Promotional-Tablecloths-Australia.mp4\">https:\/\/cmykprinted.com\/wp-content\/uploads\/2025\/05\/Promotional-Tablecloths-Australia.mp4<\/a><\/video><\/div>","protected":false},"featured_media":2610,"template":"","meta":{"_kad_post_transparent":"default","_kad_post_title":"hide","_kad_post_layout":"fullwidth","_kad_post_sidebar_id":"","_kad_post_content_style":"unboxed","_kad_post_vertical_padding":"hide","_kad_post_feature":"hide","_kad_post_feature_position":"","_kad_post_header":false,"_kad_post_footer":false},"product_cat":[80,81],"product_tag":[577,579,578,576],"class_list":{"0":"post-2591","1":"product","2":"type-product","3":"status-publish","4":"has-post-thumbnail","6":"product_cat-custom-tablecloth","7":"product_cat-custom-stretch-tablecloth","8":"product_tag-custom-printed-promotional-tablecloths","9":"product_tag-custom-printed-tablecloths","10":"product_tag-printed-promotional-tablecloths","11":"product_tag-promotional-tablecloths-australia","13":"first","14":"instock","15":"shipping-taxable","16":"product-type-simple","17":"entry","18":"content-bg","19":"loop-entry"},"_links":{"self":[{"href":"https:\/\/cmykprinted.com\/pt\/wp-json\/wp\/v2\/product\/2591","targetHints":{"allow":["GET"]}}],"collection":[{"href":"https:\/\/cmykprinted.com\/pt\/wp-json\/wp\/v2\/product"}],"about":[{"href":"https:\/\/cmykprinted.com\/pt\/wp-json\/wp\/v2\/types\/product"}],"version-history":[{"count":2,"href":"https:\/\/cmykprinted.com\/pt\/wp-json\/wp\/v2\/product\/2591\/revisions"}],"predecessor-version":[{"id":2611,"href":"https:\/\/cmykprinted.com\/pt\/wp-json\/wp\/v2\/product\/2591\/revisions\/2611"}],"wp:featuredmedia":[{"embeddable":true,"href":"https:\/\/cmykprinted.com\/pt\/wp-json\/wp\/v2\/media\/2610"}],"wp:attachment":[{"href":"https:\/\/cmykprinted.com\/pt\/wp-json\/wp\/v2\/media?parent=2591"}],"wp:term":[{"taxonomy":"product_cat","embeddable":true,"href":"https:\/\/cmykprinted.com\/pt\/wp-json\/wp\/v2\/product_cat?post=2591"},{"taxonomy":"product_tag","embeddable":true,"href":"https:\/\/cmykprinted.com\/pt\/wp-json\/wp\/v2\/product_tag?post=2591"}],"curies":[{"name":"wp","href":"https:\/\/api.w.org\/{rel}","templated":true}]}}