{"id":2612,"date":"2025-05-26T09:45:45","date_gmt":"2025-05-26T09:45:45","guid":{"rendered":"https:\/\/cmykprinted.com\/?post_type=product&#038;p=2612"},"modified":"2025-05-26T12:51:05","modified_gmt":"2025-05-26T12:51:05","slug":"cheap-custom-stretch-printed-tablecloth-near-me","status":"publish","type":"product","link":"https:\/\/cmykprinted.com\/pt\/produto\/toalha-de-mesa-estampada-elastica-personalizada-barata-perto-de-mim\/","title":{"rendered":"Toalha de mesa el\u00e1stica personalizada e barata com estampa perto de mim"},"content":{"rendered":"","protected":false},"excerpt":{"rendered":"<p data-start=\"139\" data-end=\"468\">Procurando uma maneira acess\u00edvel de valorizar seu estande ou mesa de exposi\u00e7\u00e3o em eventos? Nosso <strong data-start=\"223\" data-end=\"267\">Toalhas de mesa el\u00e1sticas personalizadas e baratas<\/strong> s\u00e3o a solu\u00e7\u00e3o perfeita! Projetadas para se adaptarem perfeitamente a mesas padr\u00e3o de 1,80 m e 2,40 m, estas capas el\u00e1sticas criam um visual limpo e profissional, ao mesmo tempo que exibem sua marca em uma impress\u00e3o vibrante e colorida.<\/p>\n<p data-start=\"470\" data-end=\"837\">Feitas de elastano de poli\u00e9ster de alta qualidade e resistente a rugas, estas capas s\u00e3o dur\u00e1veis, reutiliz\u00e1veis \u200b\u200be lav\u00e1veis \u200b\u200b\u00e0 m\u00e1quina. O tecido el\u00e1stico se adapta aos contornos da sua mesa para uma apar\u00eancia elegante e moderna \u2014 sem a necessidade de clipes ou alfinetes. Personalize com o logotipo, slogan ou elementos gr\u00e1ficos da sua empresa para m\u00e1xima visibilidade da marca em feiras, mercados, exposi\u00e7\u00f5es e eventos corporativos.<\/p>\n<p data-start=\"839\" data-end=\"1105\">Dispon\u00edvel com a parte traseira aberta ou fechada, e op\u00e7\u00f5es de z\u00edper para maior praticidade. Seja voc\u00ea uma pequena empresa, uma startup ou esteja se preparando para seu pr\u00f3ximo evento comercial, nossas toalhas de mesa el\u00e1sticas estampadas oferecem uma solu\u00e7\u00e3o de branding econ\u00f4mica perto de voc\u00ea.<\/p>\n<p data-start=\"1107\" data-end=\"1265\">Entrega local r\u00e1pida, pedidos online f\u00e1ceis e descontos para grandes quantidades. Chame a aten\u00e7\u00e3o sem estourar o or\u00e7amento \u2014 encomende sua capa de mesa el\u00e1stica personalizada hoje mesmo!<\/p>\n<div style=\"width: 960px;\" class=\"wp-video\"><!--[if lt IE 9]><script>document.createElement('video');<\/script><![endif]--><br \/>\n<video class=\"wp-video-shortcode\" id=\"video-2612-1\" width=\"960\" height=\"544\" preload=\"metadata\" controls=\"controls\"><source type=\"video\/mp4\" src=\"https:\/\/cmykprinted.com\/wp-content\/uploads\/2025\/05\/Custom-Printed-Tablecloth-Stretch.mp4?_=1\" \/><a href=\"https:\/\/cmykprinted.com\/wp-content\/uploads\/2025\/05\/Custom-Printed-Tablecloth-Stretch.mp4\">https:\/\/cmykprinted.com\/wp-content\/uploads\/2025\/05\/Custom-Printed-Tablecloth-Stretch.mp4<\/a><\/video><\/div>","protected":false},"featured_media":2614,"template":"","meta":{"_kad_post_transparent":"default","_kad_post_title":"hide","_kad_post_layout":"fullwidth","_kad_post_sidebar_id":"","_kad_post_content_style":"unboxed","_kad_post_vertical_padding":"hide","_kad_post_feature":"hide","_kad_post_feature_position":"","_kad_post_header":false,"_kad_post_footer":false},"product_cat":[80,81],"product_tag":[585,584,583,586],"class_list":{"0":"post-2612","1":"product","2":"type-product","3":"status-publish","4":"has-post-thumbnail","6":"product_cat-custom-tablecloth","7":"product_cat-custom-stretch-tablecloth","8":"product_tag-cheap-custom-stretch-printed-tablecloth","9":"product_tag-custom-stretch-printed-tablecloth","10":"product_tag-stretch-printed-tablecloth","11":"product_tag-stretch-printed-tablecloth-near-me","13":"first","14":"instock","15":"shipping-taxable","16":"product-type-simple","17":"entry","18":"content-bg","19":"loop-entry"},"_links":{"self":[{"href":"https:\/\/cmykprinted.com\/pt\/wp-json\/wp\/v2\/product\/2612","targetHints":{"allow":["GET"]}}],"collection":[{"href":"https:\/\/cmykprinted.com\/pt\/wp-json\/wp\/v2\/product"}],"about":[{"href":"https:\/\/cmykprinted.com\/pt\/wp-json\/wp\/v2\/types\/product"}],"version-history":[{"count":1,"href":"https:\/\/cmykprinted.com\/pt\/wp-json\/wp\/v2\/product\/2612\/revisions"}],"predecessor-version":[{"id":2615,"href":"https:\/\/cmykprinted.com\/pt\/wp-json\/wp\/v2\/product\/2612\/revisions\/2615"}],"wp:featuredmedia":[{"embeddable":true,"href":"https:\/\/cmykprinted.com\/pt\/wp-json\/wp\/v2\/media\/2614"}],"wp:attachment":[{"href":"https:\/\/cmykprinted.com\/pt\/wp-json\/wp\/v2\/media?parent=2612"}],"wp:term":[{"taxonomy":"product_cat","embeddable":true,"href":"https:\/\/cmykprinted.com\/pt\/wp-json\/wp\/v2\/product_cat?post=2612"},{"taxonomy":"product_tag","embeddable":true,"href":"https:\/\/cmykprinted.com\/pt\/wp-json\/wp\/v2\/product_tag?post=2612"}],"curies":[{"name":"wp","href":"https:\/\/api.w.org\/{rel}","templated":true}]}}