{"id":2620,"date":"2025-05-27T07:13:40","date_gmt":"2025-05-27T07:13:40","guid":{"rendered":"https:\/\/cmykprinted.com\/?post_type=product&#038;p=2620"},"modified":"2025-05-27T07:45:05","modified_gmt":"2025-05-27T07:45:05","slug":"custom-printed-branded-tablecloth-for-events","status":"publish","type":"product","link":"https:\/\/cmykprinted.com\/pt\/produto\/toalha-de-mesa-personalizada-impressa-com-marca-para-eventos\/","title":{"rendered":"Toalha de mesa personalizada com impress\u00e3o de marca para eventos"},"content":{"rendered":"","protected":false},"excerpt":{"rendered":"<p>Uma toalha de mesa personalizada \u00e9 uma ferramenta promocional essencial para qualquer empresa que participe de eventos como feiras, exposi\u00e7\u00f5es, confer\u00eancias, lan\u00e7amentos de produtos e a\u00e7\u00f5es de marketing. Ela transforma uma mesa comum em um display profissional e visualmente atraente, ajudando sua marca a se destacar em ambientes movimentados. Feitas com tecidos dur\u00e1veis \u200b\u200be de alta qualidade, como poli\u00e9ster ou elastano el\u00e1stico, essas toalhas de mesa s\u00e3o projetadas para uso interno e externo.<\/p>\n<p>O design normalmente inclui seu logotipo, cores da marca, slogan e outros elementos gr\u00e1ficos relevantes, impressos em cores por sublima\u00e7\u00e3o de tinta ou t\u00e9cnicas de impress\u00e3o digital. Isso garante visuais vibrantes e duradouros, resistentes ao desbotamento, mesmo ap\u00f3s v\u00e1rias lavagens. Dispon\u00edveis em diversos estilos \u2014 como ajustados, soltos ou com ajuste el\u00e1stico \u2014, as toalhas de mesa da marca podem ser personalizadas para se ajustarem a tamanhos de mesa padr\u00e3o, como 1,2 m, 1,8 m ou 2,4 m, ou adaptadas para se adequarem a dimens\u00f5es de mesa espec\u00edficas.<\/p>\n<p>Seja com um design de tr\u00eas lados para f\u00e1cil acesso ao espa\u00e7o de armazenamento embaixo da mesa ou com uma capa completa de quatro lados para um visual elegante de 360\u00b0, uma toalha de mesa personalizada adiciona um toque de profissionalismo e consist\u00eancia \u00e0 marca. F\u00e1cil de dobrar, armazenar e transportar, a toalha \u00e9 ideal para empresas que participam regularmente de eventos. Acess\u00edveis, reutiliz\u00e1veis \u200b\u200be eficazes, as toalhas de mesa personalizadas s\u00e3o um investimento inteligente para refor\u00e7ar a presen\u00e7a da sua marca em qualquer evento.<\/p>\n<div style=\"width: 1280px;\" class=\"wp-video\"><!--[if lt IE 9]><script>document.createElement('video');<\/script><![endif]--><br \/>\n<video class=\"wp-video-shortcode\" id=\"video-2620-1\" width=\"1280\" height=\"720\" preload=\"metadata\" controls=\"controls\"><source type=\"video\/mp4\" src=\"https:\/\/cmykprinted.com\/wp-content\/uploads\/2025\/05\/Printed-Branded-Tablecloth-for-Events.mp4?_=1\" \/><a href=\"https:\/\/cmykprinted.com\/wp-content\/uploads\/2025\/05\/Printed-Branded-Tablecloth-for-Events.mp4\">https:\/\/cmykprinted.com\/wp-content\/uploads\/2025\/05\/Printed-Branded-Tablecloth-for-Events.mp4<\/a><\/video><\/div>","protected":false},"featured_media":2626,"template":"","meta":{"_kad_post_transparent":"default","_kad_post_title":"hide","_kad_post_layout":"fullwidth","_kad_post_sidebar_id":"","_kad_post_content_style":"unboxed","_kad_post_vertical_padding":"hide","_kad_post_feature":"hide","_kad_post_feature_position":"","_kad_post_header":false,"_kad_post_footer":false},"product_cat":[80,81,83],"product_tag":[587,590,589,588],"class_list":{"0":"post-2620","1":"product","2":"type-product","3":"status-publish","4":"has-post-thumbnail","6":"product_cat-custom-tablecloth","7":"product_cat-custom-stretch-tablecloth","8":"product_cat-fitted-table-cover","9":"product_tag-branded-tablecloth-for-events","10":"product_tag-custom-branded-tablecloth-for-events","11":"product_tag-custom-printed-branded-tablecloth-f","12":"product_tag-printed-branded-tablecloth","14":"first","15":"instock","16":"shipping-taxable","17":"product-type-simple","18":"entry","19":"content-bg","20":"loop-entry"},"_links":{"self":[{"href":"https:\/\/cmykprinted.com\/pt\/wp-json\/wp\/v2\/product\/2620","targetHints":{"allow":["GET"]}}],"collection":[{"href":"https:\/\/cmykprinted.com\/pt\/wp-json\/wp\/v2\/product"}],"about":[{"href":"https:\/\/cmykprinted.com\/pt\/wp-json\/wp\/v2\/types\/product"}],"version-history":[{"count":1,"href":"https:\/\/cmykprinted.com\/pt\/wp-json\/wp\/v2\/product\/2620\/revisions"}],"predecessor-version":[{"id":2622,"href":"https:\/\/cmykprinted.com\/pt\/wp-json\/wp\/v2\/product\/2620\/revisions\/2622"}],"wp:featuredmedia":[{"embeddable":true,"href":"https:\/\/cmykprinted.com\/pt\/wp-json\/wp\/v2\/media\/2626"}],"wp:attachment":[{"href":"https:\/\/cmykprinted.com\/pt\/wp-json\/wp\/v2\/media?parent=2620"}],"wp:term":[{"taxonomy":"product_cat","embeddable":true,"href":"https:\/\/cmykprinted.com\/pt\/wp-json\/wp\/v2\/product_cat?post=2620"},{"taxonomy":"product_tag","embeddable":true,"href":"https:\/\/cmykprinted.com\/pt\/wp-json\/wp\/v2\/product_tag?post=2620"}],"curies":[{"name":"wp","href":"https:\/\/api.w.org\/{rel}","templated":true}]}}