{"id":2627,"date":"2025-05-28T03:20:18","date_gmt":"2025-05-28T03:20:18","guid":{"rendered":"https:\/\/cmykprinted.com\/?post_type=product&#038;p=2627"},"modified":"2025-05-28T03:22:18","modified_gmt":"2025-05-28T03:22:18","slug":"custom-branded-table-cloth-with-bottom-price","status":"publish","type":"product","link":"https:\/\/cmykprinted.com\/pt\/produto\/toalha-de-mesa-personalizada-com-marca-pelo-menor-preco\/","title":{"rendered":"Toalha de mesa personalizada com pre\u00e7o baixo"},"content":{"rendered":"","protected":false},"excerpt":{"rendered":"<p data-start=\"235\" data-end=\"483\">Procurando uma maneira econ\u00f4mica de divulgar sua marca em eventos sem comprometer a qualidade? Nossa <strong data-start=\"335\" data-end=\"376\">Toalha de mesa de marca com pre\u00e7o baixo<\/strong> \u00e9 a solu\u00e7\u00e3o perfeita para empresas preocupadas com o or\u00e7amento, mas que ainda querem causar uma impress\u00e3o profissional.<\/p>\n<p data-start=\"485\" data-end=\"818\">Seja para expor em feiras, participar de feiras de neg\u00f3cios ou administrar uma loja pop-up, esta toalha de mesa adiciona um visual clean, coeso e com a marca da sua empresa. Feita de poli\u00e9ster dur\u00e1vel, ela \u00e9 leve, resistente a vincos e f\u00e1cil de manter \u2014 ideal para empresas que viajam com frequ\u00eancia ou que se instalam em v\u00e1rios eventos.<\/p>\n<p data-start=\"820\" data-end=\"1149\">Impressos com tecnologia de sublima\u00e7\u00e3o de alta qualidade, o logotipo e as cores da sua marca t\u00eam um visual n\u00edtido e vibrante, ajudando voc\u00ea a se destacar da multid\u00e3o. A tinta \u00e9 incorporada ao tecido, evitando que o design descasque ou desbote ap\u00f3s a lavagem. Voc\u00ea obt\u00e9m um material promocional duradouro por uma fra\u00e7\u00e3o do custo de outros materiais de exposi\u00e7\u00e3o da marca.<\/p>\n<p data-start=\"1151\" data-end=\"1429\">Esta toalha de mesa est\u00e1 dispon\u00edvel em v\u00e1rios tamanhos (1,2 m, 1,8 m, 2,4 m) e estilos (ajustada, drapeada ou el\u00e1stica) para atender \u00e0s suas necessidades. Ela tamb\u00e9m se dobra de forma compacta para facilitar o transporte e o armazenamento, tornando-a perfeita para pequenas empresas, startups e equipes de marketing com or\u00e7amento limitado.<\/p>\n<p data-start=\"1431\" data-end=\"1712\">Resumindo, este \u00e9 um investimento de baixo custo que proporciona uma marca de alto impacto. Obtenha a apar\u00eancia de um display premium sem o pre\u00e7o alto. Se voc\u00ea est\u00e1 procurando <strong data-start=\"1588\" data-end=\"1648\">\u00f3timo valor, qualidade confi\u00e1vel e forte presen\u00e7a de marca<\/strong>, nossa Toalha de Mesa de Marca com Pre\u00e7o Imbat\u00edvel \u00e9 a escolha inteligente.<\/p>\n<div style=\"width: 1280px;\" class=\"wp-video\"><!--[if lt IE 9]><script>document.createElement('video');<\/script><![endif]--><br \/>\n<video class=\"wp-video-shortcode\" id=\"video-2627-1\" width=\"1280\" height=\"720\" preload=\"metadata\" controls=\"controls\"><source type=\"video\/mp4\" src=\"https:\/\/cmykprinted.com\/wp-content\/uploads\/2025\/05\/Printed-Branded-Tablecloth-for-Events.mp4?_=1\" \/><a href=\"https:\/\/cmykprinted.com\/wp-content\/uploads\/2025\/05\/Printed-Branded-Tablecloth-for-Events.mp4\">https:\/\/cmykprinted.com\/wp-content\/uploads\/2025\/05\/Printed-Branded-Tablecloth-for-Events.mp4<\/a><\/video><\/div>","protected":false},"featured_media":2630,"template":"","meta":{"_kad_post_transparent":"default","_kad_post_title":"hide","_kad_post_layout":"fullwidth","_kad_post_sidebar_id":"","_kad_post_content_style":"unboxed","_kad_post_vertical_padding":"hide","_kad_post_feature":"hide","_kad_post_feature_position":"","_kad_post_header":false,"_kad_post_footer":false},"product_cat":[80,81,83],"product_tag":[592,591,593],"class_list":{"0":"post-2627","1":"product","2":"type-product","3":"status-publish","4":"has-post-thumbnail","6":"product_cat-custom-tablecloth","7":"product_cat-custom-stretch-tablecloth","8":"product_cat-fitted-table-cover","9":"product_tag-branded-table-cloth","10":"product_tag-branded-table-cloth-price","11":"product_tag-custom-branded-table-cloth","13":"first","14":"instock","15":"shipping-taxable","16":"product-type-simple","17":"entry","18":"content-bg","19":"loop-entry"},"_links":{"self":[{"href":"https:\/\/cmykprinted.com\/pt\/wp-json\/wp\/v2\/product\/2627","targetHints":{"allow":["GET"]}}],"collection":[{"href":"https:\/\/cmykprinted.com\/pt\/wp-json\/wp\/v2\/product"}],"about":[{"href":"https:\/\/cmykprinted.com\/pt\/wp-json\/wp\/v2\/types\/product"}],"version-history":[{"count":2,"href":"https:\/\/cmykprinted.com\/pt\/wp-json\/wp\/v2\/product\/2627\/revisions"}],"predecessor-version":[{"id":2633,"href":"https:\/\/cmykprinted.com\/pt\/wp-json\/wp\/v2\/product\/2627\/revisions\/2633"}],"wp:featuredmedia":[{"embeddable":true,"href":"https:\/\/cmykprinted.com\/pt\/wp-json\/wp\/v2\/media\/2630"}],"wp:attachment":[{"href":"https:\/\/cmykprinted.com\/pt\/wp-json\/wp\/v2\/media?parent=2627"}],"wp:term":[{"taxonomy":"product_cat","embeddable":true,"href":"https:\/\/cmykprinted.com\/pt\/wp-json\/wp\/v2\/product_cat?post=2627"},{"taxonomy":"product_tag","embeddable":true,"href":"https:\/\/cmykprinted.com\/pt\/wp-json\/wp\/v2\/product_tag?post=2627"}],"curies":[{"name":"wp","href":"https:\/\/api.w.org\/{rel}","templated":true}]}}