{"id":2634,"date":"2025-05-28T05:01:54","date_gmt":"2025-05-28T05:01:54","guid":{"rendered":"https:\/\/cmykprinted.com\/?post_type=product&#038;p=2634"},"modified":"2025-05-28T05:01:54","modified_gmt":"2025-05-28T05:01:54","slug":"custom-metal-transfer-logo-stickers-for-perfume-bottle","status":"publish","type":"product","link":"https:\/\/cmykprinted.com\/pt\/produto\/adesivos-de-logotipo-em-metal-transferivel-personalizados-para-frasco-de-perfume\/","title":{"rendered":"Adesivos de logotipo de transfer\u00eancia de metal personalizados para frascos de perfume"},"content":{"rendered":"","protected":false},"excerpt":{"rendered":"<p>Aprimore a eleg\u00e2ncia e a identidade da sua marca com nossos adesivos de transfer\u00eancia de logotipo em metal personalizados premium, especialmente projetados para frascos de perfume. Esses decalques met\u00e1licos de alta qualidade oferecem um acabamento luxuoso e profissional que eleva instantaneamente sua embalagem e reflete a qualidade da sua marca.<\/p>\n<p>Feitos com tecnologia de transfer\u00eancia avan\u00e7ada, esses adesivos apresentam uma superf\u00edcie met\u00e1lica elegante com detalhes precisos, tornando-os ideais para logotipos, nomes de marcas ou elementos decorativos. A aplica\u00e7\u00e3o de transfer\u00eancia garante que apenas a parte met\u00e1lica adira \u00e0 superf\u00edcie, sem deixar fundo ou bordas adesivas \u2014 criando uma apar\u00eancia perfeita, semelhante a uma grava\u00e7\u00e3o diretamente na garrafa de vidro ou pl\u00e1stico.<\/p>\n<p>Dispon\u00edveis em diversos acabamentos, como dourado, prateado, ouro ros\u00e9, preto fosco e cromado, nossos adesivos met\u00e1licos com logotipo podem ser personalizados para combinar com a est\u00e9tica da sua marca. Seja um monograma minimalista ou um logotipo mais elaborado, oferecemos solu\u00e7\u00f5es personalizadas para atender \u00e0s suas necessidades espec\u00edficas.<\/p>\n<p>Esses adesivos n\u00e3o s\u00e3o apenas visualmente atraentes, mas tamb\u00e9m dur\u00e1veis \u200b\u200b\u2014 resistentes \u00e0 \u00e1gua, \u00f3leo e perfume, garantindo que sua marca permane\u00e7a intacta ao longo do tempo. Perfeitos para linhas de perfumes de luxo, produtos cosm\u00e9ticos ou itens promocionais de alta qualidade.<\/p>\n<p>Nossa equipe de design trabalhar\u00e1 em estreita colabora\u00e7\u00e3o com voc\u00ea para criar o adesivo de logotipo perfeito que ressoe com a identidade da sua marca. Quantidade m\u00ednima e pre\u00e7os de atacado dispon\u00edveis para pedidos no atacado.<\/p>\n<p>Atualize sua embalagem com eleg\u00e2ncia e distin\u00e7\u00e3o \u2014 escolha nossos adesivos personalizados com logotipo de transfer\u00eancia de metal para um toque final sofisticado.<\/p>\n<div style=\"width: 480px;\" class=\"wp-video\"><!--[if lt IE 9]><script>document.createElement('video');<\/script><![endif]--><br \/>\n<video class=\"wp-video-shortcode\" id=\"video-2634-1\" width=\"480\" height=\"480\" preload=\"metadata\" controls=\"controls\"><source type=\"video\/mp4\" src=\"https:\/\/cmykprinted.com\/wp-content\/uploads\/2025\/05\/Metal-Transfer-Logo-Stickers-For-Perfume-Bottle.mp4?_=1\" \/><a href=\"https:\/\/cmykprinted.com\/wp-content\/uploads\/2025\/05\/Metal-Transfer-Logo-Stickers-For-Perfume-Bottle.mp4\">https:\/\/cmykprinted.com\/wp-content\/uploads\/2025\/05\/Metal-Transfer-Logo-Stickers-For-Perfume-Bottle.mp4<\/a><\/video><\/div>","protected":false},"featured_media":2635,"template":"","meta":{"_kad_post_transparent":"default","_kad_post_title":"hide","_kad_post_layout":"fullwidth","_kad_post_sidebar_id":"","_kad_post_content_style":"unboxed","_kad_post_vertical_padding":"hide","_kad_post_feature":"hide","_kad_post_feature_position":"","_kad_post_header":false,"_kad_post_footer":false},"product_cat":[101,102],"product_tag":[596,594,595,597],"class_list":{"0":"post-2634","1":"product","2":"type-product","3":"status-publish","4":"has-post-thumbnail","6":"product_cat-transfer-stickers","7":"product_cat-metal-transfer-stickers","8":"product_tag-custom-metal-transfer-logo-stickers","9":"product_tag-logo-stickers-for-perfume-bottle","10":"product_tag-metal-transfer-logo-stickers","11":"product_tag-transfer-logo-stickers-for-perfume-bottle","13":"first","14":"instock","15":"shipping-taxable","16":"product-type-simple","17":"entry","18":"content-bg","19":"loop-entry"},"_links":{"self":[{"href":"https:\/\/cmykprinted.com\/pt\/wp-json\/wp\/v2\/product\/2634","targetHints":{"allow":["GET"]}}],"collection":[{"href":"https:\/\/cmykprinted.com\/pt\/wp-json\/wp\/v2\/product"}],"about":[{"href":"https:\/\/cmykprinted.com\/pt\/wp-json\/wp\/v2\/types\/product"}],"version-history":[{"count":1,"href":"https:\/\/cmykprinted.com\/pt\/wp-json\/wp\/v2\/product\/2634\/revisions"}],"predecessor-version":[{"id":2640,"href":"https:\/\/cmykprinted.com\/pt\/wp-json\/wp\/v2\/product\/2634\/revisions\/2640"}],"wp:featuredmedia":[{"embeddable":true,"href":"https:\/\/cmykprinted.com\/pt\/wp-json\/wp\/v2\/media\/2635"}],"wp:attachment":[{"href":"https:\/\/cmykprinted.com\/pt\/wp-json\/wp\/v2\/media?parent=2634"}],"wp:term":[{"taxonomy":"product_cat","embeddable":true,"href":"https:\/\/cmykprinted.com\/pt\/wp-json\/wp\/v2\/product_cat?post=2634"},{"taxonomy":"product_tag","embeddable":true,"href":"https:\/\/cmykprinted.com\/pt\/wp-json\/wp\/v2\/product_tag?post=2634"}],"curies":[{"name":"wp","href":"https:\/\/api.w.org\/{rel}","templated":true}]}}