{"id":2660,"date":"2025-05-30T09:38:31","date_gmt":"2025-05-30T09:38:31","guid":{"rendered":"https:\/\/cmykprinted.com\/?post_type=product&#038;p=2660"},"modified":"2025-05-30T09:38:32","modified_gmt":"2025-05-30T09:38:32","slug":"custom-vinyl-banners-printing-for-business-and-vinyl-signs","status":"publish","type":"product","link":"https:\/\/cmykprinted.com\/pt\/produto\/impressao-de-faixas-de-vinil-personalizadas-para-empresas-e-placas-de-vinil\/","title":{"rendered":"Impress\u00e3o de banners de vinil personalizados para empresas e placas de vinil"},"content":{"rendered":"","protected":false},"excerpt":{"rendered":"<p>Para promover nosso neg\u00f3cio, precis\u00e1vamos de algo ousado, dur\u00e1vel e chamativo. Por isso, recorremos a banners de vinil personalizados \u2014 e n\u00e3o poder\u00edamos estar mais satisfeitos com o resultado. Os banners de vinil nos proporcionaram uma maneira profissional de anunciar vendas, divulgar eventos futuros e aumentar a visibilidade da marca em ambientes internos e externos.<\/p>\n<p>O que mais gostamos \u00e9 a flexibilidade. Pudemos personalizar totalmente nossos banners com nosso logotipo, cores da marca e mensagens. Seja para uma grande inaugura\u00e7\u00e3o, uma feira ou apenas uma liquida\u00e7\u00e3o de fim de semana, esses banners nos ajudam a ser notados. A impress\u00e3o em cores vibrantes faz com que nossos materiais gr\u00e1ficos se destaquem, e podemos escolher entre uma ampla variedade de tamanhos para se adequar a diferentes espa\u00e7os de exposi\u00e7\u00e3o \u2014 de vitrines a cercas, palcos e muito mais.<\/p>\n<p>A durabilidade \u00e9 outro grande benef\u00edcio. Os banners s\u00e3o impressos em vinil resistente, que resiste perfeitamente ao vento, \u00e0 chuva e ao sol. Reutilizamos os nossos diversas vezes sem desbotar ou rasgar. As bordas refor\u00e7adas e os ilh\u00f3s de metal facilitam a instala\u00e7\u00e3o e a fixa\u00e7\u00e3o \u2014 sem estresse, sem complica\u00e7\u00f5es.<\/p>\n<p>O processo de encomenda tamb\u00e9m \u00e9 simples. Fizemos o upload do nosso design, escolhemos as especifica\u00e7\u00f5es necess\u00e1rias e recebemos os banners rapidamente. A qualidade foi impressionante, especialmente considerando a rapidez do processo.<\/p>\n<p>No geral, a impress\u00e3o personalizada de banners de vinil tem sido uma forma acess\u00edvel e impactante de divulgarmos nosso neg\u00f3cio. \u00c9 uma solu\u00e7\u00e3o simples que traz resultados significativos.<\/p>\n<div style=\"width: 1290px;\" class=\"wp-video\"><!--[if lt IE 9]><script>document.createElement('video');<\/script><![endif]--><br \/>\n<video class=\"wp-video-shortcode\" id=\"video-2660-1\" width=\"1290\" height=\"726\" loop autoplay preload=\"auto\" controls=\"controls\"><source type=\"video\/mp4\" src=\"http:\/\/cmykprinted.com\/wp-content\/uploads\/2022\/12\/Fence-Mesh-Banners.mp4?_=1\" \/><a href=\"http:\/\/cmykprinted.com\/wp-content\/uploads\/2022\/12\/Fence-Mesh-Banners.mp4\">http:\/\/cmykprinted.com\/wp-content\/uploads\/2022\/12\/Fence-Mesh-Banners.mp4<\/a><\/video><\/div>\n<p>&nbsp;<\/p>","protected":false},"featured_media":2664,"template":"","meta":{"_kad_post_transparent":"default","_kad_post_title":"hide","_kad_post_layout":"fullwidth","_kad_post_sidebar_id":"","_kad_post_content_style":"unboxed","_kad_post_vertical_padding":"hide","_kad_post_feature":"hide","_kad_post_feature_position":"","_kad_post_header":false,"_kad_post_footer":false},"product_cat":[85,87,86],"product_tag":[602,601,603,600],"class_list":{"0":"post-2660","1":"product","2":"type-product","3":"status-publish","4":"has-post-thumbnail","6":"product_cat-outdoor-vinyl-banners","7":"product_cat-fabric-mesh-banners","8":"product_cat-fence-mesh-banners","9":"product_tag-custom-vinyl-banners-for-business","10":"product_tag-custom-vinyl-banners-printing","11":"product_tag-custom-vinyl-signs","12":"product_tag-vinyl-signs","14":"first","15":"instock","16":"shipping-taxable","17":"product-type-simple","18":"entry","19":"content-bg","20":"loop-entry"},"_links":{"self":[{"href":"https:\/\/cmykprinted.com\/pt\/wp-json\/wp\/v2\/product\/2660","targetHints":{"allow":["GET"]}}],"collection":[{"href":"https:\/\/cmykprinted.com\/pt\/wp-json\/wp\/v2\/product"}],"about":[{"href":"https:\/\/cmykprinted.com\/pt\/wp-json\/wp\/v2\/types\/product"}],"version-history":[{"count":1,"href":"https:\/\/cmykprinted.com\/pt\/wp-json\/wp\/v2\/product\/2660\/revisions"}],"predecessor-version":[{"id":2666,"href":"https:\/\/cmykprinted.com\/pt\/wp-json\/wp\/v2\/product\/2660\/revisions\/2666"}],"wp:featuredmedia":[{"embeddable":true,"href":"https:\/\/cmykprinted.com\/pt\/wp-json\/wp\/v2\/media\/2664"}],"wp:attachment":[{"href":"https:\/\/cmykprinted.com\/pt\/wp-json\/wp\/v2\/media?parent=2660"}],"wp:term":[{"taxonomy":"product_cat","embeddable":true,"href":"https:\/\/cmykprinted.com\/pt\/wp-json\/wp\/v2\/product_cat?post=2660"},{"taxonomy":"product_tag","embeddable":true,"href":"https:\/\/cmykprinted.com\/pt\/wp-json\/wp\/v2\/product_tag?post=2660"}],"curies":[{"name":"wp","href":"https:\/\/api.w.org\/{rel}","templated":true}]}}