{"id":2758,"date":"2025-07-02T03:30:52","date_gmt":"2025-07-02T03:30:52","guid":{"rendered":"https:\/\/cmykprinted.com\/?post_type=product&#038;p=2758"},"modified":"2025-07-02T03:30:52","modified_gmt":"2025-07-02T03:30:52","slug":"waterproof-transfer-stickers","status":"publish","type":"product","link":"https:\/\/cmykprinted.com\/pt\/produto\/adesivos-de-transferencia-impermeaveis\/","title":{"rendered":"Adesivos de transfer\u00eancia \u00e0 prova d&#039;\u00e1gua com logotipo para cosm\u00e9ticos e frascos de vidro de perfume"},"content":{"rendered":"","protected":false},"excerpt":{"rendered":"<p>Eleve a qualidade da sua embalagem de cosm\u00e9ticos e perfumes com os Adesivos de Transfer\u00eancia Imperme\u00e1veis \u200b\u200bcom Logotipo Personalizados, projetados para aderir perfeitamente a frascos de vidro e superf\u00edcies lisas. Fabricados com materiais de alta qualidade, esses adesivos possuem um forte suporte adesivo que garante uma fixa\u00e7\u00e3o segura, mesmo em ambientes \u00famidos. As propriedades \u00e0 prova d&#039;\u00e1gua e resistentes a \u00f3leo mant\u00eam o brilho do seu logotipo sem descascar ou desbotar com o tempo. Perfeitos para a marca de cosm\u00e9ticos, perfumes, \u00f3leos essenciais ou recipientes de vidro de luxo, eles oferecem uma apar\u00eancia profissional e elegante. Nossa tecnologia de impress\u00e3o avan\u00e7ada garante cores vibrantes, detalhes n\u00edtidos e um acabamento suave que se integra perfeitamente \u00e0 superf\u00edcie do frasco, proporcionando uma apar\u00eancia sofisticada e sem r\u00f3tulos. F\u00e1ceis de aplicar e altamente dur\u00e1veis, esses adesivos de transfer\u00eancia proporcionam uma impress\u00e3o duradoura da marca, aprimorando o apelo visual dos seus produtos e fazendo com que se destaquem nas prateleiras. Personalize formas, tamanhos e acabamentos para refletir a identidade \u00fanica da sua marca.<\/p>\n<div style=\"width: 1280px;\" class=\"wp-video\"><!--[if lt IE 9]><script>document.createElement('video');<\/script><![endif]--><br \/>\n<video class=\"wp-video-shortcode\" id=\"video-2758-1\" width=\"1280\" height=\"720\" preload=\"metadata\" controls=\"controls\"><source type=\"video\/mp4\" src=\"https:\/\/cmykprinted.com\/wp-content\/uploads\/2025\/07\/Waterproof-Transfer-Stickers.mp4?_=1\" \/><a href=\"https:\/\/cmykprinted.com\/wp-content\/uploads\/2025\/07\/Waterproof-Transfer-Stickers.mp4\">https:\/\/cmykprinted.com\/wp-content\/uploads\/2025\/07\/Waterproof-Transfer-Stickers.mp4<\/a><\/video><\/div>","protected":false},"featured_media":2762,"template":"","meta":{"_kad_post_transparent":"default","_kad_post_title":"hide","_kad_post_layout":"fullwidth","_kad_post_sidebar_id":"","_kad_post_content_style":"unboxed","_kad_post_vertical_padding":"hide","_kad_post_feature":"hide","_kad_post_feature_position":"","_kad_post_header":false,"_kad_post_footer":false},"product_cat":[101,102],"product_tag":[636,635,634,633],"class_list":{"0":"post-2758","1":"product","2":"type-product","3":"status-publish","4":"has-post-thumbnail","6":"product_cat-transfer-stickers","7":"product_cat-metal-transfer-stickers","8":"product_tag-transfer-stickers-for-cosmetics-bottle","9":"product_tag-transfer-stickers-for-glass-bottle","10":"product_tag-transfer-stickers-for-perfume-bottle","11":"product_tag-waterproof-transfer-stickers","13":"first","14":"instock","15":"shipping-taxable","16":"product-type-simple","17":"entry","18":"content-bg","19":"loop-entry"},"_links":{"self":[{"href":"https:\/\/cmykprinted.com\/pt\/wp-json\/wp\/v2\/product\/2758","targetHints":{"allow":["GET"]}}],"collection":[{"href":"https:\/\/cmykprinted.com\/pt\/wp-json\/wp\/v2\/product"}],"about":[{"href":"https:\/\/cmykprinted.com\/pt\/wp-json\/wp\/v2\/types\/product"}],"version-history":[{"count":1,"href":"https:\/\/cmykprinted.com\/pt\/wp-json\/wp\/v2\/product\/2758\/revisions"}],"predecessor-version":[{"id":2766,"href":"https:\/\/cmykprinted.com\/pt\/wp-json\/wp\/v2\/product\/2758\/revisions\/2766"}],"wp:featuredmedia":[{"embeddable":true,"href":"https:\/\/cmykprinted.com\/pt\/wp-json\/wp\/v2\/media\/2762"}],"wp:attachment":[{"href":"https:\/\/cmykprinted.com\/pt\/wp-json\/wp\/v2\/media?parent=2758"}],"wp:term":[{"taxonomy":"product_cat","embeddable":true,"href":"https:\/\/cmykprinted.com\/pt\/wp-json\/wp\/v2\/product_cat?post=2758"},{"taxonomy":"product_tag","embeddable":true,"href":"https:\/\/cmykprinted.com\/pt\/wp-json\/wp\/v2\/product_tag?post=2758"}],"curies":[{"name":"wp","href":"https:\/\/api.w.org\/{rel}","templated":true}]}}