{"id":2784,"date":"2025-07-07T02:32:54","date_gmt":"2025-07-07T02:32:54","guid":{"rendered":"https:\/\/cmykprinted.com\/?post_type=product&#038;p=2784"},"modified":"2025-07-07T02:35:29","modified_gmt":"2025-07-07T02:35:29","slug":"street-light-pole-banner","status":"publish","type":"product","link":"https:\/\/cmykprinted.com\/pt\/produto\/faixa-para-poste-de-iluminacao-publica\/","title":{"rendered":"Banner de poste de ilumina\u00e7\u00e3o p\u00fablica com suportes e pre\u00e7o baixo"},"content":{"rendered":"","protected":false},"excerpt":{"rendered":"<p>Procurando uma maneira econ\u00f4mica e impactante de divulgar sua marca, promover eventos ou decorar as ruas da cidade? Nossos Banners para Postes de Ilumina\u00e7\u00e3o P\u00fablica com Suportes e Pre\u00e7os Acess\u00edveis s\u00e3o a solu\u00e7\u00e3o perfeita.<\/p>\n<p>Feitos com materiais dur\u00e1veis \u200b\u200be resistentes \u00e0s intemp\u00e9ries, como vinil resistente ou tecido de poli\u00e9ster, esses banners garantem impress\u00f5es vibrantes e duradouras, resistentes ao sol, \u00e0 chuva e ao vento. Cada conjunto vem completo com suportes resistentes para instala\u00e7\u00e3o f\u00e1cil e segura em postes de diversos tamanhos, tornando-os ideais para ruas, estacionamentos, campi, \u00e1reas comerciais e muito mais.<\/p>\n<p>Principais caracter\u00edsticas:<br \/>\n1. Marketing de baixo custo \u2013 Alta visibilidade a um pre\u00e7o acess\u00edvel.<\/p>\n<p>2. Impress\u00e3o personalizada \u2013 Gr\u00e1ficos coloridos para destacar sua mensagem ou marca exclusiva.<\/p>\n<p>3. Materiais dur\u00e1veis \u200b\u200b\u2013 Projetados para suportar condi\u00e7\u00f5es externas para uso prolongado.<\/p>\n<p>4. F\u00e1cil instala\u00e7\u00e3o \u2013 Inclui suportes confi\u00e1veis \u200b\u200bpara montagem r\u00e1pida.<\/p>\n<p>5. Aplica\u00e7\u00f5es vers\u00e1teis \u2013 Perfeito para promo\u00e7\u00f5es sazonais, festivais, orgulho c\u00edvico e publicidade empresarial.<\/p>\n<p>N\u00e3o deixe que restri\u00e7\u00f5es or\u00e7ament\u00e1rias limitem sua visibilidade. Com nossos Banners para Postes de Ilumina\u00e7\u00e3o P\u00fablica com Suportes e Pre\u00e7os Acess\u00edveis, voc\u00ea pode atrair a aten\u00e7\u00e3o e impulsionar sua mensagem sem gastar demais. Entre em contato conosco hoje mesmo para tamanhos e designs personalizados e um or\u00e7amento gratuito!<\/p>\n<figure id=\"attachment_2785\" aria-describedby=\"caption-attachment-2785\" style=\"width: 1000px\" class=\"wp-caption alignnone\"><img fetchpriority=\"high\" decoding=\"async\" class=\"size-full wp-image-2785\" src=\"https:\/\/cmykprinted.com\/wp-content\/uploads\/2025\/07\/Street-Light-Pole-Banner.jpg\" alt=\"Banner de poste de ilumina\u00e7\u00e3o p\u00fablica\" width=\"1000\" height=\"560\" srcset=\"https:\/\/cmykprinted.com\/wp-content\/uploads\/2025\/07\/Street-Light-Pole-Banner.jpg 1000w, https:\/\/cmykprinted.com\/wp-content\/uploads\/2025\/07\/Street-Light-Pole-Banner-300x168.jpg 300w, https:\/\/cmykprinted.com\/wp-content\/uploads\/2025\/07\/Street-Light-Pole-Banner-768x430.jpg 768w, https:\/\/cmykprinted.com\/wp-content\/uploads\/2025\/07\/Street-Light-Pole-Banner-18x10.jpg 18w, https:\/\/cmykprinted.com\/wp-content\/uploads\/2025\/07\/Street-Light-Pole-Banner-600x336.jpg 600w\" sizes=\"(max-width: 1000px) 100vw, 1000px\" \/><figcaption id=\"caption-attachment-2785\" class=\"wp-caption-text\">Banner de poste de ilumina\u00e7\u00e3o p\u00fablica<\/figcaption><\/figure>\n<p>&nbsp;<\/p>","protected":false},"featured_media":2786,"template":"","meta":{"_kad_post_transparent":"default","_kad_post_title":"hide","_kad_post_layout":"fullwidth","_kad_post_sidebar_id":"","_kad_post_content_style":"unboxed","_kad_post_vertical_padding":"hide","_kad_post_feature":"hide","_kad_post_feature_position":"","_kad_post_header":false,"_kad_post_footer":false},"product_cat":[85,90,91,89],"product_tag":[642,641],"class_list":{"0":"post-2784","1":"product","2":"type-product","3":"status-publish","4":"has-post-thumbnail","6":"product_cat-outdoor-vinyl-banners","7":"product_cat-glossy-pvc-banners","8":"product_cat-matte-vinyl-banners","9":"product_cat-pvc-banners","10":"product_tag-light-pole-banner-with-brackets","11":"product_tag-street-light-pole-banner","13":"first","14":"instock","15":"shipping-taxable","16":"product-type-simple","17":"entry","18":"content-bg","19":"loop-entry"},"_links":{"self":[{"href":"https:\/\/cmykprinted.com\/pt\/wp-json\/wp\/v2\/product\/2784","targetHints":{"allow":["GET"]}}],"collection":[{"href":"https:\/\/cmykprinted.com\/pt\/wp-json\/wp\/v2\/product"}],"about":[{"href":"https:\/\/cmykprinted.com\/pt\/wp-json\/wp\/v2\/types\/product"}],"version-history":[{"count":1,"href":"https:\/\/cmykprinted.com\/pt\/wp-json\/wp\/v2\/product\/2784\/revisions"}],"predecessor-version":[{"id":2789,"href":"https:\/\/cmykprinted.com\/pt\/wp-json\/wp\/v2\/product\/2784\/revisions\/2789"}],"wp:featuredmedia":[{"embeddable":true,"href":"https:\/\/cmykprinted.com\/pt\/wp-json\/wp\/v2\/media\/2786"}],"wp:attachment":[{"href":"https:\/\/cmykprinted.com\/pt\/wp-json\/wp\/v2\/media?parent=2784"}],"wp:term":[{"taxonomy":"product_cat","embeddable":true,"href":"https:\/\/cmykprinted.com\/pt\/wp-json\/wp\/v2\/product_cat?post=2784"},{"taxonomy":"product_tag","embeddable":true,"href":"https:\/\/cmykprinted.com\/pt\/wp-json\/wp\/v2\/product_tag?post=2784"}],"curies":[{"name":"wp","href":"https:\/\/api.w.org\/{rel}","templated":true}]}}