{"id":2790,"date":"2025-07-07T09:16:58","date_gmt":"2025-07-07T09:16:58","guid":{"rendered":"https:\/\/cmykprinted.com\/?post_type=product&#038;p=2790"},"modified":"2025-07-08T00:21:16","modified_gmt":"2025-07-08T00:21:16","slug":"double-sided-vinyl-banners","status":"publish","type":"product","link":"https:\/\/cmykprinted.com\/pt\/produto\/banners-de-vinil-dupla-face\/","title":{"rendered":"Banners de vinil dupla face de 18 oz por US$ 11"},"content":{"rendered":"","protected":false},"excerpt":{"rendered":"<p>No mundo din\u00e2mico do marketing e da promo\u00e7\u00e3o, fazer uma declara\u00e7\u00e3o ousada e chamar a aten\u00e7\u00e3o \u00e9 fundamental. Conhe\u00e7a nossos Banners de Vinil Dupla Face de 18 oz \u2013 a solu\u00e7\u00e3o definitiva para empresas, eventos e indiv\u00edduos que buscam deixar uma marca indel\u00e9vel.<\/p>\n<p>Feitos com precis\u00e3o e projetados para excel\u00eancia, esses banners n\u00e3o s\u00e3o apenas peda\u00e7os de vinil; eles s\u00e3o ferramentas poderosas projetadas para elevar sua mensagem a novos patamares.<\/p>\n<p>A base dos nossos Banners Vin\u00edlicos Dupla Face de 18 oz (450 g) \u00e9 a durabilidade excepcional. Fabricados com vinil de alta qualidade e alta resist\u00eancia, esses banners s\u00e3o projetados para suportar os elementos mais severos. Seja sol escaldante, chuva torrencial, ventos fortes ou temperaturas congelantes, nossos banners permanecem intactos e vibrantes. O peso de 18 oz (450 g) proporciona uma estrutura robusta e resistente, garantindo que seu banner n\u00e3o rasgue, desfie ou desbote facilmente.<\/p>\n<p>Essa durabilidade os torna ideais para uso externo, tanto a curto quanto a longo prazo. Por exemplo, se voc\u00ea estiver promovendo uma liquida\u00e7\u00e3o sazonal na vitrine da sua loja, o banner manter\u00e1 sua integridade durante toda a campanha. Ou, se voc\u00ea o estiver usando para marcar o local de um evento de grande porte com dura\u00e7\u00e3o de v\u00e1rios dias, pode ter certeza de que ele continuar\u00e1 com \u00f3tima apar\u00eancia e transmitir\u00e1 sua mensagem com clareza.<\/p>\n<p>A dupla face desses banners duplica o impacto. N\u00e3o importa a dire\u00e7\u00e3o de onde o seu p\u00fablico venha, ele ser\u00e1 recebido com uma mensagem clara e convincente. Isso \u00e9 especialmente ben\u00e9fico para \u00e1reas de alto tr\u00e1fego, como ruas movimentadas, cruzamentos ou grandes espa\u00e7os abertos em festivais e feiras.<\/p>\n<p>Ela maximiza a visibilidade da sua marca, produto ou evento, garantindo que seu investimento em marketing v\u00e1 mais longe.<\/p>\n<figure id=\"attachment_2785\" aria-describedby=\"caption-attachment-2785\" style=\"width: 1000px\" class=\"wp-caption alignnone\"><img fetchpriority=\"high\" decoding=\"async\" class=\"size-full wp-image-2785\" src=\"https:\/\/cmykprinted.com\/wp-content\/uploads\/2025\/07\/Street-Light-Pole-Banner.jpg\" alt=\" Banners de vinil dupla face\" width=\"1000\" height=\"560\" srcset=\"https:\/\/cmykprinted.com\/wp-content\/uploads\/2025\/07\/Street-Light-Pole-Banner.jpg 1000w, https:\/\/cmykprinted.com\/wp-content\/uploads\/2025\/07\/Street-Light-Pole-Banner-300x168.jpg 300w, https:\/\/cmykprinted.com\/wp-content\/uploads\/2025\/07\/Street-Light-Pole-Banner-768x430.jpg 768w, https:\/\/cmykprinted.com\/wp-content\/uploads\/2025\/07\/Street-Light-Pole-Banner-18x10.jpg 18w, https:\/\/cmykprinted.com\/wp-content\/uploads\/2025\/07\/Street-Light-Pole-Banner-600x336.jpg 600w\" sizes=\"(max-width: 1000px) 100vw, 1000px\" \/><figcaption id=\"caption-attachment-2785\" class=\"wp-caption-text\">Banners de vinil dupla face<\/figcaption><\/figure>","protected":false},"featured_media":2792,"template":"","meta":{"_kad_post_transparent":"default","_kad_post_title":"hide","_kad_post_layout":"fullwidth","_kad_post_sidebar_id":"","_kad_post_content_style":"unboxed","_kad_post_vertical_padding":"hide","_kad_post_feature":"hide","_kad_post_feature_position":"","_kad_post_header":false,"_kad_post_footer":false},"product_cat":[85,90,91,89],"product_tag":[644,645,643],"class_list":{"0":"post-2790","1":"product","2":"type-product","3":"status-publish","4":"has-post-thumbnail","6":"product_cat-outdoor-vinyl-banners","7":"product_cat-glossy-pvc-banners","8":"product_cat-matte-vinyl-banners","9":"product_cat-pvc-banners","10":"product_tag-18-oz-vinyl-banners","11":"product_tag-double-sided-banners","12":"product_tag-double-sided-vinyl-banners","14":"first","15":"instock","16":"shipping-taxable","17":"product-type-simple","18":"entry","19":"content-bg","20":"loop-entry"},"_links":{"self":[{"href":"https:\/\/cmykprinted.com\/pt\/wp-json\/wp\/v2\/product\/2790","targetHints":{"allow":["GET"]}}],"collection":[{"href":"https:\/\/cmykprinted.com\/pt\/wp-json\/wp\/v2\/product"}],"about":[{"href":"https:\/\/cmykprinted.com\/pt\/wp-json\/wp\/v2\/types\/product"}],"version-history":[{"count":1,"href":"https:\/\/cmykprinted.com\/pt\/wp-json\/wp\/v2\/product\/2790\/revisions"}],"predecessor-version":[{"id":2796,"href":"https:\/\/cmykprinted.com\/pt\/wp-json\/wp\/v2\/product\/2790\/revisions\/2796"}],"wp:featuredmedia":[{"embeddable":true,"href":"https:\/\/cmykprinted.com\/pt\/wp-json\/wp\/v2\/media\/2792"}],"wp:attachment":[{"href":"https:\/\/cmykprinted.com\/pt\/wp-json\/wp\/v2\/media?parent=2790"}],"wp:term":[{"taxonomy":"product_cat","embeddable":true,"href":"https:\/\/cmykprinted.com\/pt\/wp-json\/wp\/v2\/product_cat?post=2790"},{"taxonomy":"product_tag","embeddable":true,"href":"https:\/\/cmykprinted.com\/pt\/wp-json\/wp\/v2\/product_tag?post=2790"}],"curies":[{"name":"wp","href":"https:\/\/api.w.org\/{rel}","templated":true}]}}