{"id":2837,"date":"2025-07-19T09:37:38","date_gmt":"2025-07-19T09:37:38","guid":{"rendered":"https:\/\/cmykprinted.com\/?post_type=product&#038;p=2837"},"modified":"2025-07-19T09:37:39","modified_gmt":"2025-07-19T09:37:39","slug":"transfer-stickers-for-metal","status":"publish","type":"product","link":"https:\/\/cmykprinted.com\/pt\/produto\/adesivos-de-transferencia-para-metal\/","title":{"rendered":"Adesivos de transfer\u00eancia personalizados para metal de fabricante chin\u00eas"},"content":{"rendered":"","protected":false},"excerpt":{"rendered":"<p>Descubra adesivos de transfer\u00eancia de alta qualidade para metal de um fabricante chin\u00eas confi\u00e1vel, projetados para oferecer um acabamento limpo e profissional para suas necessidades de identidade visual e decora\u00e7\u00e3o. Esses adesivos s\u00e3o especialmente projetados para aderir com seguran\u00e7a a superf\u00edcies met\u00e1licas como a\u00e7o inoxid\u00e1vel, alum\u00ednio e metais revestidos, tornando-os ideais para uso em eletrodom\u00e9sticos, m\u00e1quinas, ferramentas, placas de identifica\u00e7\u00e3o, eletr\u00f4nicos e muito mais.<\/p>\n<p>Fabricados com precis\u00e3o, nossos adesivos de transfer\u00eancia n\u00e3o t\u00eam fundo, deixando apenas o logotipo, o design ou o texto diretamente na superf\u00edcie. Isso garante uma apar\u00eancia elegante e uniforme que imita a apar\u00eancia de uma impress\u00e3o ou grava\u00e7\u00e3o personalizada a um custo muito menor. S\u00e3o feitos com materiais dur\u00e1veis que resistem ao desbotamento, a arranh\u00f5es e \u00e0 exposi\u00e7\u00e3o \u00e0s intemp\u00e9ries, proporcionando resultados duradouros tanto em ambientes internos quanto externos.<\/p>\n<p>Como fornecedor l\u00edder na China, oferecemos pre\u00e7os competitivos, produ\u00e7\u00e3o r\u00e1pida e op\u00e7\u00f5es flex\u00edveis de personaliza\u00e7\u00e3o, incluindo acabamentos met\u00e1licos, foscos, brilhantes e transparentes. Seja para pequenos lotes para personaliza\u00e7\u00e3o de marcas pr\u00f3prias ou pedidos em grandes quantidades para uso industrial, nossa f\u00e1brica pode atender \u00e0s suas especifica\u00e7\u00f5es exatas com op\u00e7\u00f5es confi\u00e1veis de envio DDP para todo o mundo.<\/p>\n<p>Ideais para etiquetagem de produtos, brindes corporativos, branding promocional e muito mais \u2014 nossos adesivos de transfer\u00eancia para metal oferecem uma solu\u00e7\u00e3o inteligente e elegante a um pre\u00e7o acess\u00edvel.<\/p>\n<figure id=\"attachment_2838\" aria-describedby=\"caption-attachment-2838\" style=\"width: 500px\" class=\"wp-caption alignnone\"><img fetchpriority=\"high\" decoding=\"async\" class=\"size-full wp-image-2838\" src=\"https:\/\/cmykprinted.com\/wp-content\/uploads\/2025\/07\/Transfer-Stickers-for-Metal.jpg\" alt=\"Adesivos de transfer\u00eancia para metal\" width=\"500\" height=\"500\" srcset=\"https:\/\/cmykprinted.com\/wp-content\/uploads\/2025\/07\/Transfer-Stickers-for-Metal.jpg 500w, https:\/\/cmykprinted.com\/wp-content\/uploads\/2025\/07\/Transfer-Stickers-for-Metal-300x300.jpg 300w, https:\/\/cmykprinted.com\/wp-content\/uploads\/2025\/07\/Transfer-Stickers-for-Metal-150x150.jpg 150w, https:\/\/cmykprinted.com\/wp-content\/uploads\/2025\/07\/Transfer-Stickers-for-Metal-12x12.jpg 12w, https:\/\/cmykprinted.com\/wp-content\/uploads\/2025\/07\/Transfer-Stickers-for-Metal-100x100.jpg 100w\" sizes=\"(max-width: 500px) 100vw, 500px\" \/><figcaption id=\"caption-attachment-2838\" class=\"wp-caption-text\">Adesivos de transfer\u00eancia para metal<\/figcaption><\/figure>","protected":false},"featured_media":2839,"template":"","meta":{"_kad_post_transparent":"default","_kad_post_title":"hide","_kad_post_layout":"fullwidth","_kad_post_sidebar_id":"","_kad_post_content_style":"unboxed","_kad_post_vertical_padding":"hide","_kad_post_feature":"hide","_kad_post_feature_position":"","_kad_post_header":false,"_kad_post_footer":false},"product_cat":[101,102],"product_tag":[454,657,658],"class_list":{"0":"post-2837","1":"product","2":"type-product","3":"status-publish","4":"has-post-thumbnail","6":"product_cat-transfer-stickers","7":"product_cat-metal-transfer-stickers","8":"product_tag-custom-transfer-stickers","9":"product_tag-transfer-stickers","10":"product_tag-transfer-stickers-for-metal","12":"first","13":"instock","14":"shipping-taxable","15":"product-type-simple","16":"entry","17":"content-bg","18":"loop-entry"},"_links":{"self":[{"href":"https:\/\/cmykprinted.com\/pt\/wp-json\/wp\/v2\/product\/2837","targetHints":{"allow":["GET"]}}],"collection":[{"href":"https:\/\/cmykprinted.com\/pt\/wp-json\/wp\/v2\/product"}],"about":[{"href":"https:\/\/cmykprinted.com\/pt\/wp-json\/wp\/v2\/types\/product"}],"version-history":[{"count":1,"href":"https:\/\/cmykprinted.com\/pt\/wp-json\/wp\/v2\/product\/2837\/revisions"}],"predecessor-version":[{"id":2844,"href":"https:\/\/cmykprinted.com\/pt\/wp-json\/wp\/v2\/product\/2837\/revisions\/2844"}],"wp:featuredmedia":[{"embeddable":true,"href":"https:\/\/cmykprinted.com\/pt\/wp-json\/wp\/v2\/media\/2839"}],"wp:attachment":[{"href":"https:\/\/cmykprinted.com\/pt\/wp-json\/wp\/v2\/media?parent=2837"}],"wp:term":[{"taxonomy":"product_cat","embeddable":true,"href":"https:\/\/cmykprinted.com\/pt\/wp-json\/wp\/v2\/product_cat?post=2837"},{"taxonomy":"product_tag","embeddable":true,"href":"https:\/\/cmykprinted.com\/pt\/wp-json\/wp\/v2\/product_tag?post=2837"}],"curies":[{"name":"wp","href":"https:\/\/api.w.org\/{rel}","templated":true}]}}