{"id":2866,"date":"2025-10-30T09:12:11","date_gmt":"2025-10-30T09:12:11","guid":{"rendered":"https:\/\/cmykprinted.com\/?post_type=product&#038;p=2866"},"modified":"2025-10-30T09:12:11","modified_gmt":"2025-10-30T09:12:11","slug":"collapsible-trade-show-displays","status":"publish","type":"product","link":"https:\/\/cmykprinted.com\/pt\/produto\/expositores-dobraveis-para-feiras\/","title":{"rendered":"Displays dobr\u00e1veis \u200b\u200bde alta qualidade para feiras e exposi\u00e7\u00f5es com ilumina\u00e7\u00e3o LED."},"content":{"rendered":"","protected":false},"excerpt":{"rendered":"<p>Destaque sua marca em todas as feiras e exposi\u00e7\u00f5es com nossos displays dobr\u00e1veis \u200b\u200bde alta qualidade com ilumina\u00e7\u00e3o LED \u2014 a combina\u00e7\u00e3o perfeita de portabilidade, profissionalismo e impacto visual. Projetados para profissionais de marketing modernos que precisam de montagem r\u00e1pida e destaque imediato, esses displays contam com estruturas leves de alum\u00ednio e pain\u00e9is gr\u00e1ficos em tecido tensionado premium que proporcionam imagens impressionantes e sem rugas.<\/p>\n<p>Com uma estrutura dobr\u00e1vel inovadora, a montagem e desmontagem levam apenas alguns minutos \u2014 sem necessidade de ferramentas. Uma vez montada, a estrutura dur\u00e1vel proporciona uma base s\u00f3lida, enquanto o sistema de ilumina\u00e7\u00e3o LED integrado garante que os elementos gr\u00e1ficos da sua marca sejam brilhantemente iluminados, atraindo a aten\u00e7\u00e3o mesmo nos ambientes mais concorridos de feiras comerciais.<\/p>\n<p>Ideais para feiras comerciais, exposi\u00e7\u00f5es, conven\u00e7\u00f5es e promo\u00e7\u00f5es no varejo, esses displays s\u00e3o f\u00e1ceis de embalar, transportar e reutilizar, tornando-os um investimento econ\u00f4mico a longo prazo. As op\u00e7\u00f5es de impress\u00e3o personalizadas permitem que voc\u00ea exiba as cores, logotipos e mensagens de marketing da sua empresa com cores vibrantes e alta defini\u00e7\u00e3o.<\/p>\n<p>Seja para lan\u00e7ar um novo produto, fortalecer a marca ou interagir com clientes pessoalmente, nossos displays de LED dobr\u00e1veis \u200b\u200bpara feiras e eventos oferecem o m\u00e1ximo impacto com o m\u00ednimo esfor\u00e7o. Impressione seu p\u00fablico, aumente a visibilidade da sua marca e crie uma apresenta\u00e7\u00e3o profissional que realmente se destaque \u2014 a qualquer hora, em qualquer lugar.<\/p>\n<div style=\"width: 720px;\" class=\"wp-video\"><!--[if lt IE 9]><script>document.createElement('video');<\/script><![endif]--><br \/>\n<video class=\"wp-video-shortcode\" id=\"video-2866-1\" width=\"720\" height=\"1280\" preload=\"metadata\" controls=\"controls\"><source type=\"video\/mp4\" src=\"https:\/\/cmykprinted.com\/wp-content\/uploads\/2025\/10\/Collapsible-Trade-Show-Displays.mp4?_=1\" \/><a href=\"https:\/\/cmykprinted.com\/wp-content\/uploads\/2025\/10\/Collapsible-Trade-Show-Displays.mp4\">https:\/\/cmykprinted.com\/wp-content\/uploads\/2025\/10\/Collapsible-Trade-Show-Displays.mp4<\/a><\/video><\/div>","protected":false},"featured_media":2868,"template":"","meta":{"_kad_post_transparent":"default","_kad_post_title":"hide","_kad_post_layout":"fullwidth","_kad_post_sidebar_id":"","_kad_post_content_style":"unboxed","_kad_post_vertical_padding":"hide","_kad_post_feature":"hide","_kad_post_feature_position":"","_kad_post_header":false,"_kad_post_footer":false},"product_cat":[97,99],"product_tag":[665,667,668,666],"class_list":{"0":"post-2866","1":"product","2":"type-product","3":"status-publish","4":"has-post-thumbnail","6":"product_cat-tension-fabric-displays","7":"product_cat-custom-fabric-displays","8":"product_tag-collapsible-trade-show-displays","9":"product_tag-top-quality-collapsible-trade-show-displays","10":"product_tag-trade-show-displays","11":"product_tag-trade-show-displays-with-led-light","13":"first","14":"instock","15":"shipping-taxable","16":"product-type-simple","17":"entry","18":"content-bg","19":"loop-entry"},"_links":{"self":[{"href":"https:\/\/cmykprinted.com\/pt\/wp-json\/wp\/v2\/product\/2866","targetHints":{"allow":["GET"]}}],"collection":[{"href":"https:\/\/cmykprinted.com\/pt\/wp-json\/wp\/v2\/product"}],"about":[{"href":"https:\/\/cmykprinted.com\/pt\/wp-json\/wp\/v2\/types\/product"}],"version-history":[{"count":1,"href":"https:\/\/cmykprinted.com\/pt\/wp-json\/wp\/v2\/product\/2866\/revisions"}],"predecessor-version":[{"id":2875,"href":"https:\/\/cmykprinted.com\/pt\/wp-json\/wp\/v2\/product\/2866\/revisions\/2875"}],"wp:featuredmedia":[{"embeddable":true,"href":"https:\/\/cmykprinted.com\/pt\/wp-json\/wp\/v2\/media\/2868"}],"wp:attachment":[{"href":"https:\/\/cmykprinted.com\/pt\/wp-json\/wp\/v2\/media?parent=2866"}],"wp:term":[{"taxonomy":"product_cat","embeddable":true,"href":"https:\/\/cmykprinted.com\/pt\/wp-json\/wp\/v2\/product_cat?post=2866"},{"taxonomy":"product_tag","embeddable":true,"href":"https:\/\/cmykprinted.com\/pt\/wp-json\/wp\/v2\/product_tag?post=2866"}],"curies":[{"name":"wp","href":"https:\/\/api.w.org\/{rel}","templated":true}]}}