{"id":393,"date":"2022-12-03T03:54:51","date_gmt":"2022-12-03T03:54:51","guid":{"rendered":"https:\/\/cmykprinted.com\/?post_type=product&#038;p=393"},"modified":"2022-12-09T09:14:36","modified_gmt":"2022-12-09T09:14:36","slug":"custom-printed-advertising-promotional-beach-feather-flag","status":"publish","type":"product","link":"https:\/\/cmykprinted.com\/pt\/produto\/custom-printed-advertising-promotional-beach-feather-flag\/","title":{"rendered":"Bandeira de praia promocional com penas impressas personalizadas"},"content":{"rendered":"","protected":false},"excerpt":{"rendered":"<p>Tentando se destacar em uma rua movimentada ou em feiras lotadas? Bandeiras personalizadas em negrito s\u00e3o uma maneira comprovada de chamar a aten\u00e7\u00e3o para nossos neg\u00f3cios em um mercado de agricultores, feira comercial ou food truck. Eles tamb\u00e9m s\u00e3o marketing eficaz e de alta visibilidade \u2013 uma oportunidade de fazer com que o nome, o logotipo e as cores de sua empresa sejam notados pelos pedestres e pelo tr\u00e1fego rodovi\u00e1rio. Nossas bandeiras publicit\u00e1rias v\u00eam com tudo o que voc\u00ea precisa para montar em uma superf\u00edcie plana. Seu pacote incluir\u00e1 uma bandeira de poli\u00e9ster resistente \u00e0s intemp\u00e9ries, fibra de vidro e poste de alum\u00ednio, uma base de estaca de aterramento e at\u00e9 mesmo um estojo macio para facilitar o transporte. Explore nossa galeria de modelos de sinalizadores personalizados, incluindo op\u00e7\u00f5es espec\u00edficas do setor e de eventos. Depois de encontrar uma op\u00e7\u00e3o favorita, adicione seus detalhes personalizados em nosso est\u00fadio de design online. N\u00f3s cuidaremos do resto, imprimindo e despachando seu pedido de forma profissional. Sua bandeira de publicidade chegar\u00e1 com \u00f3tima apar\u00eancia e pronta para come\u00e7ar a chamar a aten\u00e7\u00e3o.<\/p>\n<div style=\"width: 1280px;\" class=\"wp-video\"><!--[if lt IE 9]><script>document.createElement('video');<\/script><![endif]--><br \/>\n<video class=\"wp-video-shortcode\" id=\"video-393-1\" width=\"1280\" height=\"720\" loop autoplay preload=\"auto\" controls=\"controls\"><source type=\"video\/mp4\" src=\"http:\/\/cmykprinted.com\/wp-content\/uploads\/2022\/12\/Custom-Printed-Advertising-Promotional-Beach-Feather-Flag.mp4?_=1\" \/><a href=\"http:\/\/cmykprinted.com\/wp-content\/uploads\/2022\/12\/Custom-Printed-Advertising-Promotional-Beach-Feather-Flag.mp4\">http:\/\/cmykprinted.com\/wp-content\/uploads\/2022\/12\/Custom-Printed-Advertising-Promotional-Beach-Feather-Flag.mp4<\/a><\/video><\/div>","protected":false},"featured_media":394,"template":"","meta":{"_kad_post_transparent":"default","_kad_post_title":"hide","_kad_post_layout":"fullwidth","_kad_post_sidebar_id":"","_kad_post_content_style":"unboxed","_kad_post_vertical_padding":"hide","_kad_post_feature":"hide","_kad_post_feature_position":"","_kad_post_header":false,"_kad_post_footer":false},"product_cat":[64,65,66,67],"product_tag":[107,104,105,106,108],"class_list":{"0":"post-393","1":"product","2":"type-product","3":"status-publish","4":"has-post-thumbnail","6":"product_cat-beach-flags","7":"product_cat-feather-flags-banners","8":"product_cat-rectangular-flags-banners","9":"product_cat-teardrop-flags-banners","10":"product_tag-advertising-beach-flag","11":"product_tag-beach-feather-flag","12":"product_tag-custom-beach-flag","13":"product_tag-custom-beach-flag-feather-flag","14":"product_tag-promotional-beach-flag","16":"first","17":"instock","18":"shipping-taxable","19":"product-type-simple","20":"entry","21":"content-bg","22":"loop-entry"},"_links":{"self":[{"href":"https:\/\/cmykprinted.com\/pt\/wp-json\/wp\/v2\/product\/393","targetHints":{"allow":["GET"]}}],"collection":[{"href":"https:\/\/cmykprinted.com\/pt\/wp-json\/wp\/v2\/product"}],"about":[{"href":"https:\/\/cmykprinted.com\/pt\/wp-json\/wp\/v2\/types\/product"}],"version-history":[{"count":3,"href":"https:\/\/cmykprinted.com\/pt\/wp-json\/wp\/v2\/product\/393\/revisions"}],"predecessor-version":[{"id":433,"href":"https:\/\/cmykprinted.com\/pt\/wp-json\/wp\/v2\/product\/393\/revisions\/433"}],"wp:featuredmedia":[{"embeddable":true,"href":"https:\/\/cmykprinted.com\/pt\/wp-json\/wp\/v2\/media\/394"}],"wp:attachment":[{"href":"https:\/\/cmykprinted.com\/pt\/wp-json\/wp\/v2\/media?parent=393"}],"wp:term":[{"taxonomy":"product_cat","embeddable":true,"href":"https:\/\/cmykprinted.com\/pt\/wp-json\/wp\/v2\/product_cat?post=393"},{"taxonomy":"product_tag","embeddable":true,"href":"https:\/\/cmykprinted.com\/pt\/wp-json\/wp\/v2\/product_tag?post=393"}],"curies":[{"name":"wp","href":"https:\/\/api.w.org\/{rel}","templated":true}]}}