{"id":590,"date":"2022-12-19T03:28:56","date_gmt":"2022-12-19T03:28:56","guid":{"rendered":"https:\/\/cmykprinted.com\/?post_type=product&#038;p=590"},"modified":"2022-12-19T05:12:32","modified_gmt":"2022-12-19T05:12:32","slug":"high-quality-custom-uv-transfer-stickers-in-various-colors","status":"publish","type":"product","link":"https:\/\/cmykprinted.com\/pt\/produto\/high-quality-custom-uv-transfer-stickers-in-various-colors\/","title":{"rendered":"Adesivos de transfer\u00eancia UV personalizados de alta qualidade em v\u00e1rias cores"},"content":{"rendered":"","protected":false},"excerpt":{"rendered":"<p>Nossos adesivos de transfer\u00eancia UV personalizados s\u00e3o uma maneira excelente e econ\u00f4mica de promover o seu neg\u00f3cio ou adicionar um toque pessoal ao seu ve\u00edculo. Com mais de 50 materiais e cores especiais para escolher, incluindo op\u00e7\u00f5es reflexivas, brilhantes e hologr\u00e1ficas, voc\u00ea pode criar o adesivo de transfer\u00eancia perfeito para atender \u00e0s suas necessidades. Quer pretenda utilizar os ve\u00edculos da sua empresa para publicitar o seu neg\u00f3cio, marca ou grupo, ou apenas pretenda adicionar alguma personalidade ao seu autom\u00f3vel, os nossos autocolantes personalizados s\u00e3o uma excelente escolha. Al\u00e9m disso, nossa ferramenta de design f\u00e1cil de usar simplifica a cria\u00e7\u00e3o de decalques personalizados \u00e9picos e em movimento que far\u00e3o voc\u00ea ser notado onde quer que v\u00e1. Ent\u00e3o, por que esperar? Comece a criar seus adesivos de transfer\u00eancia UV personalizados hoje e leve seus esfor\u00e7os de marketing para o pr\u00f3ximo n\u00edvel!<\/p>\n<div style=\"width: 1290px;\" class=\"wp-video\"><!--[if lt IE 9]><script>document.createElement('video');<\/script><![endif]--><br \/>\n<video class=\"wp-video-shortcode\" id=\"video-590-1\" width=\"1290\" height=\"726\" loop autoplay preload=\"auto\" controls=\"controls\"><source type=\"video\/mp4\" src=\"http:\/\/cmykprinted.com\/wp-content\/uploads\/2022\/12\/UV-Transfer-Stickers.mp4?_=1\" \/><a href=\"http:\/\/cmykprinted.com\/wp-content\/uploads\/2022\/12\/UV-Transfer-Stickers.mp4\">http:\/\/cmykprinted.com\/wp-content\/uploads\/2022\/12\/UV-Transfer-Stickers.mp4<\/a><\/video><\/div>\n<p>&nbsp;<\/p>","protected":false},"featured_media":591,"template":"","meta":{"_kad_post_transparent":"default","_kad_post_title":"hide","_kad_post_layout":"fullwidth","_kad_post_sidebar_id":"","_kad_post_content_style":"unboxed","_kad_post_vertical_padding":"hide","_kad_post_feature":"hide","_kad_post_feature_position":"","_kad_post_header":false,"_kad_post_footer":false},"product_cat":[101,103],"product_tag":[139,141,140,138],"class_list":{"0":"post-590","1":"product","2":"type-product","3":"status-publish","4":"has-post-thumbnail","6":"product_cat-transfer-stickers","7":"product_cat-uv-transfer-stickers","8":"product_tag-custom-uv-sticker","9":"product_tag-custom-uv-transfer-stickers","10":"product_tag-high-quality-transfer-stickers","11":"product_tag-uv-transfer-stickers","13":"first","14":"instock","15":"shipping-taxable","16":"product-type-simple","17":"entry","18":"content-bg","19":"loop-entry"},"_links":{"self":[{"href":"https:\/\/cmykprinted.com\/pt\/wp-json\/wp\/v2\/product\/590","targetHints":{"allow":["GET"]}}],"collection":[{"href":"https:\/\/cmykprinted.com\/pt\/wp-json\/wp\/v2\/product"}],"about":[{"href":"https:\/\/cmykprinted.com\/pt\/wp-json\/wp\/v2\/types\/product"}],"version-history":[{"count":3,"href":"https:\/\/cmykprinted.com\/pt\/wp-json\/wp\/v2\/product\/590\/revisions"}],"predecessor-version":[{"id":598,"href":"https:\/\/cmykprinted.com\/pt\/wp-json\/wp\/v2\/product\/590\/revisions\/598"}],"wp:featuredmedia":[{"embeddable":true,"href":"https:\/\/cmykprinted.com\/pt\/wp-json\/wp\/v2\/media\/591"}],"wp:attachment":[{"href":"https:\/\/cmykprinted.com\/pt\/wp-json\/wp\/v2\/media?parent=590"}],"wp:term":[{"taxonomy":"product_cat","embeddable":true,"href":"https:\/\/cmykprinted.com\/pt\/wp-json\/wp\/v2\/product_cat?post=590"},{"taxonomy":"product_tag","embeddable":true,"href":"https:\/\/cmykprinted.com\/pt\/wp-json\/wp\/v2\/product_tag?post=590"}],"curies":[{"name":"wp","href":"https:\/\/api.w.org\/{rel}","templated":true}]}}