{"id":599,"date":"2022-12-21T12:16:59","date_gmt":"2022-12-21T12:16:59","guid":{"rendered":"https:\/\/cmykprinted.com\/?post_type=product&#038;p=599"},"modified":"2022-12-21T13:11:04","modified_gmt":"2022-12-21T13:11:04","slug":"outdoor-promotional-custom-rectangular-beach-flags-banners","status":"publish","type":"product","link":"https:\/\/cmykprinted.com\/pt\/produto\/outdoor-promotional-custom-rectangular-beach-flags-banners\/","title":{"rendered":"Bandeiras de praia retangulares personalizadas promocionais para exteriores"},"content":{"rendered":"","protected":false},"excerpt":{"rendered":"<p>Ao contr\u00e1rio de outros produtos de impress\u00e3o de bandeiras, a Beach Flag Retangular permanece reta e tensionada e n\u00e3o gira com o vento, mesmo nas condi\u00e7\u00f5es mais tempestuosas. Isso se deve ao seu design e constru\u00e7\u00e3o exclusivos, que utilizam materiais leves e dur\u00e1veis e uma base robusta para manter a bandeira ereta e est\u00e1vel. Conhecido tamb\u00e9m como banner voador, este beachflag espec\u00edfico \u00e9 ideal para uso em situa\u00e7\u00f5es em que \u00e9 importante ter um texto claramente leg\u00edvel no material publicit\u00e1rio. Essas bandeiras impressas s\u00e3o uma forma popular de publicidade para feiras, eventos e outras reuni\u00f5es ao ar livre e s\u00e3o adequadas para uso interno e externo. A op\u00e7\u00e3o frente e verso, na qual a bandeira \u00e9 impressa em ambos os lados, est\u00e1 dispon\u00edvel para m\u00e1ximo impacto e visibilidade e \u00e9 especialmente \u00fatil em situa\u00e7\u00f5es em que a bandeira ser\u00e1 vista de v\u00e1rios \u00e2ngulos. Para mais informa\u00e7\u00f5es sobre os v\u00e1rios tamanhos e bases dispon\u00edveis para estas bandeiras, consulte o separador de especifica\u00e7\u00f5es.<\/p>\n<div style=\"width: 1290px;\" class=\"wp-video\"><!--[if lt IE 9]><script>document.createElement('video');<\/script><![endif]--><br \/>\n<video class=\"wp-video-shortcode\" id=\"video-599-1\" width=\"1290\" height=\"726\" loop autoplay preload=\"auto\" controls=\"controls\"><source type=\"video\/mp4\" src=\"http:\/\/cmykprinted.com\/wp-content\/uploads\/2022\/12\/Rectangular-Beach-Flags.mp4?_=1\" \/><a href=\"http:\/\/cmykprinted.com\/wp-content\/uploads\/2022\/12\/Rectangular-Beach-Flags.mp4\">http:\/\/cmykprinted.com\/wp-content\/uploads\/2022\/12\/Rectangular-Beach-Flags.mp4<\/a><\/video><\/div>","protected":false},"featured_media":600,"template":"","meta":{"_kad_post_transparent":"default","_kad_post_title":"hide","_kad_post_layout":"fullwidth","_kad_post_sidebar_id":"","_kad_post_content_style":"unboxed","_kad_post_vertical_padding":"hide","_kad_post_feature":"hide","_kad_post_feature_position":"","_kad_post_header":false,"_kad_post_footer":false},"product_cat":[64,66],"product_tag":[144,142,146,143,145],"class_list":{"0":"post-599","1":"product","2":"type-product","3":"status-publish","4":"has-post-thumbnail","6":"product_cat-beach-flags","7":"product_cat-rectangular-flags-banners","8":"product_tag-custom-beach-flags","9":"product_tag-outdoor-beach-flags","10":"product_tag-outdoor-promotional-beach-banners","11":"product_tag-promotional-beach-flags","12":"product_tag-rectangular-beach-flags","14":"first","15":"instock","16":"shipping-taxable","17":"product-type-simple","18":"entry","19":"content-bg","20":"loop-entry"},"_links":{"self":[{"href":"https:\/\/cmykprinted.com\/pt\/wp-json\/wp\/v2\/product\/599","targetHints":{"allow":["GET"]}}],"collection":[{"href":"https:\/\/cmykprinted.com\/pt\/wp-json\/wp\/v2\/product"}],"about":[{"href":"https:\/\/cmykprinted.com\/pt\/wp-json\/wp\/v2\/types\/product"}],"version-history":[{"count":5,"href":"https:\/\/cmykprinted.com\/pt\/wp-json\/wp\/v2\/product\/599\/revisions"}],"predecessor-version":[{"id":611,"href":"https:\/\/cmykprinted.com\/pt\/wp-json\/wp\/v2\/product\/599\/revisions\/611"}],"wp:featuredmedia":[{"embeddable":true,"href":"https:\/\/cmykprinted.com\/pt\/wp-json\/wp\/v2\/media\/600"}],"wp:attachment":[{"href":"https:\/\/cmykprinted.com\/pt\/wp-json\/wp\/v2\/media?parent=599"}],"wp:term":[{"taxonomy":"product_cat","embeddable":true,"href":"https:\/\/cmykprinted.com\/pt\/wp-json\/wp\/v2\/product_cat?post=599"},{"taxonomy":"product_tag","embeddable":true,"href":"https:\/\/cmykprinted.com\/pt\/wp-json\/wp\/v2\/product_tag?post=599"}],"curies":[{"name":"wp","href":"https:\/\/api.w.org\/{rel}","templated":true}]}}