{"id":692,"date":"2022-12-29T10:09:13","date_gmt":"2022-12-29T10:09:13","guid":{"rendered":"https:\/\/cmykprinted.com\/?post_type=product&#038;p=692"},"modified":"2022-12-29T10:44:20","modified_gmt":"2022-12-29T10:44:20","slug":"double-sided-printed-advertising-beach-teardrop-flags-banner","status":"publish","type":"product","link":"https:\/\/cmykprinted.com\/pt\/produto\/double-sided-printed-advertising-beach-teardrop-flags-banner\/","title":{"rendered":"Banner de bandeiras de l\u00e1grima de publicidade impressa frente e verso"},"content":{"rendered":"","protected":false},"excerpt":{"rendered":"<p>As bandeiras de l\u00e1grima, tamb\u00e9m conhecidas como bandeiras de l\u00e1grima ou bandeiras de penas de l\u00e1grima, s\u00e3o um tipo de bandeira grande em forma de l\u00e1grima usada para fins de publicidade e marketing. Eles s\u00e3o feitos imprimindo um design personalizado na bandeira usando um processo de sublima\u00e7\u00e3o de tinta, que permite gr\u00e1ficos vibrantes e de alta qualidade. As bandeiras s\u00e3o presas a um mastro leve de alum\u00ednio e fibra de vidro, que \u00e9 dobr\u00e1vel e ajuda a manter a bandeira esticada mesmo em condi\u00e7\u00f5es de vento. O mastro pode ser cravado no ch\u00e3o ou colocado em um estande de bandeira, dependendo das necessidades e prefer\u00eancias espec\u00edficas do usu\u00e1rio.<br \/>\nUsar um banner em forma de l\u00e1grima na frente de sua loja ou empresa pode ser uma maneira eficaz de atrair a aten\u00e7\u00e3o de clientes em potencial e outros transeuntes. Essas bandeiras s\u00e3o atraentes e podem ajudar a promover efetivamente sua empresa e seus produtos ou servi\u00e7os. Os banners de bandeira Teardrop tamb\u00e9m s\u00e3o vers\u00e1teis e podem ser usados em uma variedade de configura\u00e7\u00f5es, incluindo feiras, eventos ao ar livre e vitrines. Ao escolher um design personalizado que reflita com precis\u00e3o a marca e a mensagem de sua empresa, voc\u00ea pode comunicar sua mensagem com efici\u00eancia e causar uma forte impress\u00e3o em seu p\u00fablico-alvo.<\/p>\n<div style=\"width: 1280px;\" class=\"wp-video\"><!--[if lt IE 9]><script>document.createElement('video');<\/script><![endif]--><br \/>\n<video class=\"wp-video-shortcode\" id=\"video-692-1\" width=\"1280\" height=\"720\" loop autoplay preload=\"metadata\" controls=\"controls\"><source type=\"video\/mp4\" src=\"http:\/\/cmykprinted.com\/wp-content\/uploads\/2022\/12\/Beach-Teardrop-Flags-Banner.mp4?_=1\" \/><a href=\"http:\/\/cmykprinted.com\/wp-content\/uploads\/2022\/12\/Beach-Teardrop-Flags-Banner.mp4\">http:\/\/cmykprinted.com\/wp-content\/uploads\/2022\/12\/Beach-Teardrop-Flags-Banner.mp4<\/a><\/video><\/div>","protected":false},"featured_media":693,"template":"","meta":{"_kad_post_transparent":"default","_kad_post_title":"hide","_kad_post_layout":"fullwidth","_kad_post_sidebar_id":"","_kad_post_content_style":"unboxed","_kad_post_vertical_padding":"hide","_kad_post_feature":"hide","_kad_post_feature_position":"","_kad_post_header":false,"_kad_post_footer":false},"product_cat":[64,67],"product_tag":[177,176,175,178],"class_list":{"0":"post-692","1":"product","2":"type-product","3":"status-publish","4":"has-post-thumbnail","6":"product_cat-beach-flags","7":"product_cat-teardrop-flags-banners","8":"product_tag-advertising-beach-flags","9":"product_tag-beach-teardrop-banner","10":"product_tag-beach-teardrop-flags","11":"product_tag-teardrop-flags","13":"first","14":"instock","15":"shipping-taxable","16":"product-type-simple","17":"entry","18":"content-bg","19":"loop-entry"},"_links":{"self":[{"href":"https:\/\/cmykprinted.com\/pt\/wp-json\/wp\/v2\/product\/692","targetHints":{"allow":["GET"]}}],"collection":[{"href":"https:\/\/cmykprinted.com\/pt\/wp-json\/wp\/v2\/product"}],"about":[{"href":"https:\/\/cmykprinted.com\/pt\/wp-json\/wp\/v2\/types\/product"}],"version-history":[{"count":4,"href":"https:\/\/cmykprinted.com\/pt\/wp-json\/wp\/v2\/product\/692\/revisions"}],"predecessor-version":[{"id":703,"href":"https:\/\/cmykprinted.com\/pt\/wp-json\/wp\/v2\/product\/692\/revisions\/703"}],"wp:featuredmedia":[{"embeddable":true,"href":"https:\/\/cmykprinted.com\/pt\/wp-json\/wp\/v2\/media\/693"}],"wp:attachment":[{"href":"https:\/\/cmykprinted.com\/pt\/wp-json\/wp\/v2\/media?parent=692"}],"wp:term":[{"taxonomy":"product_cat","embeddable":true,"href":"https:\/\/cmykprinted.com\/pt\/wp-json\/wp\/v2\/product_cat?post=692"},{"taxonomy":"product_tag","embeddable":true,"href":"https:\/\/cmykprinted.com\/pt\/wp-json\/wp\/v2\/product_tag?post=692"}],"curies":[{"name":"wp","href":"https:\/\/api.w.org\/{rel}","templated":true}]}}