{"id":704,"date":"2022-12-29T12:00:11","date_gmt":"2022-12-29T12:00:11","guid":{"rendered":"https:\/\/cmykprinted.com\/?post_type=product&#038;p=704"},"modified":"2022-12-29T15:39:11","modified_gmt":"2022-12-29T15:39:11","slug":"40mm-hexagonal-folding-aluminum-frame-10x15ft-pop-up-tent","status":"publish","type":"product","link":"https:\/\/cmykprinted.com\/pt\/produto\/40mm-hexagonal-folding-aluminum-frame-10x15ft-pop-up-tent\/","title":{"rendered":"Tenda dobr\u00e1vel hexagonal de alum\u00ednio de 40 mm, 10x15 p\u00e9s"},"content":{"rendered":"","protected":false},"excerpt":{"rendered":"<p>Este dossel pop-up tem uma estrutura mais forte feita de constru\u00e7\u00e3o de a\u00e7o aprimorada, com barras de treli\u00e7a maiores e uma viga refor\u00e7ada que mede 26 x 13 para maior resist\u00eancia e melhor resist\u00eancia ao vento. Os p\u00e9s de a\u00e7o t\u00eam dois furos para maior estabilidade. O dossel em si tem 10 \u00d7 15 p\u00e9s e oferece uma generosa sombra de 150 p\u00e9s quadrados, adequada para reuni\u00f5es de 8 a 13 pessoas. Pode ser usado em condi\u00e7\u00f5es de sol e chuva. A montagem do dossel \u00e9 f\u00e1cil, n\u00e3o requer ferramentas e leva apenas alguns minutos para uma pessoa concluir. Os tubos de suporte podem ser ajustados em tr\u00eas n\u00edveis diferentes para maior versatilidade. O dossel \u00e9 feito de poli\u00e9ster 300D com revestimento de PU que bloqueia aproximadamente 99% de raios UV e possui tiras imperme\u00e1veis. O dossel vem com um conjunto completo de acess\u00f3rios, incluindo uma bolsa de rodas, sacos de areia, plugues de aterramento, cordas de nylon e cintas. Esses acess\u00f3rios, assim como as pe\u00e7as de reposi\u00e7\u00e3o, est\u00e3o dispon\u00edveis por toda a vida.<\/p>\n<div style=\"width: 1280px;\" class=\"wp-video\"><!--[if lt IE 9]><script>document.createElement('video');<\/script><![endif]--><br \/>\n<video class=\"wp-video-shortcode\" id=\"video-704-1\" width=\"1280\" height=\"720\" loop autoplay preload=\"auto\" controls=\"controls\"><source type=\"video\/mp4\" src=\"http:\/\/cmykprinted.com\/wp-content\/uploads\/2022\/12\/10x15ft-Pop-up-Tent.mp4?_=1\" \/><a href=\"http:\/\/cmykprinted.com\/wp-content\/uploads\/2022\/12\/10x15ft-Pop-up-Tent.mp4\">http:\/\/cmykprinted.com\/wp-content\/uploads\/2022\/12\/10x15ft-Pop-up-Tent.mp4<\/a><\/video><\/div>","protected":false},"featured_media":705,"template":"","meta":{"_kad_post_transparent":"default","_kad_post_title":"hide","_kad_post_layout":"fullwidth","_kad_post_sidebar_id":"","_kad_post_content_style":"unboxed","_kad_post_vertical_padding":"hide","_kad_post_feature":"hide","_kad_post_feature_position":"","_kad_post_header":false,"_kad_post_footer":false},"product_cat":[68,71,69],"product_tag":[179,180,182,181],"class_list":{"0":"post-704","1":"product","2":"type-product","3":"status-publish","4":"has-post-thumbnail","6":"product_cat-custom-canopy-tents","7":"product_cat-10x15ft-pop-up-tents","8":"product_cat-40mm-hexagon-aluminum-tents","9":"product_tag-10x15ft-pop-up-tent","10":"product_tag-40mm-hexagonal-pop-up-tent","11":"product_tag-aluminum-frame-pop-up-tent","12":"product_tag-folding-pop-up-tent","14":"first","15":"instock","16":"shipping-taxable","17":"product-type-simple","18":"entry","19":"content-bg","20":"loop-entry"},"_links":{"self":[{"href":"https:\/\/cmykprinted.com\/pt\/wp-json\/wp\/v2\/product\/704","targetHints":{"allow":["GET"]}}],"collection":[{"href":"https:\/\/cmykprinted.com\/pt\/wp-json\/wp\/v2\/product"}],"about":[{"href":"https:\/\/cmykprinted.com\/pt\/wp-json\/wp\/v2\/types\/product"}],"version-history":[{"count":3,"href":"https:\/\/cmykprinted.com\/pt\/wp-json\/wp\/v2\/product\/704\/revisions"}],"predecessor-version":[{"id":714,"href":"https:\/\/cmykprinted.com\/pt\/wp-json\/wp\/v2\/product\/704\/revisions\/714"}],"wp:featuredmedia":[{"embeddable":true,"href":"https:\/\/cmykprinted.com\/pt\/wp-json\/wp\/v2\/media\/705"}],"wp:attachment":[{"href":"https:\/\/cmykprinted.com\/pt\/wp-json\/wp\/v2\/media?parent=704"}],"wp:term":[{"taxonomy":"product_cat","embeddable":true,"href":"https:\/\/cmykprinted.com\/pt\/wp-json\/wp\/v2\/product_cat?post=704"},{"taxonomy":"product_tag","embeddable":true,"href":"https:\/\/cmykprinted.com\/pt\/wp-json\/wp\/v2\/product_tag?post=704"}],"curies":[{"name":"wp","href":"https:\/\/api.w.org\/{rel}","templated":true}]}}