{"id":723,"date":"2022-12-30T02:47:50","date_gmt":"2022-12-30T02:47:50","guid":{"rendered":"https:\/\/cmykprinted.com\/?post_type=product&#038;p=723"},"modified":"2022-12-30T03:52:19","modified_gmt":"2022-12-30T03:52:19","slug":"all-weather-outdoor-advertising-pvc-mesh-banner-printing","status":"publish","type":"product","link":"https:\/\/cmykprinted.com\/pt\/produto\/all-weather-outdoor-advertising-pvc-mesh-banner-printing\/","title":{"rendered":"Impress\u00e3o de banners de malha de PVC para publicidade externa para todas as condi\u00e7\u00f5es clim\u00e1ticas"},"content":{"rendered":"","protected":false},"excerpt":{"rendered":"<p>Nosso banner de malha de PVC \u00e9 um material altamente especializado que foi projetado especificamente para resistir a ventos fortes e outras condi\u00e7\u00f5es externas adversas. As perfura\u00e7\u00f5es no material permitem a passagem do vento, reduzindo o risco de danos ao banner e minimizando as chances de rasg\u00e1-lo ou esvoa\u00e7\u00e1-lo.<br \/>\nAl\u00e9m de suas propriedades de resist\u00eancia ao vento, o banner de malha de PVC tamb\u00e9m \u00e9 extremamente leve, tornando-o f\u00e1cil de instalar e manusear. Isso o torna a escolha ideal para uma ampla gama de aplica\u00e7\u00f5es especiais onde \u00e9 necess\u00e1rio um material parcialmente transparente que permita a passagem de luz, som e ar.<br \/>\nAmbos os nossos Banners de malha e Banners de palco s\u00e3o impressos em PVC de malha ou material de tecido AIRTEC, ambos perfurados em todo o banner com um padr\u00e3o muito intenso de pequenos orif\u00edcios. Isso garante que os Stage Banners mantenham sua integridade estrutural e apelo visual, mesmo nos ambientes mais exigentes. Se voc\u00ea precisa de um banner para um evento ao ar livre, feira ou outra ocasi\u00e3o especial, nossa malha de PVC e Banners de palco s\u00e3o uma excelente escolha para todas as suas necessidades de banner.<\/p>\n<div style=\"width: 1280px;\" class=\"wp-video\"><!--[if lt IE 9]><script>document.createElement('video');<\/script><![endif]--><br \/>\n<video class=\"wp-video-shortcode\" id=\"video-723-1\" width=\"1280\" height=\"720\" loop autoplay preload=\"metadata\" controls=\"controls\"><source type=\"video\/mp4\" src=\"http:\/\/cmykprinted.com\/wp-content\/uploads\/2022\/12\/PVC-Mesh-Banner.mp4?_=1\" \/><a href=\"http:\/\/cmykprinted.com\/wp-content\/uploads\/2022\/12\/PVC-Mesh-Banner.mp4\">http:\/\/cmykprinted.com\/wp-content\/uploads\/2022\/12\/PVC-Mesh-Banner.mp4<\/a><\/video><\/div>","protected":false},"featured_media":724,"template":"","meta":{"_kad_post_transparent":"default","_kad_post_title":"hide","_kad_post_layout":"fullwidth","_kad_post_sidebar_id":"","_kad_post_content_style":"unboxed","_kad_post_vertical_padding":"hide","_kad_post_feature":"hide","_kad_post_feature_position":"","_kad_post_header":false,"_kad_post_footer":false},"product_cat":[85,90,91,89,88],"product_tag":[189,191,188,190,187],"class_list":{"0":"post-723","1":"product","2":"type-product","3":"status-publish","4":"has-post-thumbnail","6":"product_cat-outdoor-vinyl-banners","7":"product_cat-glossy-pvc-banners","8":"product_cat-matte-vinyl-banners","9":"product_cat-pvc-banners","10":"product_cat-pvc-mesh-banners","11":"product_tag-advertising-mesh-banner","12":"product_tag-all-weather-mesh-banner","13":"product_tag-mesh-banner-printing","14":"product_tag-outdoor-mesh-banner","15":"product_tag-pvc-mesh-banner","17":"first","18":"instock","19":"shipping-taxable","20":"product-type-simple","21":"entry","22":"content-bg","23":"loop-entry"},"_links":{"self":[{"href":"https:\/\/cmykprinted.com\/pt\/wp-json\/wp\/v2\/product\/723","targetHints":{"allow":["GET"]}}],"collection":[{"href":"https:\/\/cmykprinted.com\/pt\/wp-json\/wp\/v2\/product"}],"about":[{"href":"https:\/\/cmykprinted.com\/pt\/wp-json\/wp\/v2\/types\/product"}],"version-history":[{"count":2,"href":"https:\/\/cmykprinted.com\/pt\/wp-json\/wp\/v2\/product\/723\/revisions"}],"predecessor-version":[{"id":732,"href":"https:\/\/cmykprinted.com\/pt\/wp-json\/wp\/v2\/product\/723\/revisions\/732"}],"wp:featuredmedia":[{"embeddable":true,"href":"https:\/\/cmykprinted.com\/pt\/wp-json\/wp\/v2\/media\/724"}],"wp:attachment":[{"href":"https:\/\/cmykprinted.com\/pt\/wp-json\/wp\/v2\/media?parent=723"}],"wp:term":[{"taxonomy":"product_cat","embeddable":true,"href":"https:\/\/cmykprinted.com\/pt\/wp-json\/wp\/v2\/product_cat?post=723"},{"taxonomy":"product_tag","embeddable":true,"href":"https:\/\/cmykprinted.com\/pt\/wp-json\/wp\/v2\/product_tag?post=723"}],"curies":[{"name":"wp","href":"https:\/\/api.w.org\/{rel}","templated":true}]}}